{"id":8265,"date":"2025-03-06T17:04:48","date_gmt":"2025-03-06T16:04:48","guid":{"rendered":"https:\/\/claim-angels.com\/?page_id=8265"},"modified":"2025-03-12T15:34:11","modified_gmt":"2025-03-12T14:34:11","slug":"datenschutz","status":"publish","type":"page","link":"https:\/\/claim-angels.com\/nl\/datenschutz\/","title":{"rendered":"Gegevensbescherming"},"content":{"rendered":"<div class=\"wp-block-cover alignfull slider-wrapper2 has-base-color has-text-color has-link-color wp-elements-b089a002d492178b3d87e88408594307\" style=\"margin-top:0;margin-bottom:0;padding-top:0;padding-right:var(--wp--preset--spacing--50);padding-bottom:0;padding-left:var(--wp--preset--spacing--50)\"><span aria-hidden=\"true\" class=\"wp-block-cover__background has-contrast-background-color has-background-dim\"><\/span><img loading=\"lazy\" decoding=\"async\" width=\"1920\" height=\"1285\" class=\"wp-block-cover__image-background wp-image-7680\" alt=\"\" src=\"https:\/\/claim-angels.com\/wp-content\/uploads\/2025\/02\/hammer.jpg\" style=\"object-position:88% 62%\" data-object-fit=\"cover\" data-object-position=\"88% 62%\" srcset=\"https:\/\/claim-angels.com\/wp-content\/uploads\/2025\/02\/hammer.jpg 1920w, https:\/\/claim-angels.com\/wp-content\/uploads\/2025\/02\/hammer-300x201.jpg 300w, https:\/\/claim-angels.com\/wp-content\/uploads\/2025\/02\/hammer-1024x685.jpg 1024w, https:\/\/claim-angels.com\/wp-content\/uploads\/2025\/02\/hammer-768x514.jpg 768w, https:\/\/claim-angels.com\/wp-content\/uploads\/2025\/02\/hammer-1536x1028.jpg 1536w\" sizes=\"auto, (max-width: 1920px) 100vw, 1920px\" \/><div class=\"wp-block-cover__inner-container has-global-padding is-layout-constrained wp-container-core-cover-is-layout-1 wp-block-cover-is-layout-constrained\">\n<div class=\"wp-block-group alignwide is-layout-flow wp-block-group-is-layout-flow\">\n<div class=\"wp-block-uagb-advanced-heading uagb-block-fcfca36b\"><h1 class=\"uagb-heading-text\"><strong><strong>Gegevensbescherming<\/strong><\/strong><\/h1><\/div>\n<\/div>\n<\/div><\/div>\n\n\n\n<div class=\"wp-block-uagb-container uagb-block-11807894 default uagb-is-root-container\">\n<div class=\"wp-block-uagb-container uagb-block-7288466e default uagb-is-root-container\"><\/div>\n<\/div>\n\n\n\n<div class=\"wp-block-uagb-container uagb-block-f9b32e52 alignfull uagb-is-root-container\"><div class=\"uagb-container-inner-blocks-wrap\">\n<div class=\"wp-block-uagb-container uagb-block-553897f8\">\n<div class=\"wp-block-uagb-advanced-heading uagb-block-0397d445\"><p class=\"uagb-heading-text\"><strong>1. algemene informatie<\/strong><br><br>De bescherming van uw persoonlijke gegevens is belangrijk voor ons. In dit privacybeleid informeren wij u over welke persoonlijke gegevens wij verzamelen, hoe wij deze gebruiken en welke rechten u heeft met betrekking tot uw gegevens.<br><br>Je gegevens worden verwerkt in overeenstemming met de General Data Protection Regulation (GDPR) en andere toepasselijke regelgeving op het gebied van gegevensbescherming.<br><br><br><strong>2. verantwoordelijke voor gegevensverwerking<\/strong><br><strong>Verantwoordelijk in de zin van de wetten inzake gegevensbescherming is:<\/strong><br><br>truu investering gmbh<br>Westring 14<br>DE-75180 Pforzheim<br><br>dsgvo@claim-angels.com<br>Telefoon: +49 7231 13335888<br><br>Voor vragen over gegevensbescherming kunt u ons bereiken via de bovenstaande contactgegevens.<br><br><br><strong>3. verzamelen en verwerken van persoonlijke gegevens<\/strong><br><br>Wij verzamelen en verwerken persoonsgegevens wanneer u:<br>- bezoek onze website,<br>- een verzoek tot onderzoek van een schadeclaim indienen,<br>- onze diensten gebruiken of laten gebruiken,<br>- contact met ons op te nemen (bijvoorbeeld via e-mail, contactformulier, telefoon).<br><br><strong>Welke gegevens worden verzameld?<\/strong><br><br>Afhankelijk van de aard van de vraag en het geval kunnen de volgende gegevens worden verwerkt:<br><br><strong>(a) Bedrijfsgegevens<\/strong><br>- Naam van het bedrijf<br>- Adres<br>- Contactgegevens (e-mail, telefoon)<br>- Belasting- en handelsregisternummers<br><br><strong>(b) Voertuiggerelateerde gegevens (vrachtwagenengels)<\/strong><br>- Fabrikant, model, bouwjaar<br>- Voertuigidentificatienummer (VIN)<br>- Koopcontract, leasingcontract<br>- Schadeclaims, garantieclaims<br><br><strong>(c) Boekingsgerelateerde gegevens (boekingsengelen)<\/strong><br>- Boekingsbevestigingen<br>- Facturen<br>- Communicatiegeschiedenis met boekingsplatforms<br><br><strong>(d) Algemene contract- en claimgegevens<\/strong><br>- Vorderingen tot schadevergoeding of terugbetaling<br>- Correspondentie met fabrikanten, boekingsplatforms, verzekeringsmaatschappijen<br>- Documenten van advocaten en deskundigen<br><br><br><strong>4. doel van de gegevensverwerking<\/strong><br><br>De bovenstaande gegevens worden verwerkt voor de volgende doeleinden:<br><br><strong>1. onderzoek en uitvoering van schadeclaims<\/strong> naar fabrikanten, boekingsplatforms of andere partijen.<br><br><strong>2. voorbereiden en initi\u00ebren van juridische stappen<\/strong>, <br>inclusief het inschakelen van advocatenkantoren en experts.<br><br><strong>3. communicatie met jou<\/strong>, <br>om ons te informeren over de huidige status van je zaak.<br><br><strong>4. financiering van juridische kosten<\/strong> <br>en vereffening van winstuitkeringen.<br><br><strong>5. voldoen aan wettelijke verplichtingen<\/strong>, <br>in het bijzonder bewaartermijnen onder belasting- en handelswetgeving.<br><br>De verwerking van uw gegevens vindt uitsluitend plaats op basis van <strong>Art. 6 lid 1 GDPR<\/strong>in het bijzonder:<br><br><strong>- Art. 6 lid 1 letter b GDPR<\/strong> (nakoming van het contract),<br>\u00a0<strong>- Art. 6 lid 1 letter f GDPR<\/strong> (gerechtvaardigd belang bij de tenuitvoerlegging van vorderingen),<br><strong>- Art. 6 lid 1 letter c GDPR<\/strong> (wettelijke verplichtingen).<br><br><br><strong>5. bekendmaking van gegevens aan derden<\/strong><br><br>Uw gegevens zullen altijd <strong>niet doorgegeven aan derden<\/strong>tenzij dit noodzakelijk is om uw claims af te dwingen. In dat geval kunnen de gegevens worden doorgestuurd naar:<br><strong>- Advocatenkantoren<\/strong>die namens u rechtszaken aanspannen.<br><strong>- Taxateurs en experts<\/strong>die de schade of claim beoordelen.<br><strong>- Rechtbanken en autoriteiten<\/strong>als er een procedure wordt gestart.<br><strong>- Aanbieder van betalingsdiensten<\/strong>of een betaling of overname van kosten noodzakelijk is.<br><br>Met alle externe partners hebben we <strong>Contracten voor orderverwerking (AVV)<\/strong> gesloten in overeenstemming met art. 28 GDPR.<br><br><br><strong>6. opslagperiode van de gegevens<\/strong><br><br>We bewaren uw persoonlijke gegevens alleen zo lang als nodig is om uw claim te verwerken of zo lang als wettelijke bewaartermijnen van toepassing zijn.<br><br>- Zakelijke documenten: <strong>10 jaar<\/strong> (volgens HGB &amp; AO)<br>- Correspondentie en contractdocumenten: <strong>6 jaar<\/strong> (in overeenstemming met \u00a7 257 HGB)<br>- Boekhoudkundige documenten en facturen: <strong>10 jaar<\/strong> (volgens \u00a7 147 AO)<br><br>Nadat de bewaartermijn is verstreken, worden de gegevens verwijderd.<br><br><br><strong>7. uw rechten volgens de GDPR<\/strong><br><br>U hebt de volgende rechten met betrekking tot uw persoonlijke gegevens die door ons zijn opgeslagen:<br><br><strong>- Recht op informatie (Art. 15 GDPR)<\/strong><br>U kunt een kopie van uw opgeslagen gegevens opvragen.<br><br><strong>- Recht op rectificatie (Art. 16 GDPR)<\/strong><br>Als uw gegevens onjuist zijn, kunt u een correctie aanvragen.<br><br><strong>- Recht op wissen (Art. 17 GDPR)<\/strong><br>U kunt verzoeken om verwijdering van uw gegevens, op voorwaarde dat er geen wettelijke verplichtingen zijn om ze te bewaren.<br><br><strong>- Recht op beperking van de verwerking (Art. 18 GDPR)<\/strong><br>Als verduidelijking van de gegevensverwerking nodig is, kunt u een beperking van de verwerking aanvragen.<br><br><strong>- Recht op gegevensoverdraagbaarheid (Art. 20 GDPR)<\/strong><br>U hebt het recht om uw gegevens in een machinaal leesbaar formaat te ontvangen.<br><br><strong>- Recht op bezwaar (Art. 21 GDPR)<\/strong><br>U kunt te allen tijde bezwaar maken tegen de verwerking van uw gegevens als deze is gebaseerd op legitieme belangen.<br><br><br><strong>Contact voor vragen over gegevensbescherming:<\/strong><br><a href=\"mailto:datenschutz@claim-angels.com\">datenschutz@claim-angels.com<\/a><br><br>Als u van mening bent dat uw gegevens onrechtmatig worden verwerkt, hebt u het recht om een klacht in te dienen bij een gegevensbeschermingsautoriteit.<br><br><br><strong>8. gegevensbeveiliging<\/strong><br><br>We gebruiken technische en organisatorische maatregelen om uw gegevens te beschermen tegen verlies, manipulatie en ongeautoriseerde toegang. Deze omvatten<br><br>- SSL-codering van de website<br>- Toegang tot uw gegevens beperken<br>- Regelmatige veiligheidscontroles<br><br><br><strong>9. wijzigingen in dit privacybeleid<\/strong><br><br>Dit privacybeleid wordt regelmatig bijgewerkt. Wijzigingen worden op deze pagina gepubliceerd.<br><br><strong>Laatst bijgewerkt:<\/strong> 10.03.2025<\/p><\/div>\n<\/div>\n\n\n\n<div class=\"wp-block-uagb-container uagb-block-ae8db127\">\n<div class=\"wp-block-uagb-advanced-heading uagb-block-40aceb3d\"><p class=\"uagb-heading-text\">truu investering gmbh<br>Westring 14<br>DE-75180 Pforzheim<br><br>Rechtbank Mannheim HRB 711057<br><br>CEO: Timo Krause<br><br><a href=\"mailto:hello@claim-angels.com\">hello@claim-angels.com<\/a><br><a href=\"tel:49723113335888\">+49 7231 13335888<\/a><\/p><div class=\"uagb-separator\"><\/div><\/div>\n<\/div>\n<\/div><\/div>","protected":false},"excerpt":{"rendered":"<p>1 Algemene informatie De bescherming van uw persoonlijke gegevens is belangrijk voor ons. In dit privacybeleid informeren wij u over welke persoonsgegevens wij verzamelen, hoe wij deze gebruiken en welke rechten u heeft met betrekking tot uw gegevens. Je gegevens worden verwerkt in overeenstemming met de General Data Protection Regulation (GDPR) en andere toepasselijke regelgeving op het gebied van gegevensbescherming. 2. verantwoordelijk voor [...]<\/p>","protected":false},"author":11,"featured_media":0,"parent":0,"menu_order":0,"comment_status":"closed","ping_status":"closed","template":"","meta":{"_uag_custom_page_level_css":"","footnotes":""},"class_list":["post-8265","page","type-page","status-publish","hentry"],"uagb_featured_image_src":{"full":false,"thumbnail":false,"medium":false,"medium_large":false,"large":false,"1536x1536":false,"2048x2048":false,"trp-custom-language-flag":false},"uagb_author_info":{"display_name":"samuel","author_link":"https:\/\/claim-angels.com\/nl\/author\/samuel\/"},"uagb_comment_info":0,"uagb_excerpt":"1. Allgemeine Hinweise Der Schutz Ihrer pers\u00f6nlichen Daten ist uns ein wichtiges Anliegen. In dieser Datenschutzerkl\u00e4rung informieren wir Sie dar\u00fcber, welche personenbezogenen Daten wir erheben, wie wir sie nutzen und welche Rechte Sie in Bezug auf Ihre Daten haben. Die Verarbeitung Ihrer Daten erfolgt gem\u00e4\u00df der Datenschutz-Grundverordnung (DSGVO) und anderen geltenden Datenschutzbestimmungen. 2. Verantwortlicher f\u00fcr&hellip;","_links":{"self":[{"href":"https:\/\/claim-angels.com\/nl\/wp-json\/wp\/v2\/pages\/8265","targetHints":{"allow":["GET"]}}],"collection":[{"href":"https:\/\/claim-angels.com\/nl\/wp-json\/wp\/v2\/pages"}],"about":[{"href":"https:\/\/claim-angels.com\/nl\/wp-json\/wp\/v2\/types\/page"}],"author":[{"embeddable":true,"href":"https:\/\/claim-angels.com\/nl\/wp-json\/wp\/v2\/users\/11"}],"replies":[{"embeddable":true,"href":"https:\/\/claim-angels.com\/nl\/wp-json\/wp\/v2\/comments?post=8265"}],"version-history":[{"count":7,"href":"https:\/\/claim-angels.com\/nl\/wp-json\/wp\/v2\/pages\/8265\/revisions"}],"predecessor-version":[{"id":8332,"href":"https:\/\/claim-angels.com\/nl\/wp-json\/wp\/v2\/pages\/8265\/revisions\/8332"}],"wp:attachment":[{"href":"https:\/\/claim-angels.com\/nl\/wp-json\/wp\/v2\/media?parent=8265"}],"curies":[{"name":"wp","href":"https:\/\/api.w.org\/{rel}","templated":true}]}}