{"id":8032,"date":"2025-02-28T22:43:06","date_gmt":"2025-02-28T21:43:06","guid":{"rendered":"https:\/\/claim-angels.com\/?page_id=8032"},"modified":"2025-03-12T15:29:28","modified_gmt":"2025-03-12T14:29:28","slug":"booking-angels","status":"publish","type":"page","link":"https:\/\/claim-angels.com\/nl\/booking-angels\/","title":{"rendered":"Engelen boeken"},"content":{"rendered":"<div class=\"wp-block-cover alignfull has-parallax slider-wrapper has-base-color has-text-color has-link-color wp-elements-d3c55098d954b813407827a419028e05\" style=\"margin-top:0;margin-bottom:0;padding-top:0;padding-right:var(--wp--preset--spacing--50);padding-bottom:0;padding-left:var(--wp--preset--spacing--50);min-height:100vh;aspect-ratio:unset;\"><span aria-hidden=\"true\" class=\"wp-block-cover__background has-contrast-background-color has-background-dim\"><\/span><div class=\"wp-block-cover__image-background wp-image-8320 has-parallax\" style=\"background-position:50% 50%;background-image:url(https:\/\/claim-angels.com\/wp-content\/uploads\/2025\/03\/booking-header.jpg)\"><\/div><div class=\"wp-block-cover__inner-container has-global-padding is-layout-constrained wp-container-core-cover-is-layout-1 wp-block-cover-is-layout-constrained\">\n<div class=\"wp-block-group alignwide hl-wrapper is-layout-flow wp-block-group-is-layout-flow\">\n<div class=\"wp-block-uagb-advanced-heading uagb-block-fcfca36b\"><h1 class=\"uagb-heading-text\"><strong><strong>WELKOM BIJ<\/strong><br>Engelen boeken.<\/strong><\/h1><\/div>\n\n\n\n<div class=\"wp-block-uagb-advanced-heading uagb-block-baaac4d5\"><h1 class=\"uagb-heading-text\">Uw partner voor schadeclaims in de kartelzaak rond Booking.com.<\/h1><\/div>\n\n\n\n<div class=\"stoerer\" style=\"color: #002a44;\">Schadevergoeding<br>is belastingvrij!<\/div><style>.stoerer:after {background-color: #002a44!important;}<\/style>\n<\/div>\n<\/div><\/div>\n\n\n\n<div class=\"wp-block-uagb-container uagb-block-11807894 default uagb-is-root-container\">\n<div class=\"wp-block-uagb-container uagb-block-7288466e default uagb-is-root-container\"><\/div>\n<\/div>\n\n\n\n<div class=\"wp-block-group alignfull is-style-section-5 has-base-background-color has-background has-global-padding is-layout-constrained wp-block-group-is-layout-constrained is-style-section-5--1\" style=\"margin-top:0;margin-bottom:0;padding-top:var(--wp--preset--spacing--60);padding-bottom:var(--wp--preset--spacing--60)\">\n<div class=\"wp-block-columns alignwide are-vertically-aligned-center is-layout-flex wp-container-core-columns-is-layout-1 wp-block-columns-is-layout-flex\">\n<div class=\"wp-block-column is-vertically-aligned-center is-layout-flow wp-block-column-is-layout-flow\" style=\"flex-basis:100%\">\n<div style=\"height:20px\" aria-hidden=\"true\" class=\"wp-block-spacer\"><\/div>\n\n\n\n<div class=\"wp-block-uagb-advanced-heading uagb-block-a8a1d8e1\"><h1 class=\"uagb-heading-text\"><strong><strong>Boek<\/strong> Engelen.<\/strong><br><strong><strong>Voor je recht op compensatie.<\/strong><\/strong><\/h1><\/div>\n\n\n\n<div class=\"wp-block-uagb-advanced-heading uagb-block-0397d445\"><p class=\"uagb-heading-text\">Werkte uw hotelbedrijf tussen 2006 en 2022 met Booking.com? Dan bent u getroffen door illegale beste-prijs-clausules en\/of niet-conforme online boekingen. In beide gevallen hebt u recht op financi\u00eble compensatie. Wij bieden u volledige ondersteuning en bereiden alle documenten voor u voor, klaar voor de rechtbank. Krijg uw geld terug van Booking.com! De exacte achtergrond van de zaak Booking.com vindt u in de FAQ's.<\/p><\/div>\n<\/div>\n<\/div>\n<\/div>\n\n\n\n<div class=\"wp-block-uagb-container uagb-block-dd8ab561 alignfull uagb-is-root-container\"><div class=\"uagb-container-inner-blocks-wrap\">\n<div class=\"wp-block-uagb-container uagb-block-a68d28ab\">\n<div class=\"wp-block-uagb-container uagb-block-3f996c4f alignfull uagb-is-root-container\"><div class=\"uagb-container-inner-blocks-wrap\">\n<div class=\"wp-block-uagb-advanced-heading uagb-block-e1e7348d\"><h2 class=\"uagb-heading-text\"><strong><strong><strong>Vier stappen naar compensatie<\/strong><\/strong><\/strong>.<br><strong>Zo eenvoudig is het proces voor jou bij Booking Angels.<\/strong><\/h2><\/div>\n<\/div><\/div>\n\n\n\n<div class=\"wp-block-uagb-container uagb-block-2a27e93d alignfull uagb-is-root-container\"><div class=\"uagb-container-inner-blocks-wrap\">\n<div class=\"wp-block-uagb-container uagb-block-069f74fa\">\n<div class=\"wp-block-uagb-info-box uagb-block-3ce48758 uagb-infobox__content-wrap  uagb-infobox-icon-above-title uagb-infobox-image-valign-top\"><div class=\"uagb-ifb-content\"><div class=\"uagb-ifb-icon-wrap\"><svg xmlns=\"https:\/\/www.w3.org\/2000\/svg\" viewbox=\"0 0 512 512\"><path d=\"M0 256C0 114.6 114.6 0 256 0C397.4 0 512 114.6 512 256C512 397.4 397.4 512 256 512C114.6 512 0 397.4 0 256zM371.8 211.8C382.7 200.9 382.7 183.1 371.8 172.2C360.9 161.3 343.1 161.3 332.2 172.2L224 280.4L179.8 236.2C168.9 225.3 151.1 225.3 140.2 236.2C129.3 247.1 129.3 264.9 140.2 275.8L204.2 339.8C215.1 350.7 232.9 350.7 243.8 339.8L371.8 211.8z\"><\/path><\/svg><\/div><div class=\"uagb-ifb-title-wrap\"><h3 class=\"uagb-ifb-title\"><strong>Claims berekenen:<\/strong><\/h3><\/div><p class=\"uagb-ifb-desc\">Gebruik de compensatiecalculator om te controleren of en in welke mate je recht hebt op compensatie.<\/p><\/div><\/div>\n<\/div>\n\n\n\n<div class=\"wp-block-uagb-container uagb-block-5766cf06\">\n<div class=\"wp-block-uagb-info-box uagb-block-5ac26897 uagb-infobox__content-wrap  uagb-infobox-icon-above-title uagb-infobox-image-valign-top\"><div class=\"uagb-ifb-content\"><div class=\"uagb-ifb-icon-wrap\"><svg xmlns=\"https:\/\/www.w3.org\/2000\/svg\" viewbox=\"0 0 512 512\"><path d=\"M0 256C0 114.6 114.6 0 256 0C397.4 0 512 114.6 512 256C512 397.4 397.4 512 256 512C114.6 512 0 397.4 0 256zM371.8 211.8C382.7 200.9 382.7 183.1 371.8 172.2C360.9 161.3 343.1 161.3 332.2 172.2L224 280.4L179.8 236.2C168.9 225.3 151.1 225.3 140.2 236.2C129.3 247.1 129.3 264.9 140.2 275.8L204.2 339.8C215.1 350.7 232.9 350.7 243.8 339.8L371.8 211.8z\"><\/path><\/svg><\/div><div class=\"uagb-ifb-title-wrap\"><h3 class=\"uagb-ifb-title\"><strong><strong>Documenten uploaden:<\/strong><\/strong><\/h3><\/div><p class=\"uagb-ifb-desc\">Upload in het inloggedeelte uw <br>Booking.com documenten omhoog.<\/p><\/div><\/div>\n<\/div>\n<\/div><\/div>\n\n\n\n<div class=\"wp-block-uagb-container uagb-block-21aa3b04 alignfull uagb-is-root-container\"><div class=\"uagb-container-inner-blocks-wrap\">\n<div class=\"wp-block-uagb-container uagb-block-8856c737\">\n<div class=\"wp-block-uagb-info-box uagb-block-6ecee3a3 uagb-infobox__content-wrap  uagb-infobox-icon-above-title uagb-infobox-image-valign-top\"><div class=\"uagb-ifb-content\"><div class=\"uagb-ifb-icon-wrap\"><svg xmlns=\"https:\/\/www.w3.org\/2000\/svg\" viewbox=\"0 0 512 512\"><path d=\"M0 256C0 114.6 114.6 0 256 0C397.4 0 512 114.6 512 256C512 397.4 397.4 512 256 512C114.6 512 0 397.4 0 256zM371.8 211.8C382.7 200.9 382.7 183.1 371.8 172.2C360.9 161.3 343.1 161.3 332.2 172.2L224 280.4L179.8 236.2C168.9 225.3 151.1 225.3 140.2 236.2C129.3 247.1 129.3 264.9 140.2 275.8L204.2 339.8C215.1 350.7 232.9 350.7 243.8 339.8L371.8 211.8z\"><\/path><\/svg><\/div><div class=\"uagb-ifb-title-wrap\"><h3 class=\"uagb-ifb-title\"><strong><strong>Contract en volmacht ondertekenen:<\/strong><\/strong><\/h3><\/div><p class=\"uagb-ifb-desc\">Stuur ons de ondertekende contractdocumenten en het autorisatieformulier.<\/p><\/div><\/div>\n<\/div>\n\n\n\n<div class=\"wp-block-uagb-container uagb-block-05de833a\">\n<div class=\"wp-block-uagb-info-box uagb-block-102519ea uagb-infobox__content-wrap  uagb-infobox-icon-above-title uagb-infobox-image-valign-top\"><div class=\"uagb-ifb-content\"><div class=\"uagb-ifb-icon-wrap\"><svg xmlns=\"https:\/\/www.w3.org\/2000\/svg\" viewbox=\"0 0 512 512\"><path d=\"M0 256C0 114.6 114.6 0 256 0C397.4 0 512 114.6 512 256C512 397.4 397.4 512 256 512C114.6 512 0 397.4 0 256zM371.8 211.8C382.7 200.9 382.7 183.1 371.8 172.2C360.9 161.3 343.1 161.3 332.2 172.2L224 280.4L179.8 236.2C168.9 225.3 151.1 225.3 140.2 236.2C129.3 247.1 129.3 264.9 140.2 275.8L204.2 339.8C215.1 350.7 232.9 350.7 243.8 339.8L371.8 211.8z\"><\/path><\/svg><\/div><div class=\"uagb-ifb-title-wrap\"><h3 class=\"uagb-ifb-title\"><strong><strong><strong>Compensatie uitbetaling <\/strong><\/strong><\/strong><strong><strong><strong>bij succes:<\/strong><\/strong><\/strong><\/h3><\/div><p class=\"uagb-ifb-desc\">Na een geschatte procesperiode van 5 - 7 jaar ontvang je je schadevergoeding.<\/p><\/div><\/div>\n<\/div>\n<\/div><\/div>\n<\/div>\n<\/div><\/div>\n\n\n\n<div data-aos= \"fade-up\" data-aos-duration=\"400\" data-aos-delay=\"0\" data-aos-easing=\"ease\" data-aos-once=\"true\" class=\"wp-block-uagb-container uagb-block-70a9d085 alignfull uagb-is-root-container\">\n<div class=\"wp-block-uagb-container uagb-block-7510963e alignfull uagb-is-root-container\"><div class=\"uagb-container-inner-blocks-wrap\">\n<div data-aos= \"fade-right\" data-aos-duration=\"400\" data-aos-delay=\"0\" data-aos-easing=\"ease\" data-aos-once=\"true\" class=\"wp-block-uagb-container uagb-block-3c170e52\">\n<div class=\"wp-block-uagb-advanced-heading uagb-block-fdff8c48\"><h3 class=\"uagb-heading-text\"><strong><strong><strong>Gratis controleren. Gratis uploaden. Winst indien succesvol.<\/strong><\/strong><\/strong><\/h3><\/div>\n<\/div>\n<\/div><\/div>\n\n\n\n<div class=\"wp-block-uagb-container uagb-block-0c1ebed8 alignfull uagb-is-root-container\"><div class=\"uagb-container-inner-blocks-wrap\">\n<div data-aos= \"fade-right\" data-aos-duration=\"400\" data-aos-delay=\"0\" data-aos-easing=\"ease\" data-aos-once=\"true\" class=\"wp-block-uagb-container uagb-block-5a650293\">\n<div class=\"wp-block-uagb-advanced-heading uagb-block-12dff741\"><h3 class=\"uagb-heading-text\"><strong><strong><strong>Bereken het compensatiebedrag. Eenvoudig gemaakt.<\/strong><\/strong><\/strong><\/h3><\/div>\n\n\n\n<div class=\"wp-block-uagb-advanced-heading uagb-block-9fc591be\"><p class=\"uagb-heading-text\">Onze praktische <strong>Schadecalculator<\/strong> vertelt je snel en gemakkelijk of en in welke mate je een schadevergoeding kunt claimen. Zo ja, dan hoef je alleen nog maar je documenten te uploaden en wij regelen de rest. Je krijgt een vast contactpersoon aan je zijde totdat de claim is afgerond. U kunt de status van het proces op elk gewenst moment bekijken in ons inloggedeelte.<\/p><\/div>\n\n\n\n<div class=\"wp-block-uagb-buttons uagb-buttons__outer-wrap uagb-btn__default-btn uagb-btn-tablet__default-btn uagb-btn-mobile__default-btn uagb-block-7faab96d\"><div class=\"uagb-buttons__wrap uagb-buttons-layout-wrap\">\n<div class=\"wp-block-uagb-buttons-child uagb-buttons__outer-wrap uagb-block-063b5f64 wp-block-button\"><div class=\"uagb-button__wrapper\"><a class=\"uagb-buttons-repeater wp-block-button__link\" aria-label=\"\" href=\"#\" rel=\"follow noopener\" target=\"_self\" role=\"button\"><div class=\"uagb-button__link\">Nu gratis controleren<\/div><\/a><\/div><\/div>\n<\/div><\/div>\n<\/div>\n\n\n\n<div class=\"wp-block-uagb-container uagb-block-b302a8d0\">\n<div data-aos= \"fade-left\" data-aos-duration=\"400\" data-aos-delay=\"0\" data-aos-easing=\"ease\" data-aos-once=\"true\" class=\"wp-block-uagb-container uagb-block-b684e8b3\"><\/div>\n<\/div>\n<\/div><\/div>\n\n\n\n<div class=\"wp-block-uagb-container uagb-block-d27f95db alignfull uagb-is-root-container\"><div class=\"uagb-container-inner-blocks-wrap\">\n<div class=\"wp-block-uagb-container uagb-block-0b9f06fe\">\n<div data-aos= \"fade-right\" data-aos-duration=\"400\" data-aos-delay=\"0\" data-aos-easing=\"ease\" data-aos-once=\"true\" class=\"wp-block-uagb-container uagb-block-337637c4\"><\/div>\n<\/div>\n\n\n\n<div data-aos= \"fade-left\" data-aos-duration=\"400\" data-aos-delay=\"0\" data-aos-easing=\"ease\" data-aos-once=\"true\" class=\"wp-block-uagb-container uagb-block-b11c8216\">\n<div class=\"wp-block-uagb-advanced-heading uagb-block-37b38446\"><h3 class=\"uagb-heading-text\"><strong><strong><strong>100% mogelijkheden. 100% belastingvrij. Geen risico.<\/strong><\/strong><\/strong><\/h3><\/div>\n\n\n\n<div class=\"wp-block-uagb-advanced-heading uagb-block-16c200dd\"><p class=\"uagb-heading-text\">Wij garanderen vooraf dat alles 100 % gratis blijft. Booking Angels werkt namelijk uitsluitend op basis van succes. Bij succes rekenen wij een vast kostentarief voor onze onkosten van het uiteindelijk gewonnen bedrag. Je loopt dus geen enkel risico, alles blijft 100 % transparant en je kunt alleen maar winnen. En het beste van alles: de vergoeding is belastingvrij!<\/p><\/div>\n\n\n\n<div class=\"wp-block-uagb-buttons uagb-buttons__outer-wrap uagb-btn__default-btn uagb-btn-tablet__default-btn uagb-btn-mobile__default-btn uagb-block-8d242ef5\"><div class=\"uagb-buttons__wrap uagb-buttons-layout-wrap\">\n<div class=\"wp-block-uagb-buttons-child uagb-buttons__outer-wrap uagb-block-3896df69 wp-block-button\"><div class=\"uagb-button__wrapper\"><a class=\"uagb-buttons-repeater wp-block-button__link\" aria-label=\"\" href=\"\/nl\/kontakt\/\" rel=\"follow noopener\" target=\"_self\" role=\"button\"><div class=\"uagb-button__link\">Neem nu contact op<\/div><\/a><\/div><\/div>\n<\/div><\/div>\n<\/div>\n<\/div><\/div>\n<\/div>\n\n\n\n<div class=\"wp-block-uagb-container uagb-block-983105a7 alignfull uagb-is-root-container\"><div class=\"uagb-container-inner-blocks-wrap\">\n<div class=\"wp-block-group alignfull has-global-padding is-layout-constrained wp-container-core-group-is-layout-4 wp-block-group-is-layout-constrained\" style=\"margin-top:0;margin-bottom:0;padding-right:0;padding-left:0\">\n<div class=\"wp-block-group alignwide is-layout-flow wp-container-core-group-is-layout-3 wp-block-group-is-layout-flow\" style=\"padding-top:var(--wp--preset--spacing--50);padding-bottom:var(--wp--preset--spacing--50)\">\n<div class=\"wp-block-uagb-advanced-heading uagb-block-2bfcc967\"><h2 class=\"uagb-heading-text\">Veelgestelde vragen<\/h2><\/div>\n\n\n<section class=\"leistungenWrapper mti_font_element\">\r\n  \r\n    <div class=\"leistungen basicWidth mti_font_element\">\r\n      <h3 class=\"mti_font_element\"><\/h3>\r\n      \r\n      <div class=\"leistungenBox mti_font_element\">\r\n        <dl class=\"accordion mti_font_element\">\r\n          <dt class=\"mti_font_element\"><i class=\"fa fa-angle-down\"><\/i> Wat is de achtergrond van de beste-prijsclausules van Booking.com?<\/dt>\r\n          <dd>Veel hotels betalen Booking.com al jaren buitensporige commissies. De reden hiervoor zijn de beste prijs clausules die sinds 2006 zijn opgenomen in de algemene voorwaarden van Booking.com en die in strijd zijn met de antitrustwetgeving. Deze clausules verboden hotels om hun kamers voordeliger aan te bieden op andere platforms of zelfs op hun eigen website. Het Duitse federale kartelbureau verklaarde deze praktijk illegaal in 2015. De zaak is momenteel in behandeling bij het Federale Hof van Justitie.<\/dd>\r\n          \r\n          <dt class=\"mti_font_element\"><i class=\"fa fa-angle-down\"><\/i> Wat is de achtergrond van de niet-conforme boekingsknop van Booking.com?<\/dt>\r\n          <dd>Tussen juni 2014 en december 2022 was de boekingsknop op de website van Booking.com gelabeld als \"boeking voltooien\". Aangezien er geen indicatie was dat er kosten in rekening werden gebracht voor de boeking, was de knop onjuist en voldeed de boeking niet aan de wet. Het Europese Hof van Justitie oordeelde dat boekingen die in deze periode waren gemaakt ongeldig waren. Hotels die in deze periode commissies hebben betaald aan Booking.com kunnen hun geld terugvragen.<\/dd>\r\n\r\n          <dt class=\"mti_font_element\"><i class=\"fa fa-angle-down\"><\/i> Moet ik belasting betalen over de inkomsten uit de rechtszaak?<\/dt>\r\n          <dd>Nee. Dit is een schadevergoeding, d.w.z. een compensatie voor geleden verlies. Dit is 100 % belastingvrij.<\/dd>\r\n\r\n          <dt class=\"mti_font_element\"><i class=\"fa fa-angle-down\"><\/i> Is er een kostengarantie?<\/dt>\r\n          <dd>Ja, wij garanderen dat ons werk vooraf 100 % gratis is. Wij werken uitsluitend succesgericht en laten ons leiden door het bedrag dat uiteindelijk wordt gewonnen. We rekenen een vast kostentarief van 35 procent voor de werkzaamheden. <\/dd>\r\n        <\/dl>\r\n      <\/div>\r\n\r\n\r\n\r\n      \r\n      <div class=\"leistungenBox leistungenBoxRight\">\r\n        <dl class=\"accordion\">\r\n\t\t\t\t<dt class=\"mti_font_element\"><i class=\"fa fa-angle-down\"><\/i> Hoeveel contacten heb ik?<\/dt>\r\n          <dd>Elke klant heeft een persoonlijk contactpersoon die de zaak van begin tot eind behandelt en op de achtergrond alle andere contacten co\u00f6rdineert. Dit is een integraal onderdeel van onze service.<\/dd>\r\n          \r\n          <dt class=\"mti_font_element\"><i class=\"fa fa-angle-down\"><\/i> Welk advocatenkantoor behandelt de rechtszaken?<\/dt>\r\n          <dd>Het advocatenkantoor G\u00f6rg. De gerenommeerde en ervaren specialist in antitrustwetgeving.<\/dd>\r\n\r\n          <dt class=\"mti_font_element\"><i class=\"fa fa-angle-down\"><\/i> Wat zou er gebeuren als de zaak in de rechtszaal werd verloren?<\/dt>\r\n          <dd>U als klant maakt geen kosten. In het geval van een verloren rechtszaak hebt u gewoon geen schadeclaims of ontvangt u geen vergoeding. Het risico van 100% ligt uitsluitend bij de voorfinancier van de juridische kosten. In dit geval zouden zij hun investering verliezen.<\/dd>\r\n\r\n          <dt class=\"mti_font_element\"><i class=\"fa fa-angle-down\"><\/i> Kan booking.com de samenwerking be\u00ebindigen als we juridische stappen ondernemen?<\/dt>\r\n          <dd>In principe mag booking.com een contract niet be\u00ebindigen vanwege haar eigen juridische overtredingen als de klacht gerechtvaardigd is. Mocht dit toch gebeuren, dan kan dit relevant zijn onder de antitrustwetgeving. In een dergelijk geval kunnen we verdere juridische stappen onderzoeken, waaronder mogelijke schadeclaims. <\/dd>\r\n        <\/dl>\r\n\r\n      <\/div>\r\n      \r\n    <\/div>\r\n<\/section>\n<\/div>\n<\/div>\n<\/div><\/div>","protected":false},"excerpt":{"rendered":"<p>Booking Angels.voor uw recht op compensatie. Heeft uw hotelbedrijf tussen 2006 en 2022 samengewerkt met Booking.com? Dan bent u gedupeerd door illegale beste-prijs-clausules en\/of niet-conforme online boekingen. In beide gevallen heeft u recht op financi\u00eble compensatie. Wij bieden u volledige ondersteuning en bereiden alle documenten voor u voor, klaar voor de rechtbank. Krijg [...]<\/p>","protected":false},"author":11,"featured_media":0,"parent":0,"menu_order":0,"comment_status":"closed","ping_status":"closed","template":"","meta":{"_uag_custom_page_level_css":"","footnotes":""},"class_list":["post-8032","page","type-page","status-publish","hentry"],"uagb_featured_image_src":{"full":false,"thumbnail":false,"medium":false,"medium_large":false,"large":false,"1536x1536":false,"2048x2048":false,"trp-custom-language-flag":false},"uagb_author_info":{"display_name":"samuel","author_link":"https:\/\/claim-angels.com\/nl\/author\/samuel\/"},"uagb_comment_info":0,"uagb_excerpt":"Booking Angels.F\u00fcr Ihr Recht auf Schadensersatz. Hat Ihr Hotellerie Betrieb zwischen 2006 und 2022 mit Booking.com zusammengearbeitet? Dann sind Sie von illegalen Bestpreisklauseln und\/oder nicht rechtskonformen Online-Buchungen betroffen. In beiden F\u00e4llen steht Ihnen eine finanzielle Entsch\u00e4digung zu. Wir unterst\u00fctzen Sie dabei in vollem Umfang und bereiten alle Unterlagen gerichtsfertig f\u00fcr Sie auf. Holen Sie sich&hellip;","_links":{"self":[{"href":"https:\/\/claim-angels.com\/nl\/wp-json\/wp\/v2\/pages\/8032","targetHints":{"allow":["GET"]}}],"collection":[{"href":"https:\/\/claim-angels.com\/nl\/wp-json\/wp\/v2\/pages"}],"about":[{"href":"https:\/\/claim-angels.com\/nl\/wp-json\/wp\/v2\/types\/page"}],"author":[{"embeddable":true,"href":"https:\/\/claim-angels.com\/nl\/wp-json\/wp\/v2\/users\/11"}],"replies":[{"embeddable":true,"href":"https:\/\/claim-angels.com\/nl\/wp-json\/wp\/v2\/comments?post=8032"}],"version-history":[{"count":10,"href":"https:\/\/claim-angels.com\/nl\/wp-json\/wp\/v2\/pages\/8032\/revisions"}],"predecessor-version":[{"id":8327,"href":"https:\/\/claim-angels.com\/nl\/wp-json\/wp\/v2\/pages\/8032\/revisions\/8327"}],"wp:attachment":[{"href":"https:\/\/claim-angels.com\/nl\/wp-json\/wp\/v2\/media?parent=8032"}],"curies":[{"name":"wp","href":"https:\/\/api.w.org\/{rel}","templated":true}]}}