{"id":8265,"date":"2025-03-06T17:04:48","date_gmt":"2025-03-06T16:04:48","guid":{"rendered":"https:\/\/claim-angels.com\/?page_id=8265"},"modified":"2025-03-12T15:34:11","modified_gmt":"2025-03-12T14:34:11","slug":"datenschutz","status":"publish","type":"page","link":"https:\/\/claim-angels.com\/it\/datenschutz\/","title":{"rendered":"Protezione dei dati"},"content":{"rendered":"<div class=\"wp-block-cover alignfull slider-wrapper2 has-base-color has-text-color has-link-color wp-elements-b089a002d492178b3d87e88408594307\" style=\"margin-top:0;margin-bottom:0;padding-top:0;padding-right:var(--wp--preset--spacing--50);padding-bottom:0;padding-left:var(--wp--preset--spacing--50)\"><span aria-hidden=\"true\" class=\"wp-block-cover__background has-contrast-background-color has-background-dim\"><\/span><img loading=\"lazy\" decoding=\"async\" width=\"1920\" height=\"1285\" class=\"wp-block-cover__image-background wp-image-7680\" alt=\"\" src=\"https:\/\/claim-angels.com\/wp-content\/uploads\/2025\/02\/hammer.jpg\" style=\"object-position:88% 62%\" data-object-fit=\"cover\" data-object-position=\"88% 62%\" srcset=\"https:\/\/claim-angels.com\/wp-content\/uploads\/2025\/02\/hammer.jpg 1920w, https:\/\/claim-angels.com\/wp-content\/uploads\/2025\/02\/hammer-300x201.jpg 300w, https:\/\/claim-angels.com\/wp-content\/uploads\/2025\/02\/hammer-1024x685.jpg 1024w, https:\/\/claim-angels.com\/wp-content\/uploads\/2025\/02\/hammer-768x514.jpg 768w, https:\/\/claim-angels.com\/wp-content\/uploads\/2025\/02\/hammer-1536x1028.jpg 1536w\" sizes=\"auto, (max-width: 1920px) 100vw, 1920px\" \/><div class=\"wp-block-cover__inner-container has-global-padding is-layout-constrained wp-container-core-cover-is-layout-1 wp-block-cover-is-layout-constrained\">\n<div class=\"wp-block-group alignwide is-layout-flow wp-block-group-is-layout-flow\">\n<div class=\"wp-block-uagb-advanced-heading uagb-block-fcfca36b\"><h1 class=\"uagb-heading-text\"><strong><strong>Protezione dei dati<\/strong><\/strong><\/h1><\/div>\n<\/div>\n<\/div><\/div>\n\n\n\n<div class=\"wp-block-uagb-container uagb-block-11807894 default uagb-is-root-container\">\n<div class=\"wp-block-uagb-container uagb-block-7288466e default uagb-is-root-container\"><\/div>\n<\/div>\n\n\n\n<div class=\"wp-block-uagb-container uagb-block-f9b32e52 alignfull uagb-is-root-container\"><div class=\"uagb-container-inner-blocks-wrap\">\n<div class=\"wp-block-uagb-container uagb-block-553897f8\">\n<div class=\"wp-block-uagb-advanced-heading uagb-block-0397d445\"><p class=\"uagb-heading-text\"><strong>1. informazioni generali<\/strong><br><br>La protezione dei vostri dati personali \u00e8 importante per noi. In questa informativa sulla privacy, vi informiamo su quali dati personali raccogliamo, come li utilizziamo e quali diritti avete in relazione ai vostri dati.<br><br>I vostri dati sono trattati in conformit\u00e0 al Regolamento generale sulla protezione dei dati (GDPR) e alle altre normative applicabili in materia di protezione dei dati.<br><br><br><strong>2. responsabile del trattamento dei dati<\/strong><br><strong>Responsabile ai sensi della legge sulla protezione dei dati \u00e8:<\/strong><br><br>truu investment gmbh<br>Westring 14<br>DE-75180 Pforzheim<br><br>dsgvo@claim-angels.com<br>Telefono: +49 7231 13335888<br><br>Per le richieste di informazioni sulla protezione dei dati, potete contattarci utilizzando i dettagli di contatto sopra riportati.<br><br><br><strong>3. raccolta e trattamento dei dati personali<\/strong><br><br>Raccogliamo e trattiamo i dati personali quando:<br>- visitate il nostro sito web,<br>- presentare una richiesta di esame di una richiesta di risarcimento danni,<br>- utilizzare o commissionare i nostri servizi,<br>- contattarci (ad es. via e-mail, modulo di contatto, telefono).<br><br><strong>Quali dati vengono raccolti?<\/strong><br><br>A seconda della natura della richiesta e del caso, possono essere trattati i seguenti dati:<br><br><strong>(a) Dati aziendali<\/strong><br>- Nome della societ\u00e0<br>- Indirizzo dell'azienda<br>- Dati di contatto (e-mail, telefono)<br>- Numeri di registro fiscale e commerciale<br><br><strong>(b) Dati relativi al veicolo (angeli dei camion)<\/strong><br>- Produttore, modello, anno di produzione<br>- Numero di identificazione del veicolo (VIN)<br>- Contratto di acquisto, contratto di leasing<br>- Richieste di risarcimento danni, richieste di garanzia<br><br><strong>(c) Dati relativi alla prenotazione (booking angels)<\/strong><br>- Conferme di prenotazione<br>- Fatture<br>- Cronologia delle comunicazioni con le piattaforme di prenotazione<br><br><strong>(d) Dati generali sui contratti e sui sinistri<\/strong><br>- Richieste di risarcimento danni o di rimborso<br>- Corrispondenza con produttori, piattaforme di prenotazione, compagnie di assicurazione<br>- Documenti di avvocati e periti<br><br><br><strong>4. finalit\u00e0 del trattamento dei dati<\/strong><br><br>I dati di cui sopra sono trattati per le seguenti finalit\u00e0:<br><br><strong>1. esame e applicazione delle richieste di risarcimento danni<\/strong> verso produttori, piattaforme di prenotazione o altre parti.<br><br><strong>2. preparazione e avvio delle procedure legali<\/strong>, <br>compreso l'incarico a studi legali ed esperti.<br><br><strong>3. comunicazione con voi<\/strong>, <br>per informarci sullo stato attuale del vostro caso.<br><br><strong>4. finanziamento delle spese legali<\/strong> <br>e la liquidazione dei pagamenti di partecipazione agli utili.<br><br><strong>5. adempimento degli obblighi di legge<\/strong>, <br>in particolare i periodi di conservazione previsti dal diritto fiscale e commerciale.<br><br>Il trattamento dei Suoi dati avviene esclusivamente sulla base di <strong>Art. 6 comma 1 GDPR<\/strong>in particolare:<br><br><strong>- Art. 6 par. 1 lit. b GDPR<\/strong> (adempimento del contratto),<br>\u00a0<strong>- Art. 6 comma 1 lett. f GDPR<\/strong> (interesse legittimo a far valere i propri diritti),<br><strong>- Art. 6 par. 1 lit. c GDPR<\/strong> (obblighi legali).<br><br><br><strong>5. divulgazione dei dati a terzi<\/strong><br><br>I vostri dati saranno sempre <strong>non trasmessi a terzi<\/strong>a meno che ci\u00f2 non sia necessario per far valere i vostri diritti. In questo caso, i dati possono essere trasmessi a:<br><strong>- Studi legali<\/strong>che presentano azioni legali per conto del cliente.<br><strong>- Valutatori e periti<\/strong>che valutano il danno o la richiesta di risarcimento.<br><strong>- Tribunali e autorit\u00e0<\/strong>in caso di avvio del procedimento.<br><strong>- Fornitore di servizi di pagamento<\/strong>se \u00e8 necessario un pagamento o un'assunzione di costi.<br><br>Con tutti i partner esterni abbiamo <strong>Contratti di elaborazione degli ordini (AVV)<\/strong> concluso ai sensi dell'art. 28 GDPR.<br><br><br><strong>6. periodo di conservazione dei dati<\/strong><br><br>Conserviamo i dati personali dell'utente solo per il tempo necessario a evadere la sua richiesta o per i periodi di conservazione previsti dalla legge.<br><br>- Documenti aziendali: <strong>10 anni<\/strong> (secondo HGB e AO)<br>- Corrispondenza e documenti contrattuali: <strong>6 anni<\/strong> (ai sensi del \u00a7 257 HGB)<br>- Documenti contabili e fatture: <strong>10 anni<\/strong> (ai sensi del \u00a7 147 AO)<br><br>Una volta scaduto il periodo di conservazione, i dati saranno cancellati.<br><br><br><strong>7 I vostri diritti ai sensi del GDPR<\/strong><br><br>L'utente ha i seguenti diritti in relazione ai suoi dati personali da noi memorizzati:<br><br><strong>- Diritto all'informazione (art. 15 GDPR)<\/strong><br>\u00c8 possibile richiedere una copia dei propri dati memorizzati.<br><br><strong>- Diritto di rettifica (art. 16 GDPR)<\/strong><br>Se i vostri dati non sono corretti, potete richiederne la correzione.<br><br><strong>- Diritto alla cancellazione (art. 17 GDPR)<\/strong><br>\u00c8 possibile richiedere la cancellazione dei propri dati, a condizione che non vi siano obblighi legali di conservazione.<br><br><strong>- Diritto alla limitazione del trattamento (art. 18 GDPR)<\/strong><br>Se \u00e8 necessario un chiarimento sul trattamento dei dati, \u00e8 possibile richiedere una limitazione del trattamento.<br><br><strong>- Diritto alla portabilit\u00e0 dei dati (art. 20 GDPR)<\/strong><br>Avete il diritto di ricevere i vostri dati in un formato leggibile a macchina.<br><br><strong>- Diritto di opposizione (art. 21 GDPR)<\/strong><br>Potete opporvi in qualsiasi momento al trattamento dei vostri dati se questo si basa su un interesse legittimo.<br><br><br><strong>Contatto per le richieste di informazioni sulla protezione dei dati:<\/strong><br><a href=\"mailto:datenschutz@claim-angels.com\">datenschutz@claim-angels.com<\/a><br><br>Se ritenete che i vostri dati siano trattati illegalmente, avete il diritto di presentare un reclamo a un'autorit\u00e0 di protezione dei dati.<br><br><br><strong>8. sicurezza dei dati<\/strong><br><br>Utilizziamo misure tecniche e organizzative per proteggere i vostri dati da perdite, manipolazioni e accessi non autorizzati. Queste misure includono<br><br>- Crittografia SSL del sito web<br>- Limitare l'accesso ai dati<br>- Controlli di sicurezza regolari<br><br><br><strong>9. modifiche alla presente informativa sulla privacy<\/strong><br><br>La presente informativa sulla privacy viene aggiornata regolarmente. Le modifiche saranno pubblicate su questa pagina.<br><br><strong>Ultimo aggiornamento:<\/strong> 10.03.2025<\/p><\/div>\n<\/div>\n\n\n\n<div class=\"wp-block-uagb-container uagb-block-ae8db127\">\n<div class=\"wp-block-uagb-advanced-heading uagb-block-40aceb3d\"><p class=\"uagb-heading-text\">truu investment gmbh<br>Westring 14<br>DE-75180 Pforzheim<br><br>Tribunale di Mannheim HRB 711057<br><br>CEO: Timo Krause<br><br><a href=\"mailto:hello@claim-angels.com\">hello@claim-angels.com<\/a><br><a href=\"tel:49723113335888\">+49 7231 13335888<\/a><\/p><div class=\"uagb-separator\"><\/div><\/div>\n<\/div>\n<\/div><\/div>","protected":false},"excerpt":{"rendered":"<p>1 Informazioni generali La protezione dei vostri dati personali \u00e8 importante per noi. In questa informativa sulla privacy, vi informiamo su quali dati personali raccogliamo, come li utilizziamo e quali diritti avete in relazione ai vostri dati. I vostri dati sono trattati in conformit\u00e0 al Regolamento generale sulla protezione dei dati (GDPR) e alle altre normative applicabili in materia di protezione dei dati. 2. responsabile di [...]<\/p>","protected":false},"author":11,"featured_media":0,"parent":0,"menu_order":0,"comment_status":"closed","ping_status":"closed","template":"","meta":{"_uag_custom_page_level_css":"","footnotes":""},"class_list":["post-8265","page","type-page","status-publish","hentry"],"uagb_featured_image_src":{"full":false,"thumbnail":false,"medium":false,"medium_large":false,"large":false,"1536x1536":false,"2048x2048":false,"trp-custom-language-flag":false},"uagb_author_info":{"display_name":"samuel","author_link":"https:\/\/claim-angels.com\/it\/author\/samuel\/"},"uagb_comment_info":0,"uagb_excerpt":"1. Allgemeine Hinweise Der Schutz Ihrer pers\u00f6nlichen Daten ist uns ein wichtiges Anliegen. In dieser Datenschutzerkl\u00e4rung informieren wir Sie dar\u00fcber, welche personenbezogenen Daten wir erheben, wie wir sie nutzen und welche Rechte Sie in Bezug auf Ihre Daten haben. Die Verarbeitung Ihrer Daten erfolgt gem\u00e4\u00df der Datenschutz-Grundverordnung (DSGVO) und anderen geltenden Datenschutzbestimmungen. 2. Verantwortlicher f\u00fcr&hellip;","_links":{"self":[{"href":"https:\/\/claim-angels.com\/it\/wp-json\/wp\/v2\/pages\/8265","targetHints":{"allow":["GET"]}}],"collection":[{"href":"https:\/\/claim-angels.com\/it\/wp-json\/wp\/v2\/pages"}],"about":[{"href":"https:\/\/claim-angels.com\/it\/wp-json\/wp\/v2\/types\/page"}],"author":[{"embeddable":true,"href":"https:\/\/claim-angels.com\/it\/wp-json\/wp\/v2\/users\/11"}],"replies":[{"embeddable":true,"href":"https:\/\/claim-angels.com\/it\/wp-json\/wp\/v2\/comments?post=8265"}],"version-history":[{"count":7,"href":"https:\/\/claim-angels.com\/it\/wp-json\/wp\/v2\/pages\/8265\/revisions"}],"predecessor-version":[{"id":8332,"href":"https:\/\/claim-angels.com\/it\/wp-json\/wp\/v2\/pages\/8265\/revisions\/8332"}],"wp:attachment":[{"href":"https:\/\/claim-angels.com\/it\/wp-json\/wp\/v2\/media?parent=8265"}],"curies":[{"name":"wp","href":"https:\/\/api.w.org\/{rel}","templated":true}]}}