{"id":8032,"date":"2025-02-28T22:43:06","date_gmt":"2025-02-28T21:43:06","guid":{"rendered":"https:\/\/claim-angels.com\/?page_id=8032"},"modified":"2025-03-12T15:29:28","modified_gmt":"2025-03-12T14:29:28","slug":"booking-angels","status":"publish","type":"page","link":"https:\/\/claim-angels.com\/it\/booking-angels\/","title":{"rendered":"Prenotazione Angeli"},"content":{"rendered":"<div class=\"wp-block-cover alignfull has-parallax slider-wrapper has-base-color has-text-color has-link-color wp-elements-d3c55098d954b813407827a419028e05\" style=\"margin-top:0;margin-bottom:0;padding-top:0;padding-right:var(--wp--preset--spacing--50);padding-bottom:0;padding-left:var(--wp--preset--spacing--50);min-height:100vh;aspect-ratio:unset;\"><span aria-hidden=\"true\" class=\"wp-block-cover__background has-contrast-background-color has-background-dim\"><\/span><div class=\"wp-block-cover__image-background wp-image-8320 has-parallax\" style=\"background-position:50% 50%;background-image:url(https:\/\/claim-angels.com\/wp-content\/uploads\/2025\/03\/booking-header.jpg)\"><\/div><div class=\"wp-block-cover__inner-container has-global-padding is-layout-constrained wp-container-core-cover-is-layout-1 wp-block-cover-is-layout-constrained\">\n<div class=\"wp-block-group alignwide hl-wrapper is-layout-flow wp-block-group-is-layout-flow\">\n<div class=\"wp-block-uagb-advanced-heading uagb-block-fcfca36b\"><h1 class=\"uagb-heading-text\"><strong><strong>BENVENUTI A<\/strong><br>Prenotazione angeli.<\/strong><\/h1><\/div>\n\n\n\n<div class=\"wp-block-uagb-advanced-heading uagb-block-baaac4d5\"><h1 class=\"uagb-heading-text\">Il vostro partner per le richieste di risarcimento danni nel caso del cartello Booking.com.<\/h1><\/div>\n\n\n\n<div class=\"stoerer\" style=\"color: #002a44;\">Risarcimento dei danni<br>\u00e8 esente da imposte!<\/div><style>.stoerer:after {background-color: #002a44!important;}<\/style>\n<\/div>\n<\/div><\/div>\n\n\n\n<div class=\"wp-block-uagb-container uagb-block-11807894 default uagb-is-root-container\">\n<div class=\"wp-block-uagb-container uagb-block-7288466e default uagb-is-root-container\"><\/div>\n<\/div>\n\n\n\n<div class=\"wp-block-group alignfull is-style-section-5 has-base-background-color has-background has-global-padding is-layout-constrained wp-block-group-is-layout-constrained is-style-section-5--1\" style=\"margin-top:0;margin-bottom:0;padding-top:var(--wp--preset--spacing--60);padding-bottom:var(--wp--preset--spacing--60)\">\n<div class=\"wp-block-columns alignwide are-vertically-aligned-center is-layout-flex wp-container-core-columns-is-layout-1 wp-block-columns-is-layout-flex\">\n<div class=\"wp-block-column is-vertically-aligned-center is-layout-flow wp-block-column-is-layout-flow\" style=\"flex-basis:100%\">\n<div style=\"height:20px\" aria-hidden=\"true\" class=\"wp-block-spacer\"><\/div>\n\n\n\n<div class=\"wp-block-uagb-advanced-heading uagb-block-a8a1d8e1\"><h1 class=\"uagb-heading-text\"><strong><strong>Prenotazione<\/strong> Angeli.<\/strong><br><strong><strong>Per il vostro diritto al risarcimento.<\/strong><\/strong><\/h1><\/div>\n\n\n\n<div class=\"wp-block-uagb-advanced-heading uagb-block-0397d445\"><p class=\"uagb-heading-text\">La vostra attivit\u00e0 alberghiera ha lavorato con Booking.com tra il 2006 e il 2022? Allora siete interessati da clausole illegali sul miglior prezzo e\/o da prenotazioni online non conformi. In entrambi i casi, avete diritto a un risarcimento finanziario. Vi forniremo un'assistenza completa e prepareremo per voi tutti i documenti pronti per il tribunale. Recuperate i vostri soldi da Booking.com! Potete trovare il contesto esatto del caso Booking.com nelle FAQ.<\/p><\/div>\n<\/div>\n<\/div>\n<\/div>\n\n\n\n<div class=\"wp-block-uagb-container uagb-block-dd8ab561 alignfull uagb-is-root-container\"><div class=\"uagb-container-inner-blocks-wrap\">\n<div class=\"wp-block-uagb-container uagb-block-a68d28ab\">\n<div class=\"wp-block-uagb-container uagb-block-3f996c4f alignfull uagb-is-root-container\"><div class=\"uagb-container-inner-blocks-wrap\">\n<div class=\"wp-block-uagb-advanced-heading uagb-block-e1e7348d\"><h2 class=\"uagb-heading-text\"><strong><strong><strong>Quattro fasi per il risarcimento<\/strong><\/strong><\/strong>.<br><strong>Il processo \u00e8 cos\u00ec semplice per voi di Booking Angels.<\/strong><\/h2><\/div>\n<\/div><\/div>\n\n\n\n<div class=\"wp-block-uagb-container uagb-block-2a27e93d alignfull uagb-is-root-container\"><div class=\"uagb-container-inner-blocks-wrap\">\n<div class=\"wp-block-uagb-container uagb-block-069f74fa\">\n<div class=\"wp-block-uagb-info-box uagb-block-3ce48758 uagb-infobox__content-wrap  uagb-infobox-icon-above-title uagb-infobox-image-valign-top\"><div class=\"uagb-ifb-content\"><div class=\"uagb-ifb-icon-wrap\"><svg xmlns=\"https:\/\/www.w3.org\/2000\/svg\" viewbox=\"0 0 512 512\"><path d=\"M0 256C0 114.6 114.6 0 256 0C397.4 0 512 114.6 512 256C512 397.4 397.4 512 256 512C114.6 512 0 397.4 0 256zM371.8 211.8C382.7 200.9 382.7 183.1 371.8 172.2C360.9 161.3 343.1 161.3 332.2 172.2L224 280.4L179.8 236.2C168.9 225.3 151.1 225.3 140.2 236.2C129.3 247.1 129.3 264.9 140.2 275.8L204.2 339.8C215.1 350.7 232.9 350.7 243.8 339.8L371.8 211.8z\"><\/path><\/svg><\/div><div class=\"uagb-ifb-title-wrap\"><h3 class=\"uagb-ifb-title\"><strong>Calcolo delle richieste di risarcimento:<\/strong><\/h3><\/div><p class=\"uagb-ifb-desc\">Utilizzate il calcolatore di risarcimento per verificare se e in che misura avete diritto al risarcimento.<\/p><\/div><\/div>\n<\/div>\n\n\n\n<div class=\"wp-block-uagb-container uagb-block-5766cf06\">\n<div class=\"wp-block-uagb-info-box uagb-block-5ac26897 uagb-infobox__content-wrap  uagb-infobox-icon-above-title uagb-infobox-image-valign-top\"><div class=\"uagb-ifb-content\"><div class=\"uagb-ifb-icon-wrap\"><svg xmlns=\"https:\/\/www.w3.org\/2000\/svg\" viewbox=\"0 0 512 512\"><path d=\"M0 256C0 114.6 114.6 0 256 0C397.4 0 512 114.6 512 256C512 397.4 397.4 512 256 512C114.6 512 0 397.4 0 256zM371.8 211.8C382.7 200.9 382.7 183.1 371.8 172.2C360.9 161.3 343.1 161.3 332.2 172.2L224 280.4L179.8 236.2C168.9 225.3 151.1 225.3 140.2 236.2C129.3 247.1 129.3 264.9 140.2 275.8L204.2 339.8C215.1 350.7 232.9 350.7 243.8 339.8L371.8 211.8z\"><\/path><\/svg><\/div><div class=\"uagb-ifb-title-wrap\"><h3 class=\"uagb-ifb-title\"><strong><strong>Caricare i documenti:<\/strong><\/strong><\/h3><\/div><p class=\"uagb-ifb-desc\">Nell'area di login, caricare il proprio <br>I documenti di Booking.com.<\/p><\/div><\/div>\n<\/div>\n<\/div><\/div>\n\n\n\n<div class=\"wp-block-uagb-container uagb-block-21aa3b04 alignfull uagb-is-root-container\"><div class=\"uagb-container-inner-blocks-wrap\">\n<div class=\"wp-block-uagb-container uagb-block-8856c737\">\n<div class=\"wp-block-uagb-info-box uagb-block-6ecee3a3 uagb-infobox__content-wrap  uagb-infobox-icon-above-title uagb-infobox-image-valign-top\"><div class=\"uagb-ifb-content\"><div class=\"uagb-ifb-icon-wrap\"><svg xmlns=\"https:\/\/www.w3.org\/2000\/svg\" viewbox=\"0 0 512 512\"><path d=\"M0 256C0 114.6 114.6 0 256 0C397.4 0 512 114.6 512 256C512 397.4 397.4 512 256 512C114.6 512 0 397.4 0 256zM371.8 211.8C382.7 200.9 382.7 183.1 371.8 172.2C360.9 161.3 343.1 161.3 332.2 172.2L224 280.4L179.8 236.2C168.9 225.3 151.1 225.3 140.2 236.2C129.3 247.1 129.3 264.9 140.2 275.8L204.2 339.8C215.1 350.7 232.9 350.7 243.8 339.8L371.8 211.8z\"><\/path><\/svg><\/div><div class=\"uagb-ifb-title-wrap\"><h3 class=\"uagb-ifb-title\"><strong><strong>Firmare il contratto e la procura:<\/strong><\/strong><\/h3><\/div><p class=\"uagb-ifb-desc\">Inviateci i documenti contrattuali firmati e il modulo di autorizzazione.<\/p><\/div><\/div>\n<\/div>\n\n\n\n<div class=\"wp-block-uagb-container uagb-block-05de833a\">\n<div class=\"wp-block-uagb-info-box uagb-block-102519ea uagb-infobox__content-wrap  uagb-infobox-icon-above-title uagb-infobox-image-valign-top\"><div class=\"uagb-ifb-content\"><div class=\"uagb-ifb-icon-wrap\"><svg xmlns=\"https:\/\/www.w3.org\/2000\/svg\" viewbox=\"0 0 512 512\"><path d=\"M0 256C0 114.6 114.6 0 256 0C397.4 0 512 114.6 512 256C512 397.4 397.4 512 256 512C114.6 512 0 397.4 0 256zM371.8 211.8C382.7 200.9 382.7 183.1 371.8 172.2C360.9 161.3 343.1 161.3 332.2 172.2L224 280.4L179.8 236.2C168.9 225.3 151.1 225.3 140.2 236.2C129.3 247.1 129.3 264.9 140.2 275.8L204.2 339.8C215.1 350.7 232.9 350.7 243.8 339.8L371.8 211.8z\"><\/path><\/svg><\/div><div class=\"uagb-ifb-title-wrap\"><h3 class=\"uagb-ifb-title\"><strong><strong><strong>Pagamento dei compensi <\/strong><\/strong><\/strong><strong><strong><strong>in caso di successo:<\/strong><\/strong><\/strong><\/h3><\/div><p class=\"uagb-ifb-desc\">Dopo un periodo di contenzioso stimato in 5-7 anni, riceverete il risarcimento.<\/p><\/div><\/div>\n<\/div>\n<\/div><\/div>\n<\/div>\n<\/div><\/div>\n\n\n\n<div data-aos= \"fade-up\" data-aos-duration=\"400\" data-aos-delay=\"0\" data-aos-easing=\"ease\" data-aos-once=\"true\" class=\"wp-block-uagb-container uagb-block-70a9d085 alignfull uagb-is-root-container\">\n<div class=\"wp-block-uagb-container uagb-block-7510963e alignfull uagb-is-root-container\"><div class=\"uagb-container-inner-blocks-wrap\">\n<div data-aos= \"fade-right\" data-aos-duration=\"400\" data-aos-delay=\"0\" data-aos-easing=\"ease\" data-aos-once=\"true\" class=\"wp-block-uagb-container uagb-block-3c170e52\">\n<div class=\"wp-block-uagb-advanced-heading uagb-block-fdff8c48\"><h3 class=\"uagb-heading-text\"><strong><strong><strong>Verifica gratuita. Caricamento gratuito. Profitto in caso di successo.<\/strong><\/strong><\/strong><\/h3><\/div>\n<\/div>\n<\/div><\/div>\n\n\n\n<div class=\"wp-block-uagb-container uagb-block-0c1ebed8 alignfull uagb-is-root-container\"><div class=\"uagb-container-inner-blocks-wrap\">\n<div data-aos= \"fade-right\" data-aos-duration=\"400\" data-aos-delay=\"0\" data-aos-easing=\"ease\" data-aos-once=\"true\" class=\"wp-block-uagb-container uagb-block-5a650293\">\n<div class=\"wp-block-uagb-advanced-heading uagb-block-12dff741\"><h3 class=\"uagb-heading-text\"><strong><strong><strong>Calcolare l'importo del risarcimento. Semplificato.<\/strong><\/strong><\/strong><\/h3><\/div>\n\n\n\n<div class=\"wp-block-uagb-advanced-heading uagb-block-9fc591be\"><p class=\"uagb-heading-text\">La nostra pratica <strong>Calcolo dei danni<\/strong> vi dice in modo rapido e comodo se e in che misura potete chiedere un risarcimento. In caso affermativo, tutto ci\u00f2 che dovete fare \u00e8 caricare i vostri documenti e noi ci occuperemo di tutto il resto. Avrete un referente dedicato al vostro fianco fino alla conclusione della richiesta di risarcimento. Potete consultare lo stato del processo in qualsiasi momento nella nostra area di accesso.<\/p><\/div>\n\n\n\n<div class=\"wp-block-uagb-buttons uagb-buttons__outer-wrap uagb-btn__default-btn uagb-btn-tablet__default-btn uagb-btn-mobile__default-btn uagb-block-7faab96d\"><div class=\"uagb-buttons__wrap uagb-buttons-layout-wrap\">\n<div class=\"wp-block-uagb-buttons-child uagb-buttons__outer-wrap uagb-block-063b5f64 wp-block-button\"><div class=\"uagb-button__wrapper\"><a class=\"uagb-buttons-repeater wp-block-button__link\" aria-label=\"\" href=\"#\" rel=\"follow noopener\" target=\"_self\" role=\"button\"><div class=\"uagb-button__link\">Verifica ora gratuita<\/div><\/a><\/div><\/div>\n<\/div><\/div>\n<\/div>\n\n\n\n<div class=\"wp-block-uagb-container uagb-block-b302a8d0\">\n<div data-aos= \"fade-left\" data-aos-duration=\"400\" data-aos-delay=\"0\" data-aos-easing=\"ease\" data-aos-once=\"true\" class=\"wp-block-uagb-container uagb-block-b684e8b3\"><\/div>\n<\/div>\n<\/div><\/div>\n\n\n\n<div class=\"wp-block-uagb-container uagb-block-d27f95db alignfull uagb-is-root-container\"><div class=\"uagb-container-inner-blocks-wrap\">\n<div class=\"wp-block-uagb-container uagb-block-0b9f06fe\">\n<div data-aos= \"fade-right\" data-aos-duration=\"400\" data-aos-delay=\"0\" data-aos-easing=\"ease\" data-aos-once=\"true\" class=\"wp-block-uagb-container uagb-block-337637c4\"><\/div>\n<\/div>\n\n\n\n<div data-aos= \"fade-left\" data-aos-duration=\"400\" data-aos-delay=\"0\" data-aos-easing=\"ease\" data-aos-once=\"true\" class=\"wp-block-uagb-container uagb-block-b11c8216\">\n<div class=\"wp-block-uagb-advanced-heading uagb-block-37b38446\"><h3 class=\"uagb-heading-text\"><strong><strong><strong>100% opportunit\u00e0. 100% esenti da imposte. Zero rischi.<\/strong><\/strong><\/strong><\/h3><\/div>\n\n\n\n<div class=\"wp-block-uagb-advanced-heading uagb-block-16c200dd\"><p class=\"uagb-heading-text\">Garantiamo che tutto rimarr\u00e0 100 % gratuitamente in anticipo. Questo perch\u00e9 Booking Angels lavora esclusivamente sulla base del successo. In caso di successo, addebitiamo un costo fisso per le nostre spese sulla somma finale vinta. Quindi non c'\u00e8 alcun rischio per voi, tutto rimane trasparente al 100 % e potete solo vincere. E soprattutto: il compenso \u00e8 esente da imposte!<\/p><\/div>\n\n\n\n<div class=\"wp-block-uagb-buttons uagb-buttons__outer-wrap uagb-btn__default-btn uagb-btn-tablet__default-btn uagb-btn-mobile__default-btn uagb-block-8d242ef5\"><div class=\"uagb-buttons__wrap uagb-buttons-layout-wrap\">\n<div class=\"wp-block-uagb-buttons-child uagb-buttons__outer-wrap uagb-block-3896df69 wp-block-button\"><div class=\"uagb-button__wrapper\"><a class=\"uagb-buttons-repeater wp-block-button__link\" aria-label=\"\" href=\"\/it\/kontakt\/\" rel=\"follow noopener\" target=\"_self\" role=\"button\"><div class=\"uagb-button__link\">Contattate subito<\/div><\/a><\/div><\/div>\n<\/div><\/div>\n<\/div>\n<\/div><\/div>\n<\/div>\n\n\n\n<div class=\"wp-block-uagb-container uagb-block-983105a7 alignfull uagb-is-root-container\"><div class=\"uagb-container-inner-blocks-wrap\">\n<div class=\"wp-block-group alignfull has-global-padding is-layout-constrained wp-container-core-group-is-layout-4 wp-block-group-is-layout-constrained\" style=\"margin-top:0;margin-bottom:0;padding-right:0;padding-left:0\">\n<div class=\"wp-block-group alignwide is-layout-flow wp-container-core-group-is-layout-3 wp-block-group-is-layout-flow\" style=\"padding-top:var(--wp--preset--spacing--50);padding-bottom:var(--wp--preset--spacing--50)\">\n<div class=\"wp-block-uagb-advanced-heading uagb-block-2bfcc967\"><h2 class=\"uagb-heading-text\">Domande frequenti<\/h2><\/div>\n\n\n<section class=\"leistungenWrapper mti_font_element\">\r\n  \r\n    <div class=\"leistungen basicWidth mti_font_element\">\r\n      <h3 class=\"mti_font_element\"><\/h3>\r\n      \r\n      <div class=\"leistungenBox mti_font_element\">\r\n        <dl class=\"accordion mti_font_element\">\r\n          <dt class=\"mti_font_element\"><i class=\"fa fa-angle-down\"><\/i> Qual \u00e8 il contesto delle clausole di miglior prezzo di Booking.com?<\/dt>\r\n          <dd>Da anni molti hotel pagano a Booking.com commissioni eccessive. Il motivo \u00e8 da ricercare nelle clausole di miglior prezzo che sono state inserite nelle condizioni generali di Booking.com dal 2006 e che violano la legge antitrust. Queste clausole vietavano agli hotel di offrire le proprie camere a prezzi pi\u00f9 vantaggiosi su altre piattaforme o persino sul proprio sito web. L'Ufficio federale tedesco per i cartelli ha dichiarato questa pratica illegale nel 2015. Il caso \u00e8 attualmente all'esame della Corte federale di giustizia.<\/dd>\r\n          \r\n          <dt class=\"mti_font_element\"><i class=\"fa fa-angle-down\"><\/i> Quali sono i retroscena del pulsante di prenotazione non conforme di Booking.com?<\/dt>\r\n          <dd>Tra il giugno 2014 e il dicembre 2022, il pulsante di prenotazione sul sito web di Booking.com riportava la dicitura \"completa la prenotazione\". Poich\u00e9 non vi era alcun riferimento all'addebito, il pulsante non era corretto e la prenotazione non era conforme alla legge. La Corte di giustizia europea ha stabilito che le prenotazioni effettuate in questo periodo non erano valide. Gli hotel che hanno pagato commissioni a Booking.com durante questo periodo possono chiedere il rimborso.<\/dd>\r\n\r\n          <dt class=\"mti_font_element\"><i class=\"fa fa-angle-down\"><\/i> Devo pagare le tasse sui proventi della causa?<\/dt>\r\n          <dd>No. Si tratta di un risarcimento danni, cio\u00e8 di una compensazione per una perdita subita. Si tratta di 100 % esenti da imposte.<\/dd>\r\n\r\n          <dt class=\"mti_font_element\"><i class=\"fa fa-angle-down\"><\/i> Esiste una garanzia di costo?<\/dt>\r\n          <dd>S\u00ec, garantiamo che il nostro lavoro in anticipo \u00e8 100 % gratuito. Lavoriamo esclusivamente in base al successo e siamo guidati dall'importo ottenuto alla fine. Addebitiamo un costo fisso del 35% per il lavoro svolto. <\/dd>\r\n        <\/dl>\r\n      <\/div>\r\n\r\n\r\n\r\n      \r\n      <div class=\"leistungenBox leistungenBoxRight\">\r\n        <dl class=\"accordion\">\r\n\t\t\t\t<dt class=\"mti_font_element\"><i class=\"fa fa-angle-down\"><\/i> Quanti contatti ho?<\/dt>\r\n          <dd>Ogni cliente ha un contatto personale che si occupa del caso dall'inizio alla fine e coordina tutti gli altri contatti in background. Questo \u00e8 parte integrante del nostro servizio.<\/dd>\r\n          \r\n          <dt class=\"mti_font_element\"><i class=\"fa fa-angle-down\"><\/i> Quale studio legale gestisce le cause?<\/dt>\r\n          <dd>Lo studio legale G\u00f6rg. Il rinomato ed esperto specialista in diritto antitrust.<\/dd>\r\n\r\n          <dt class=\"mti_font_element\"><i class=\"fa fa-angle-down\"><\/i> Cosa succederebbe se la causa venisse persa in tribunale?<\/dt>\r\n          <dd>Il cliente non deve sostenere alcun costo. In caso di soccombenza in una causa, il cliente non ha diritto ad alcun risarcimento o non riceve alcun indennizzo. Il rischio al 100% \u00e8 esclusivamente del prefinanziatore delle spese legali. In questo caso, perderebbe il suo investimento.<\/dd>\r\n\r\n          <dt class=\"mti_font_element\"><i class=\"fa fa-angle-down\"><\/i> booking.com pu\u00f2 interrompere la collaborazione se intraprendiamo un'azione legale?<\/dt>\r\n          <dd>In linea di principio, booking.com non pu\u00f2 risolvere un contratto a causa di proprie violazioni legali se il reclamo \u00e8 giustificato. Tuttavia, se ci\u00f2 dovesse accadere, potrebbe essere rilevante ai sensi della legge antitrust. In tal caso, potremmo esaminare ulteriori azioni legali, comprese eventuali richieste di risarcimento danni. <\/dd>\r\n        <\/dl>\r\n\r\n      <\/div>\r\n      \r\n    <\/div>\r\n<\/section>\n<\/div>\n<\/div>\n<\/div><\/div>","protected":false},"excerpt":{"rendered":"<p>Booking Angels.for il vostro diritto al risarcimento. La vostra attivit\u00e0 alberghiera ha lavorato con Booking.com tra il 2006 e il 2022? Allora siete stati colpiti da clausole illegali sul miglior prezzo e\/o da prenotazioni online non conformi. In entrambi i casi, avete diritto a un risarcimento economico. Vi forniremo un'assistenza completa e prepareremo per voi tutti i documenti pronti per il tribunale. Ottenete [...]<\/p>","protected":false},"author":11,"featured_media":0,"parent":0,"menu_order":0,"comment_status":"closed","ping_status":"closed","template":"","meta":{"_uag_custom_page_level_css":"","footnotes":""},"class_list":["post-8032","page","type-page","status-publish","hentry"],"uagb_featured_image_src":{"full":false,"thumbnail":false,"medium":false,"medium_large":false,"large":false,"1536x1536":false,"2048x2048":false,"trp-custom-language-flag":false},"uagb_author_info":{"display_name":"samuel","author_link":"https:\/\/claim-angels.com\/it\/author\/samuel\/"},"uagb_comment_info":0,"uagb_excerpt":"Booking Angels.F\u00fcr Ihr Recht auf Schadensersatz. Hat Ihr Hotellerie Betrieb zwischen 2006 und 2022 mit Booking.com zusammengearbeitet? Dann sind Sie von illegalen Bestpreisklauseln und\/oder nicht rechtskonformen Online-Buchungen betroffen. In beiden F\u00e4llen steht Ihnen eine finanzielle Entsch\u00e4digung zu. Wir unterst\u00fctzen Sie dabei in vollem Umfang und bereiten alle Unterlagen gerichtsfertig f\u00fcr Sie auf. Holen Sie sich&hellip;","_links":{"self":[{"href":"https:\/\/claim-angels.com\/it\/wp-json\/wp\/v2\/pages\/8032","targetHints":{"allow":["GET"]}}],"collection":[{"href":"https:\/\/claim-angels.com\/it\/wp-json\/wp\/v2\/pages"}],"about":[{"href":"https:\/\/claim-angels.com\/it\/wp-json\/wp\/v2\/types\/page"}],"author":[{"embeddable":true,"href":"https:\/\/claim-angels.com\/it\/wp-json\/wp\/v2\/users\/11"}],"replies":[{"embeddable":true,"href":"https:\/\/claim-angels.com\/it\/wp-json\/wp\/v2\/comments?post=8032"}],"version-history":[{"count":10,"href":"https:\/\/claim-angels.com\/it\/wp-json\/wp\/v2\/pages\/8032\/revisions"}],"predecessor-version":[{"id":8327,"href":"https:\/\/claim-angels.com\/it\/wp-json\/wp\/v2\/pages\/8032\/revisions\/8327"}],"wp:attachment":[{"href":"https:\/\/claim-angels.com\/it\/wp-json\/wp\/v2\/media?parent=8032"}],"curies":[{"name":"wp","href":"https:\/\/api.w.org\/{rel}","templated":true}]}}