{"id":8043,"date":"2025-02-28T23:00:51","date_gmt":"2025-02-28T22:00:51","guid":{"rendered":"https:\/\/claim-angels.com\/?page_id=8043"},"modified":"2025-03-13T11:35:18","modified_gmt":"2025-03-13T10:35:18","slug":"kontakt","status":"publish","type":"page","link":"https:\/\/claim-angels.com\/fr\/kontakt\/","title":{"rendered":"Contact"},"content":{"rendered":"<div class=\"wp-block-cover alignfull slider-wrapper2 has-base-color has-text-color has-link-color wp-elements-e145e7d9ae853c0a6b83617aa0301548\" style=\"margin-top:0;margin-bottom:0;padding-top:0;padding-right:var(--wp--preset--spacing--50);padding-bottom:0;padding-left:var(--wp--preset--spacing--50);min-height:550px;aspect-ratio:unset;\"><span aria-hidden=\"true\" class=\"wp-block-cover__background has-contrast-background-color has-background-dim\"><\/span><img loading=\"lazy\" decoding=\"async\" width=\"1920\" height=\"1080\" class=\"wp-block-cover__image-background wp-image-8324\" alt=\"\" src=\"https:\/\/claim-angels.com\/wp-content\/uploads\/2025\/03\/kontakt-header.jpg\" style=\"object-position:70% 34%\" data-object-fit=\"cover\" data-object-position=\"70% 34%\" srcset=\"https:\/\/claim-angels.com\/wp-content\/uploads\/2025\/03\/kontakt-header.jpg 1920w, https:\/\/claim-angels.com\/wp-content\/uploads\/2025\/03\/kontakt-header-300x169.jpg 300w, https:\/\/claim-angels.com\/wp-content\/uploads\/2025\/03\/kontakt-header-1024x576.jpg 1024w, https:\/\/claim-angels.com\/wp-content\/uploads\/2025\/03\/kontakt-header-768x432.jpg 768w, https:\/\/claim-angels.com\/wp-content\/uploads\/2025\/03\/kontakt-header-1536x864.jpg 1536w\" sizes=\"auto, (max-width: 1920px) 100vw, 1920px\" \/><div class=\"wp-block-cover__inner-container has-global-padding is-layout-constrained wp-container-core-cover-is-layout-1 wp-block-cover-is-layout-constrained\">\n<div class=\"wp-block-group alignwide is-layout-flow wp-block-group-is-layout-flow\">\n<div class=\"wp-block-uagb-advanced-heading uagb-block-fcfca36b\"><h1 class=\"uagb-heading-text\"><strong><strong>Contact<\/strong><\/strong><\/h1><\/div>\n<\/div>\n<\/div><\/div>\n\n\n\n<div class=\"wp-block-uagb-container uagb-block-11807894 default uagb-is-root-container\">\n<div class=\"wp-block-uagb-container uagb-block-7288466e default uagb-is-root-container\"><\/div>\n<\/div>\n\n\n\n<div class=\"wp-block-group alignfull is-style-section-5 has-base-background-color has-background has-global-padding is-layout-constrained wp-block-group-is-layout-constrained is-style-section-5--1\" style=\"margin-top:0;margin-bottom:0;padding-top:var(--wp--preset--spacing--60);padding-bottom:var(--wp--preset--spacing--60)\">\n<div class=\"wp-block-columns alignwide are-vertically-aligned-center is-layout-flex wp-container-core-columns-is-layout-1 wp-block-columns-is-layout-flex\">\n<div class=\"wp-block-column is-vertically-aligned-center is-layout-flow wp-block-column-is-layout-flow\" style=\"flex-basis:100%\">\n<div style=\"height:20px\" aria-hidden=\"true\" class=\"wp-block-spacer\"><\/div>\n\n\n\n<div class=\"wp-block-uagb-advanced-heading uagb-block-a8a1d8e1\"><h1 class=\"uagb-heading-text\"><strong>Les Claim Angels sont \u00e0 votre disposition dans toute l'Europe !<\/strong><br><strong>N'h\u00e9sitez pas \u00e0 prendre contact avec nous.&nbsp;<\/strong><\/h1><\/div>\n\n\n\n<div class=\"wp-block-uagb-advanced-heading uagb-block-0397d445\"><p class=\"uagb-heading-text\">Vous avez des questions ou besoin de conseils de la part de nos experts ? Nous nous ferons un plaisir de vous aider, que ce soit par t\u00e9l\u00e9phone, par e-mail ou via notre formulaire de contact.<\/p><\/div>\n<\/div>\n<\/div>\n<\/div>\n\n\n\n<div class=\"wp-block-uagb-container uagb-block-dd8ab561 alignfull uagb-is-root-container\"><div class=\"uagb-container-inner-blocks-wrap\">\n<div class=\"wp-block-uagb-container uagb-block-a68d28ab\">\n<div class=\"wp-block-uagb-container uagb-block-21aa3b04 alignfull uagb-is-root-container\"><div class=\"uagb-container-inner-blocks-wrap\"><div class=\"frm_forms  with_frm_style frm_style_formidable-style\" id=\"frm_form_5_container\" data-token=\"e72ff15df19bd5b41095edccdf03fc47\">\n<form enctype=\"multipart\/form-data\" method=\"post\" class=\"frm-show-form  frm_js_validate\" id=\"form_kontakt\" data-token=\"e72ff15df19bd5b41095edccdf03fc47\" action=\"\">\n<div class=\"frm_form_fields\">\n<fieldset>\n<legend class=\"frm_screen_reader\">contact<\/legend>\r\n\r\n<div class=\"frm_fields_container\">\n<input type=\"hidden\" name=\"frm_action\" value=\"create\" \/>\n<input type=\"hidden\" name=\"form_id\" value=\"5\" \/>\n<input type=\"hidden\" name=\"frm_hide_fields_5\" id=\"frm_hide_fields_5\" value=\"\" \/>\n<input type=\"hidden\" name=\"form_key\" value=\"kontakt\" \/>\n<input type=\"hidden\" name=\"item_meta[0]\" value=\"\" \/>\n<input type=\"hidden\" id=\"frm_submit_entry_5\" name=\"frm_submit_entry_5\" value=\"5021d87f01\" \/><input type=\"hidden\" name=\"_wp_http_referer\" value=\"\/fr\/wp-json\/wp\/v2\/pages\/8043\" \/><div id=\"frm_field_73_container\" class=\"frm_form_field form-field  frm_top_container\">\r\n\t<label for=\"field_s9oiq\" id=\"field_s9oiq_label\" class=\"frm_primary_label\">Qui souhaitez-vous contacter ?\r\n\t\t<span class=\"frm_required\" aria-hidden=\"true\"><\/span>\r\n\t<\/label>\r\n\t\t\t<select name=\"item_meta[73]\" id=\"field_s9oiq\"  placeholder=\"- Bitte w\u00e4hlen\" data-invmsg=\"Wen m\u00f6chten Sie kontaktieren? est non valide\" aria-invalid=\"false\"  >\n\t\t<option  class=\"frm-select-placeholder\" value=\"\" data-placeholder=\"true\">- Veuillez choisir<\/option><option  value=\"Claim Angels\">Claim Angels<\/option><option  value=\"Truck Angels\">Truck Angels<\/option><option  value=\"Booking Angels\">R\u00e9servation Angels<\/option>\t<\/select>\n\t\r\n\t\r\n\t\r\n<\/div>\n<div id=\"frm_field_46_container\" class=\"frm_form_field form-field  frm_required_field frm_top_container\">\r\n    <label for=\"field_axusp4\" id=\"field_axusp4_label\" class=\"frm_primary_label\">Titre de civilit\u00e9\r\n        <span class=\"frm_required\" aria-hidden=\"true\">*<\/span>\r\n    <\/label>\r\n    \t\t<select name=\"item_meta[46]\" id=\"field_axusp4\"  placeholder=\"- Bitte w\u00e4hlen\" data-reqmsg=\"Dieses Feld darf nicht leer sein.\" aria-required=\"true\" data-invmsg=\"Anrede est non valide\" aria-invalid=\"false\"  >\n\t\t<option  class=\"frm-select-placeholder\" value=\"\" data-placeholder=\"true\">- Veuillez choisir<\/option><option  value=\"Herr\">Monsieur<\/option><option  value=\"Frau\">Mme<\/option>\t<\/select>\n\t\r\n    \r\n    \r\n<\/div>\n<div id=\"frm_field_47_container\" class=\"frm_form_field form-field  frm_required_field frm_top_container frm6 frm_first\">\r\n    <label for=\"field_qh4icy4\" id=\"field_qh4icy4_label\" class=\"frm_primary_label\">Pr\u00e9nom\r\n        <span class=\"frm_required\" aria-hidden=\"true\">*<\/span>\r\n    <\/label>\r\n    <input type=\"text\" id=\"field_qh4icy4\" name=\"item_meta[47]\" value=\"\"  data-reqmsg=\"Dieses Feld darf nicht leer sein.\" aria-required=\"true\" data-invmsg=\"Name ist ung\u00fcltig\" aria-invalid=\"false\"  \/>\r\n    \r\n    \r\n<\/div>\n<div id=\"frm_field_48_container\" class=\"frm_form_field form-field  frm_required_field frm_top_container frm6 frm_last\">\r\n    <label for=\"field_ocfup14\" id=\"field_ocfup14_label\" class=\"frm_primary_label\">Nom de famille\r\n        <span class=\"frm_required\" aria-hidden=\"true\">*<\/span>\r\n    <\/label>\r\n    <input type=\"text\" id=\"field_ocfup14\" name=\"item_meta[48]\" value=\"\"  data-reqmsg=\"Dieses Feld darf nicht leer sein.\" aria-required=\"true\" data-invmsg=\"Last ist ung\u00fcltig\" aria-invalid=\"false\"  \/>\r\n    \r\n    \r\n<\/div>\n<div id=\"frm_field_49_container\" class=\"frm_form_field form-field  frm_required_field frm_top_container frm_full\">\r\n    <label for=\"field_29yf4d4\" id=\"field_29yf4d4_label\" class=\"frm_primary_label\">Courrier \u00e9lectronique\r\n        <span class=\"frm_required\" aria-hidden=\"true\">*<\/span>\r\n    <\/label>\r\n    <input type=\"email\" id=\"field_29yf4d4\" name=\"item_meta[49]\" value=\"\"  data-reqmsg=\"Dieses Feld darf nicht leer sein.\" aria-required=\"true\" data-invmsg=\"Please enter a valid email address\" aria-invalid=\"false\"  \/>\r\n    \r\n    \r\n<\/div>\n<div id=\"frm_field_50_container\" class=\"frm_form_field form-field  frm_top_container frm12 frm_first\">\r\n    <label for=\"field_4pss34\" id=\"field_4pss34_label\" class=\"frm_primary_label\">T\u00e9l\u00e9phone\r\n        <span class=\"frm_required\" aria-hidden=\"true\"><\/span>\r\n    <\/label>\r\n    <input type=\"tel\" id=\"field_4pss34\" name=\"item_meta[50]\" value=\"\"  data-invmsg=\"Telefon ist ung\u00fcltig\" aria-invalid=\"false\" pattern=\"((\\+\\d{1,3}(-|.| )?\\(?\\d\\)?(-| |.)?\\d{1,5})|(\\(?\\d{2,6}\\)?))(-|.| )?(\\d{3,4})(-|.| )?(\\d{4})(( x| ext)\\d{1,5}){0,1}$\"  \/>\r\n    \r\n    \r\n<\/div>\n<div id=\"frm_field_72_container\" class=\"frm_form_field form-field  frm_required_field frm_top_container\">\r\n\t<label for=\"field_ycq8n\" id=\"field_ycq8n_label\" class=\"frm_primary_label\">Votre message\r\n\t\t<span class=\"frm_required\" aria-hidden=\"true\">*<\/span>\r\n\t<\/label>\r\n\t<textarea name=\"item_meta[72]\" id=\"field_ycq8n\" rows=\"5\"  data-reqmsg=\"Dieses Feld darf nicht leer sein.\" aria-required=\"true\" data-invmsg=\"Ihre Nachricht est non valide\" aria-invalid=\"false\"  ><\/textarea>\r\n\t\r\n\t\r\n<\/div>\n<div id=\"frm_field_54_container\" class=\"frm_form_field form-field  frm_required_field frm_top_container frm12 frm_first vertical_radio\">\r\n    <div  id=\"field_p33pd4_label\" class=\"frm_primary_label\">\r\n        <span class=\"frm_required\" aria-hidden=\"true\"><\/span>\r\n    <\/div>\r\n    <div class=\"frm_opt_container\" aria-labelledby=\"field_p33pd4_label\" role=\"group\">\t\t<div class=\"frm_checkbox\" id=\"frm_checkbox_54-0\">\t\t\t<label  for=\"field_p33pd4-0\">\n\t\t\t<input type=\"checkbox\" name=\"item_meta[54][]\" id=\"field_p33pd4-0\" value=\"Ja, ich habe die Datenschutzerkl\u00e4rung zur Kenntnis genommen und bin damit einverstanden, dass die von mir angegebenen Daten elektronisch erhoben und gespeichert werden. Meine Daten werden dabei nur streng zweckgebunden zur Bearbeitung und Beantwortung meiner Anfrage benutzt. Mit dem Absenden des Kontaktformulars erkl\u00e4re ich mich mit der Verarbeitung einverstanden.\"  data-reqmsg=\"Dieses Feld darf nicht leer sein.\" data-invmsg=\"Ce champ est non valide\" aria-invalid=\"false\"   aria-required=\"true\"  \/> Oui, j'ai pris connaissance de la d\u00e9claration de protection des donn\u00e9es et j'accepte que les donn\u00e9es que j'ai fournies soient collect\u00e9es et enregistr\u00e9es par voie \u00e9lectronique. Mes donn\u00e9es ne seront utilis\u00e9es que dans un but strictement limit\u00e9 au traitement et \u00e0 la r\u00e9ponse \u00e0 ma demande. En envoyant le formulaire de contact, je donne mon accord pour le traitement.<\/label><\/div>\n<\/div>\r\n    \r\n    \r\n<\/div>\n<div id=\"frm_field_56_container\" class=\"frm_form_field form-field  frm_none_container\">\r\n    <label for=\"g-recaptcha-response\" id=\"field_742ms_label\" class=\"frm_primary_label\">Captcha\r\n        <span class=\"frm_required\" aria-hidden=\"true\"><\/span>\r\n    <\/label>\r\n    \r\n    \r\n    \r\n<\/div>\n<div id=\"frm_field_71_container\" class=\"frm_form_field form-field\">\r\n\t<div class=\"frm_submit\">\r\n\r\n<button class=\"frm_button_submit\" type=\"submit\"  >Envoyer<\/button>\r\n\r\n\r\n<\/div>\r\n<\/div>\n\t<input type=\"hidden\" name=\"item_key\" value=\"\" \/>\n\t\t\t<div id=\"frm_field_74_container\">\n\t\t\t<label for=\"field_qxsre\" >\n\t\t\t\tSi vous \u00eates un humain, ne remplissez pas ce champ.\t\t\t<\/label>\n\t\t\t<input  id=\"field_qxsre\" type=\"text\" class=\"frm_form_field form-field frm_verify\" name=\"item_meta[74]\" value=\"\"  \/>\n\t\t<\/div>\n\t\t<input name=\"frm_state\" type=\"hidden\" value=\"9qXHbEu9VYiZgWqdJnML4ZlOy7gs5tHHn\/DEkmyEI08=\" \/><\/div>\n<\/fieldset>\n<\/div>\n\n<p style=\"display: none !important;\" class=\"akismet-fields-container\" data-prefix=\"ak_\"><label>&#916;<textarea name=\"ak_hp_textarea\" cols=\"45\" rows=\"8\" maxlength=\"100\"><\/textarea><\/label><input type=\"hidden\" id=\"ak_js_1\" name=\"ak_js\" value=\"128\"\/><script>document.getElementById( \"ak_js_1\" ).setAttribute( \"value\", ( new Date() ).getTime() );<\/script><\/p><input type=\"hidden\" name=\"trp-form-language\" value=\"fr\"\/><\/form>\n<\/div>\n\n<\/div><\/div>\n<\/div>\n<\/div><\/div>","protected":false},"excerpt":{"rendered":"<p>Les Claim Angels sont \u00e0 votre disposition dans toute l'Europe!Prenez contact avec nous.  Vous avez des questions ou besoin de conseils de la part de nos experts ? Nous nous ferons un plaisir de vous aider, que ce soit par t\u00e9l\u00e9phone, par e-mail ou via notre formulaire de contact.<\/p>","protected":false},"author":11,"featured_media":0,"parent":0,"menu_order":0,"comment_status":"closed","ping_status":"closed","template":"","meta":{"_uag_custom_page_level_css":"","footnotes":""},"class_list":["post-8043","page","type-page","status-publish","hentry"],"uagb_featured_image_src":{"full":false,"thumbnail":false,"medium":false,"medium_large":false,"large":false,"1536x1536":false,"2048x2048":false,"trp-custom-language-flag":false},"uagb_author_info":{"display_name":"samuel","author_link":"https:\/\/claim-angels.com\/fr\/author\/samuel\/"},"uagb_comment_info":0,"uagb_excerpt":"Die Claim Angels sind europaweit gerne f\u00fcr Sie da!Nehmen Sie Kontakt mit uns auf.&nbsp; Sie haben Fragen oder brauchen Beratung durch unsere Experten? Wir helfen Ihnen gerne weiter \u2013 ganz gleich ob telefonisch, per E-Mail oder \u00fcber unser Kontakt-Formular.","_links":{"self":[{"href":"https:\/\/claim-angels.com\/fr\/wp-json\/wp\/v2\/pages\/8043","targetHints":{"allow":["GET"]}}],"collection":[{"href":"https:\/\/claim-angels.com\/fr\/wp-json\/wp\/v2\/pages"}],"about":[{"href":"https:\/\/claim-angels.com\/fr\/wp-json\/wp\/v2\/types\/page"}],"author":[{"embeddable":true,"href":"https:\/\/claim-angels.com\/fr\/wp-json\/wp\/v2\/users\/11"}],"replies":[{"embeddable":true,"href":"https:\/\/claim-angels.com\/fr\/wp-json\/wp\/v2\/comments?post=8043"}],"version-history":[{"count":10,"href":"https:\/\/claim-angels.com\/fr\/wp-json\/wp\/v2\/pages\/8043\/revisions"}],"predecessor-version":[{"id":8341,"href":"https:\/\/claim-angels.com\/fr\/wp-json\/wp\/v2\/pages\/8043\/revisions\/8341"}],"wp:attachment":[{"href":"https:\/\/claim-angels.com\/fr\/wp-json\/wp\/v2\/media?parent=8043"}],"curies":[{"name":"wp","href":"https:\/\/api.w.org\/{rel}","templated":true}]}}