{"id":8032,"date":"2025-02-28T22:43:06","date_gmt":"2025-02-28T21:43:06","guid":{"rendered":"https:\/\/claim-angels.com\/?page_id=8032"},"modified":"2025-03-12T15:29:28","modified_gmt":"2025-03-12T14:29:28","slug":"booking-angels","status":"publish","type":"page","link":"https:\/\/claim-angels.com\/fr\/booking-angels\/","title":{"rendered":"R\u00e9servation Angels"},"content":{"rendered":"<div class=\"wp-block-cover alignfull has-parallax slider-wrapper has-base-color has-text-color has-link-color wp-elements-d3c55098d954b813407827a419028e05\" style=\"margin-top:0;margin-bottom:0;padding-top:0;padding-right:var(--wp--preset--spacing--50);padding-bottom:0;padding-left:var(--wp--preset--spacing--50);min-height:100vh;aspect-ratio:unset;\"><span aria-hidden=\"true\" class=\"wp-block-cover__background has-contrast-background-color has-background-dim\"><\/span><div class=\"wp-block-cover__image-background wp-image-8320 has-parallax\" style=\"background-position:50% 50%;background-image:url(https:\/\/claim-angels.com\/wp-content\/uploads\/2025\/03\/booking-header.jpg)\"><\/div><div class=\"wp-block-cover__inner-container has-global-padding is-layout-constrained wp-container-core-cover-is-layout-1 wp-block-cover-is-layout-constrained\">\n<div class=\"wp-block-group alignwide hl-wrapper is-layout-flow wp-block-group-is-layout-flow\">\n<div class=\"wp-block-uagb-advanced-heading uagb-block-fcfca36b\"><h1 class=\"uagb-heading-text\"><strong><strong>BIENVENUE CHEZ<\/strong><br>Les anges de la r\u00e9servation.<\/strong><\/h1><\/div>\n\n\n\n<div class=\"wp-block-uagb-advanced-heading uagb-block-baaac4d5\"><h1 class=\"uagb-heading-text\">Votre partenaire pour les demandes d'indemnisation dans l'affaire du cartel Booking.com.<\/h1><\/div>\n\n\n\n<div class=\"stoerer\" style=\"color: #002a44;\">Dommages et int\u00e9r\u00eats<br>est exon\u00e9r\u00e9 d'imp\u00f4ts !<\/div><style>.stoerer:after {background-color: #002a44!important;}<\/style>\n<\/div>\n<\/div><\/div>\n\n\n\n<div class=\"wp-block-uagb-container uagb-block-11807894 default uagb-is-root-container\">\n<div class=\"wp-block-uagb-container uagb-block-7288466e default uagb-is-root-container\"><\/div>\n<\/div>\n\n\n\n<div class=\"wp-block-group alignfull is-style-section-5 has-base-background-color has-background has-global-padding is-layout-constrained wp-block-group-is-layout-constrained is-style-section-5--1\" style=\"margin-top:0;margin-bottom:0;padding-top:var(--wp--preset--spacing--60);padding-bottom:var(--wp--preset--spacing--60)\">\n<div class=\"wp-block-columns alignwide are-vertically-aligned-center is-layout-flex wp-container-core-columns-is-layout-1 wp-block-columns-is-layout-flex\">\n<div class=\"wp-block-column is-vertically-aligned-center is-layout-flow wp-block-column-is-layout-flow\" style=\"flex-basis:100%\">\n<div style=\"height:20px\" aria-hidden=\"true\" class=\"wp-block-spacer\"><\/div>\n\n\n\n<div class=\"wp-block-uagb-advanced-heading uagb-block-a8a1d8e1\"><h1 class=\"uagb-heading-text\"><strong><strong>R\u00e9servation<\/strong> Les anges.<\/strong><br><strong><strong>Pour votre droit \u00e0 l'indemnisation.<\/strong><\/strong><\/h1><\/div>\n\n\n\n<div class=\"wp-block-uagb-advanced-heading uagb-block-0397d445\"><p class=\"uagb-heading-text\">Votre \u00e9tablissement h\u00f4telier a-t-il collabor\u00e9 avec Booking.com entre 2006 et 2022 ? Dans ce cas, vous \u00eates concern\u00e9 par des clauses de meilleur prix ill\u00e9gales et\/ou des r\u00e9servations en ligne non conformes \u00e0 la loi. Dans les deux cas, vous avez droit \u00e0 une compensation financi\u00e8re. Nous vous soutenons pleinement dans cette d\u00e9marche et pr\u00e9parons tous les documents pour vous, pr\u00eats \u00e0 \u00eatre pr\u00e9sent\u00e9s devant un tribunal. R\u00e9cup\u00e9rez votre argent aupr\u00e8s de Booking.com ! Vous trouverez le contexte exact du cas Booking.com dans la FAQ.<\/p><\/div>\n<\/div>\n<\/div>\n<\/div>\n\n\n\n<div class=\"wp-block-uagb-container uagb-block-dd8ab561 alignfull uagb-is-root-container\"><div class=\"uagb-container-inner-blocks-wrap\">\n<div class=\"wp-block-uagb-container uagb-block-a68d28ab\">\n<div class=\"wp-block-uagb-container uagb-block-3f996c4f alignfull uagb-is-root-container\"><div class=\"uagb-container-inner-blocks-wrap\">\n<div class=\"wp-block-uagb-advanced-heading uagb-block-e1e7348d\"><h2 class=\"uagb-heading-text\"><strong><strong><strong>Quatre \u00e9tapes pour obtenir des dommages et int\u00e9r\u00eats<\/strong><\/strong><\/strong>.<br><strong>La proc\u00e9dure est aussi simple que cela pour vous avec Booking Angels.<\/strong><\/h2><\/div>\n<\/div><\/div>\n\n\n\n<div class=\"wp-block-uagb-container uagb-block-2a27e93d alignfull uagb-is-root-container\"><div class=\"uagb-container-inner-blocks-wrap\">\n<div class=\"wp-block-uagb-container uagb-block-069f74fa\">\n<div class=\"wp-block-uagb-info-box uagb-block-3ce48758 uagb-infobox__content-wrap  uagb-infobox-icon-above-title uagb-infobox-image-valign-top\"><div class=\"uagb-ifb-content\"><div class=\"uagb-ifb-icon-wrap\"><svg xmlns=\"https:\/\/www.w3.org\/2000\/svg\" viewbox=\"0 0 512 512\"><path d=\"M0 256C0 114.6 114.6 0 256 0C397.4 0 512 114.6 512 256C512 397.4 397.4 512 256 512C114.6 512 0 397.4 0 256zM371.8 211.8C382.7 200.9 382.7 183.1 371.8 172.2C360.9 161.3 343.1 161.3 332.2 172.2L224 280.4L179.8 236.2C168.9 225.3 151.1 225.3 140.2 236.2C129.3 247.1 129.3 264.9 140.2 275.8L204.2 339.8C215.1 350.7 232.9 350.7 243.8 339.8L371.8 211.8z\"><\/path><\/svg><\/div><div class=\"uagb-ifb-title-wrap\"><h3 class=\"uagb-ifb-title\"><strong>Calculer les droits :<\/strong><\/h3><\/div><p class=\"uagb-ifb-desc\">V\u00e9rifiez dans le calculateur de dommages et int\u00e9r\u00eats si vous avez droit \u00e0 des dommages et int\u00e9r\u00eats et \u00e0 quel montant.<\/p><\/div><\/div>\n<\/div>\n\n\n\n<div class=\"wp-block-uagb-container uagb-block-5766cf06\">\n<div class=\"wp-block-uagb-info-box uagb-block-5ac26897 uagb-infobox__content-wrap  uagb-infobox-icon-above-title uagb-infobox-image-valign-top\"><div class=\"uagb-ifb-content\"><div class=\"uagb-ifb-icon-wrap\"><svg xmlns=\"https:\/\/www.w3.org\/2000\/svg\" viewbox=\"0 0 512 512\"><path d=\"M0 256C0 114.6 114.6 0 256 0C397.4 0 512 114.6 512 256C512 397.4 397.4 512 256 512C114.6 512 0 397.4 0 256zM371.8 211.8C382.7 200.9 382.7 183.1 371.8 172.2C360.9 161.3 343.1 161.3 332.2 172.2L224 280.4L179.8 236.2C168.9 225.3 151.1 225.3 140.2 236.2C129.3 247.1 129.3 264.9 140.2 275.8L204.2 339.8C215.1 350.7 232.9 350.7 243.8 339.8L371.8 211.8z\"><\/path><\/svg><\/div><div class=\"uagb-ifb-title-wrap\"><h3 class=\"uagb-ifb-title\"><strong><strong>T\u00e9l\u00e9charger des documents :<\/strong><\/strong><\/h3><\/div><p class=\"uagb-ifb-desc\">Dans la zone de connexion, veuillez t\u00e9l\u00e9charger votre <br>Documents Booking.com en haut.<\/p><\/div><\/div>\n<\/div>\n<\/div><\/div>\n\n\n\n<div class=\"wp-block-uagb-container uagb-block-21aa3b04 alignfull uagb-is-root-container\"><div class=\"uagb-container-inner-blocks-wrap\">\n<div class=\"wp-block-uagb-container uagb-block-8856c737\">\n<div class=\"wp-block-uagb-info-box uagb-block-6ecee3a3 uagb-infobox__content-wrap  uagb-infobox-icon-above-title uagb-infobox-image-valign-top\"><div class=\"uagb-ifb-content\"><div class=\"uagb-ifb-icon-wrap\"><svg xmlns=\"https:\/\/www.w3.org\/2000\/svg\" viewbox=\"0 0 512 512\"><path d=\"M0 256C0 114.6 114.6 0 256 0C397.4 0 512 114.6 512 256C512 397.4 397.4 512 256 512C114.6 512 0 397.4 0 256zM371.8 211.8C382.7 200.9 382.7 183.1 371.8 172.2C360.9 161.3 343.1 161.3 332.2 172.2L224 280.4L179.8 236.2C168.9 225.3 151.1 225.3 140.2 236.2C129.3 247.1 129.3 264.9 140.2 275.8L204.2 339.8C215.1 350.7 232.9 350.7 243.8 339.8L371.8 211.8z\"><\/path><\/svg><\/div><div class=\"uagb-ifb-title-wrap\"><h3 class=\"uagb-ifb-title\"><strong><strong>Signer le contrat et la procuration :<\/strong><\/strong><\/h3><\/div><p class=\"uagb-ifb-desc\">Envoyez-nous les documents contractuels sign\u00e9s ainsi que le formulaire de procuration.<\/p><\/div><\/div>\n<\/div>\n\n\n\n<div class=\"wp-block-uagb-container uagb-block-05de833a\">\n<div class=\"wp-block-uagb-info-box uagb-block-102519ea uagb-infobox__content-wrap  uagb-infobox-icon-above-title uagb-infobox-image-valign-top\"><div class=\"uagb-ifb-content\"><div class=\"uagb-ifb-icon-wrap\"><svg xmlns=\"https:\/\/www.w3.org\/2000\/svg\" viewbox=\"0 0 512 512\"><path d=\"M0 256C0 114.6 114.6 0 256 0C397.4 0 512 114.6 512 256C512 397.4 397.4 512 256 512C114.6 512 0 397.4 0 256zM371.8 211.8C382.7 200.9 382.7 183.1 371.8 172.2C360.9 161.3 343.1 161.3 332.2 172.2L224 280.4L179.8 236.2C168.9 225.3 151.1 225.3 140.2 236.2C129.3 247.1 129.3 264.9 140.2 275.8L204.2 339.8C215.1 350.7 232.9 350.7 243.8 339.8L371.8 211.8z\"><\/path><\/svg><\/div><div class=\"uagb-ifb-title-wrap\"><h3 class=\"uagb-ifb-title\"><strong><strong><strong>Dommages et int\u00e9r\u00eats Paiement <\/strong><\/strong><\/strong><strong><strong><strong>en cas de succ\u00e8s :<\/strong><\/strong><\/strong><\/h3><\/div><p class=\"uagb-ifb-desc\">Apr\u00e8s une dur\u00e9e d'action estim\u00e9e \u00e0 5 - 7 ans, vous recevrez le paiement de vos dommages et int\u00e9r\u00eats.<\/p><\/div><\/div>\n<\/div>\n<\/div><\/div>\n<\/div>\n<\/div><\/div>\n\n\n\n<div data-aos= \"fade-up\" data-aos-duration=\"400\" data-aos-delay=\"0\" data-aos-easing=\"ease\" data-aos-once=\"true\" class=\"wp-block-uagb-container uagb-block-70a9d085 alignfull uagb-is-root-container\">\n<div class=\"wp-block-uagb-container uagb-block-7510963e alignfull uagb-is-root-container\"><div class=\"uagb-container-inner-blocks-wrap\">\n<div data-aos= \"fade-right\" data-aos-duration=\"400\" data-aos-delay=\"0\" data-aos-easing=\"ease\" data-aos-once=\"true\" class=\"wp-block-uagb-container uagb-block-3c170e52\">\n<div class=\"wp-block-uagb-advanced-heading uagb-block-fdff8c48\"><h3 class=\"uagb-heading-text\"><strong><strong><strong>V\u00e9rifier gratuitement. T\u00e9l\u00e9charger gratuitement. Profiter en cas de succ\u00e8s.<\/strong><\/strong><\/strong><\/h3><\/div>\n<\/div>\n<\/div><\/div>\n\n\n\n<div class=\"wp-block-uagb-container uagb-block-0c1ebed8 alignfull uagb-is-root-container\"><div class=\"uagb-container-inner-blocks-wrap\">\n<div data-aos= \"fade-right\" data-aos-duration=\"400\" data-aos-delay=\"0\" data-aos-easing=\"ease\" data-aos-once=\"true\" class=\"wp-block-uagb-container uagb-block-5a650293\">\n<div class=\"wp-block-uagb-advanced-heading uagb-block-12dff741\"><h3 class=\"uagb-heading-text\"><strong><strong><strong>Calculer le montant des dommages et int\u00e9r\u00eats. C'est simple.<\/strong><\/strong><\/strong><\/h3><\/div>\n\n\n\n<div class=\"wp-block-uagb-advanced-heading uagb-block-9fc591be\"><p class=\"uagb-heading-text\">Notre pratique <strong>Calculateur de dommages et int\u00e9r\u00eats<\/strong> vous dit rapidement et facilement si vous pouvez faire valoir des droits \u00e0 des dommages-int\u00e9r\u00eats et \u00e0 quel montant. Si c'est le cas, il vous suffit de t\u00e9l\u00e9charger vos documents et nous nous occupons du reste. Un interlocuteur fixe est \u00e0 vos c\u00f4t\u00e9s jusqu'\u00e0 la conclusion. Dans notre zone de connexion, vous pouvez \u00e0 tout moment consulter l'\u00e9tat d'avancement du processus.<\/p><\/div>\n\n\n\n<div class=\"wp-block-uagb-buttons uagb-buttons__outer-wrap uagb-btn__default-btn uagb-btn-tablet__default-btn uagb-btn-mobile__default-btn uagb-block-7faab96d\"><div class=\"uagb-buttons__wrap uagb-buttons-layout-wrap\">\n<div class=\"wp-block-uagb-buttons-child uagb-buttons__outer-wrap uagb-block-063b5f64 wp-block-button\"><div class=\"uagb-button__wrapper\"><a class=\"uagb-buttons-repeater wp-block-button__link\" aria-label=\"\" href=\"#\" rel=\"follow noopener\" target=\"_self\" role=\"button\"><div class=\"uagb-button__link\">V\u00e9rifier gratuitement maintenant<\/div><\/a><\/div><\/div>\n<\/div><\/div>\n<\/div>\n\n\n\n<div class=\"wp-block-uagb-container uagb-block-b302a8d0\">\n<div data-aos= \"fade-left\" data-aos-duration=\"400\" data-aos-delay=\"0\" data-aos-easing=\"ease\" data-aos-once=\"true\" class=\"wp-block-uagb-container uagb-block-b684e8b3\"><\/div>\n<\/div>\n<\/div><\/div>\n\n\n\n<div class=\"wp-block-uagb-container uagb-block-d27f95db alignfull uagb-is-root-container\"><div class=\"uagb-container-inner-blocks-wrap\">\n<div class=\"wp-block-uagb-container uagb-block-0b9f06fe\">\n<div data-aos= \"fade-right\" data-aos-duration=\"400\" data-aos-delay=\"0\" data-aos-easing=\"ease\" data-aos-once=\"true\" class=\"wp-block-uagb-container uagb-block-337637c4\"><\/div>\n<\/div>\n\n\n\n<div data-aos= \"fade-left\" data-aos-duration=\"400\" data-aos-delay=\"0\" data-aos-easing=\"ease\" data-aos-once=\"true\" class=\"wp-block-uagb-container uagb-block-b11c8216\">\n<div class=\"wp-block-uagb-advanced-heading uagb-block-37b38446\"><h3 class=\"uagb-heading-text\"><strong><strong><strong>100% Chances. 100% sans imp\u00f4ts. Risque z\u00e9ro.<\/strong><\/strong><\/strong><\/h3><\/div>\n\n\n\n<div class=\"wp-block-uagb-advanced-heading uagb-block-16c200dd\"><p class=\"uagb-heading-text\">Nous garantissons qu'en amont, tout 100 % reste gratuit. En effet, les Booking Angels travaillent exclusivement en fonction du succ\u00e8s. En cas de succ\u00e8s, nous pr\u00e9levons un taux de frais fixe sur la somme finale gagn\u00e9e pour couvrir nos d\u00e9penses. Ainsi, vous ne courez aucun risque, tout reste transparent \u00e0 100 % et vous ne pouvez que gagner. Et le meilleur : les dommages et int\u00e9r\u00eats sont exon\u00e9r\u00e9s d'imp\u00f4ts !<\/p><\/div>\n\n\n\n<div class=\"wp-block-uagb-buttons uagb-buttons__outer-wrap uagb-btn__default-btn uagb-btn-tablet__default-btn uagb-btn-mobile__default-btn uagb-block-8d242ef5\"><div class=\"uagb-buttons__wrap uagb-buttons-layout-wrap\">\n<div class=\"wp-block-uagb-buttons-child uagb-buttons__outer-wrap uagb-block-3896df69 wp-block-button\"><div class=\"uagb-button__wrapper\"><a class=\"uagb-buttons-repeater wp-block-button__link\" aria-label=\"\" href=\"\/fr\/kontakt\/\" rel=\"follow noopener\" target=\"_self\" role=\"button\"><div class=\"uagb-button__link\">Contactez-nous maintenant<\/div><\/a><\/div><\/div>\n<\/div><\/div>\n<\/div>\n<\/div><\/div>\n<\/div>\n\n\n\n<div class=\"wp-block-uagb-container uagb-block-983105a7 alignfull uagb-is-root-container\"><div class=\"uagb-container-inner-blocks-wrap\">\n<div class=\"wp-block-group alignfull has-global-padding is-layout-constrained wp-container-core-group-is-layout-4 wp-block-group-is-layout-constrained\" style=\"margin-top:0;margin-bottom:0;padding-right:0;padding-left:0\">\n<div class=\"wp-block-group alignwide is-layout-flow wp-container-core-group-is-layout-3 wp-block-group-is-layout-flow\" style=\"padding-top:var(--wp--preset--spacing--50);padding-bottom:var(--wp--preset--spacing--50)\">\n<div class=\"wp-block-uagb-advanced-heading uagb-block-2bfcc967\"><h2 class=\"uagb-heading-text\">Foire aux questions<\/h2><\/div>\n\n\n<section class=\"leistungenWrapper mti_font_element\">\r\n  \r\n    <div class=\"leistungen basicWidth mti_font_element\">\r\n      <h3 class=\"mti_font_element\"><\/h3>\r\n      \r\n      <div class=\"leistungenBox mti_font_element\">\r\n        <dl class=\"accordion mti_font_element\">\r\n          <dt class=\"mti_font_element\"><i class=\"fa fa-angle-down\"><\/i> Quel est le contexte des clauses de meilleur prix de Booking.com ?<\/dt>\r\n          <dd>De nombreux h\u00f4tels ont vers\u00e9 pendant des ann\u00e9es des commissions trop \u00e9lev\u00e9es \u00e0 Booking.com. La raison en est des clauses de meilleur prix contraires au droit des cartels, que Booking.com fixait depuis 2006 dans ses conditions g\u00e9n\u00e9rales. Ces clauses interdisaient aux h\u00f4tels de proposer leurs chambres \u00e0 un prix plus avantageux sur d'autres plates-formes ou m\u00eame sur leur propre site web. En 2015, l'Office f\u00e9d\u00e9ral des cartels a d\u00e9clar\u00e9 cette pratique ill\u00e9gale. La proc\u00e9dure est actuellement en cours devant la Cour f\u00e9d\u00e9rale de justice.<\/dd>\r\n          \r\n          <dt class=\"mti_font_element\"><i class=\"fa fa-angle-down\"><\/i> Quel est le contexte du bouton de r\u00e9servation de Booking.com qui n'est pas conforme \u00e0 la l\u00e9gislation ?<\/dt>\r\n          <dd>Entre juin 2014 et d\u00e9cembre 2022, le bouton de r\u00e9servation sur le site Booking.com portait la mention \"complete booking\" (\"terminer la r\u00e9servation\"). Comme il manquait ici la mention du caract\u00e8re payant, le bouton \u00e9tait erron\u00e9 et la r\u00e9servation non conforme \u00e0 la loi. La Cour de justice europ\u00e9enne a d\u00e9cid\u00e9 que les r\u00e9servations effectu\u00e9es pendant cette p\u00e9riode n'\u00e9taient pas valables. Les h\u00f4tels qui ont vers\u00e9 des commissions \u00e0 Booking.com pendant cette p\u00e9riode peuvent demander le remboursement de leur argent.<\/dd>\r\n\r\n          <dt class=\"mti_font_element\"><i class=\"fa fa-angle-down\"><\/i> Dois-je payer des imp\u00f4ts sur les revenus g\u00e9n\u00e9r\u00e9s par la plainte ?<\/dt>\r\n          <dd>Non ! il s'agit d'un d\u00e9dommagement, c'est-\u00e0-dire d'une compensation pour un pr\u00e9judice subi. Celui-ci est exon\u00e9r\u00e9 d'imp\u00f4t \u00e0 hauteur de 100 %.<\/dd>\r\n\r\n          <dt class=\"mti_font_element\"><i class=\"fa fa-angle-down\"><\/i> Y a-t-il une garantie de co\u00fbt ?<\/dt>\r\n          <dd>Oui, nous garantissons que notre travail en amont est gratuit \u00e0 100 %. Nous travaillons exclusivement en fonction du succ\u00e8s et nous nous orientons sur la somme gagn\u00e9e au final. Pour les frais, nous pr\u00e9levons un taux de frais fixe de 35%. <\/dd>\r\n        <\/dl>\r\n      <\/div>\r\n\r\n\r\n\r\n      \r\n      <div class=\"leistungenBox leistungenBoxRight\">\r\n        <dl class=\"accordion\">\r\n\t\t\t\t<dt class=\"mti_font_element\"><i class=\"fa fa-angle-down\"><\/i> Combien de personnes de contact ai-je ?<\/dt>\r\n          <dd>Chaque client a un interlocuteur personnel qui s'occupe ensuite du cas du d\u00e9but \u00e0 la fin et coordonne tous les autres contacts en arri\u00e8re-plan. Cela fait partie int\u00e9grante de notre service.<\/dd>\r\n          \r\n          <dt class=\"mti_font_element\"><i class=\"fa fa-angle-down\"><\/i> Quel cabinet d'avocats m\u00e8ne les actions en justice ?<\/dt>\r\n          <dd>Le cabinet d'avocats G\u00f6rg. Le sp\u00e9cialiste renomm\u00e9 et exp\u00e9riment\u00e9 en mati\u00e8re de droit de la concurrence.<\/dd>\r\n\r\n          <dt class=\"mti_font_element\"><i class=\"fa fa-angle-down\"><\/i> Qu'en est-il dans le cas o\u00f9 le proc\u00e8s serait perdu au tribunal ?<\/dt>\r\n          <dd>En tant que client, vous n'avez rien \u00e0 payer. En cas de proc\u00e8s perdu, vous n'auriez simplement pas droit \u00e0 des dommages et int\u00e9r\u00eats ou \u00e0 une indemnisation. Le risque \u00e0 100 % incombe exclusivement au pr\u00e9financeur des frais de justice. Dans ce cas, il perdrait son investissement.<\/dd>\r\n\r\n          <dt class=\"mti_font_element\"><i class=\"fa fa-angle-down\"><\/i> booking.com peut-il mettre fin \u00e0 sa collaboration si nous entamons des d\u00e9marches juridiques ?<\/dt>\r\n          <dd>En principe, booking.com n'a pas le droit de r\u00e9silier un contrat en raison de ses propres violations de la loi, si celles-ci font l'objet d'une r\u00e9clamation justifi\u00e9e. Si cela devait n\u00e9anmoins se produire, cela pourrait \u00eatre pertinent au regard du droit des cartels. Dans un tel cas, nous pourrions envisager d'autres mesures juridiques, y compris d'\u00e9ventuelles demandes de dommages et int\u00e9r\u00eats. <\/dd>\r\n        <\/dl>\r\n\r\n      <\/div>\r\n      \r\n    <\/div>\r\n<\/section>\n<\/div>\n<\/div>\n<\/div><\/div>","protected":false},"excerpt":{"rendered":"<p>Booking Angels.pour votre droit \u00e0 l'indemnisation. Votre \u00e9tablissement h\u00f4telier a-t-il collabor\u00e9 avec Booking.com entre 2006 et 2022 ? Dans ce cas, vous \u00eates concern\u00e9 par des clauses de meilleur prix ill\u00e9gales et\/ou des r\u00e9servations en ligne non conformes \u00e0 la loi. Dans les deux cas, vous avez droit \u00e0 une compensation financi\u00e8re. Nous vous soutenons pleinement dans cette d\u00e9marche et pr\u00e9parons pour vous tous les documents pr\u00eats \u00e0 \u00eatre utilis\u00e9s devant les tribunaux. Obtenez [...]<\/p>","protected":false},"author":11,"featured_media":0,"parent":0,"menu_order":0,"comment_status":"closed","ping_status":"closed","template":"","meta":{"_uag_custom_page_level_css":"","footnotes":""},"class_list":["post-8032","page","type-page","status-publish","hentry"],"uagb_featured_image_src":{"full":false,"thumbnail":false,"medium":false,"medium_large":false,"large":false,"1536x1536":false,"2048x2048":false,"trp-custom-language-flag":false},"uagb_author_info":{"display_name":"samuel","author_link":"https:\/\/claim-angels.com\/fr\/author\/samuel\/"},"uagb_comment_info":0,"uagb_excerpt":"Booking Angels.F\u00fcr Ihr Recht auf Schadensersatz. Hat Ihr Hotellerie Betrieb zwischen 2006 und 2022 mit Booking.com zusammengearbeitet? Dann sind Sie von illegalen Bestpreisklauseln und\/oder nicht rechtskonformen Online-Buchungen betroffen. In beiden F\u00e4llen steht Ihnen eine finanzielle Entsch\u00e4digung zu. Wir unterst\u00fctzen Sie dabei in vollem Umfang und bereiten alle Unterlagen gerichtsfertig f\u00fcr Sie auf. Holen Sie sich\u2026","_links":{"self":[{"href":"https:\/\/claim-angels.com\/fr\/wp-json\/wp\/v2\/pages\/8032","targetHints":{"allow":["GET"]}}],"collection":[{"href":"https:\/\/claim-angels.com\/fr\/wp-json\/wp\/v2\/pages"}],"about":[{"href":"https:\/\/claim-angels.com\/fr\/wp-json\/wp\/v2\/types\/page"}],"author":[{"embeddable":true,"href":"https:\/\/claim-angels.com\/fr\/wp-json\/wp\/v2\/users\/11"}],"replies":[{"embeddable":true,"href":"https:\/\/claim-angels.com\/fr\/wp-json\/wp\/v2\/comments?post=8032"}],"version-history":[{"count":10,"href":"https:\/\/claim-angels.com\/fr\/wp-json\/wp\/v2\/pages\/8032\/revisions"}],"predecessor-version":[{"id":8327,"href":"https:\/\/claim-angels.com\/fr\/wp-json\/wp\/v2\/pages\/8032\/revisions\/8327"}],"wp:attachment":[{"href":"https:\/\/claim-angels.com\/fr\/wp-json\/wp\/v2\/media?parent=8032"}],"curies":[{"name":"wp","href":"https:\/\/api.w.org\/{rel}","templated":true}]}}