{"id":7700,"date":"2025-02-20T14:09:01","date_gmt":"2025-02-20T13:09:01","guid":{"rendered":"https:\/\/claim-angels.com\/?page_id=7700"},"modified":"2025-03-14T11:27:19","modified_gmt":"2025-03-14T10:27:19","slug":"home","status":"publish","type":"page","link":"https:\/\/claim-angels.com\/fr\/","title":{"rendered":"Accueil"},"content":{"rendered":"<div class=\"wp-block-cover alignfull has-parallax slider-wrapper has-base-color has-text-color has-link-color wp-elements-be8c2fbce78a1654fb6b99ad9f98ef0e\" style=\"margin-top:0;margin-bottom:0;padding-top:0;padding-right:var(--wp--preset--spacing--50);padding-bottom:0;padding-left:var(--wp--preset--spacing--50);min-height:100vh;aspect-ratio:unset;\"><span aria-hidden=\"true\" class=\"wp-block-cover__background has-contrast-background-color has-background-dim\"><\/span><div class=\"wp-block-cover__image-background wp-image-7680 has-parallax\" style=\"background-position:50% 50%;background-image:url(https:\/\/claim-angels.com\/wp-content\/uploads\/2025\/02\/hammer.jpg)\"><\/div><div class=\"wp-block-cover__inner-container has-global-padding is-layout-constrained wp-container-core-cover-is-layout-1 wp-block-cover-is-layout-constrained\">\n<div class=\"wp-block-group alignwide hl-wrapper is-layout-flow wp-block-group-is-layout-flow\">\n<div class=\"wp-block-uagb-advanced-heading uagb-block-fcfca36b\"><h1 class=\"uagb-heading-text\"><strong><strong>BIENVENUE CHEZ<\/strong><br>CLAIM anls.<\/strong><\/h1><\/div>\n\n\n\n<div class=\"wp-block-uagb-advanced-heading uagb-block-baaac4d5\"><h1 class=\"uagb-heading-text\">Votre partenaire pour les demandes d'indemnisation dans les affaires de cartel.<\/h1><\/div>\n\n\n\n<div class=\"stoerer\">Dommages et int\u00e9r\u00eats<br>est exon\u00e9r\u00e9 d'imp\u00f4ts !<\/div>\n<\/div>\n<\/div><\/div>\n\n\n\n<div class=\"wp-block-uagb-container uagb-block-11807894 default uagb-is-root-container\">\n<div class=\"wp-block-uagb-container uagb-block-7288466e default uagb-is-root-container\"><\/div>\n<\/div>\n\n\n\n<div class=\"wp-block-group alignfull is-style-section-5 has-base-background-color has-background has-global-padding is-layout-constrained wp-block-group-is-layout-constrained is-style-section-5--1\" style=\"margin-top:0;margin-bottom:0;padding-top:var(--wp--preset--spacing--60);padding-bottom:var(--wp--preset--spacing--60)\">\n<div class=\"wp-block-columns alignwide are-vertically-aligned-center is-layout-flex wp-container-core-columns-is-layout-1 wp-block-columns-is-layout-flex\">\n<div class=\"wp-block-column is-vertically-aligned-center is-layout-flow wp-block-column-is-layout-flow\" style=\"flex-basis:100%\">\n<div style=\"height:20px\" aria-hidden=\"true\" class=\"wp-block-spacer\"><\/div>\n\n\n\n<div class=\"wp-block-uagb-advanced-heading uagb-block-a8a1d8e1\"><h1 class=\"uagb-heading-text\"><strong>Claim Angels.<\/strong><br><strong>Pour votre droit \u00e0 l'indemnisation<\/strong>.<\/h1><\/div>\n\n\n\n<div class=\"wp-block-uagb-advanced-heading uagb-block-0397d445\"><p class=\"uagb-heading-text\">Les ententes anticoncurrentielles sont omnipr\u00e9sentes dans toute l'Europe. Les victimes sont les consommateurs et les entreprises. Nous d\u00e9fendons les acheteurs concern\u00e9s afin de les aider \u00e0 faire valoir leur bon droit : Les dommages et int\u00e9r\u00eats. Faites confiance au savoir-faire des Claim Angels et des experts juridiques de cabinets d'avocats internationaux renomm\u00e9s.<\/p><\/div>\n<\/div>\n<\/div>\n<\/div>\n\n\n\n<div class=\"wp-block-uagb-container uagb-block-dd8ab561 alignfull uagb-is-root-container\"><div class=\"uagb-container-inner-blocks-wrap\">\n<div class=\"wp-block-uagb-container uagb-block-a68d28ab\">\n<div class=\"wp-block-uagb-container uagb-block-3f996c4f alignfull uagb-is-root-container\"><div class=\"uagb-container-inner-blocks-wrap\">\n<div class=\"wp-block-uagb-advanced-heading uagb-block-e1e7348d\"><h2 class=\"uagb-heading-text\"><strong><strong>Vos avantages :<\/strong><\/strong><\/h2><\/div>\n<\/div><\/div>\n\n\n\n<div class=\"wp-block-uagb-container uagb-block-fc0f32a3 alignfull uagb-is-root-container\"><div class=\"uagb-container-inner-blocks-wrap\">\n<div class=\"wp-block-uagb-container uagb-block-f89e3252\">\n<div class=\"wp-block-uagb-info-box uagb-block-ac4e0511 uagb-infobox__content-wrap  uagb-infobox-icon-above-title uagb-infobox-image-valign-top\"><div class=\"uagb-ifb-content\"><div class=\"uagb-ifb-icon-wrap\"><svg xmlns=\"https:\/\/www.w3.org\/2000\/svg\" viewbox=\"0 0 512 512\"><path d=\"M0 256C0 114.6 114.6 0 256 0C397.4 0 512 114.6 512 256C512 397.4 397.4 512 256 512C114.6 512 0 397.4 0 256zM371.8 211.8C382.7 200.9 382.7 183.1 371.8 172.2C360.9 161.3 343.1 161.3 332.2 172.2L224 280.4L179.8 236.2C168.9 225.3 151.1 225.3 140.2 236.2C129.3 247.1 129.3 264.9 140.2 275.8L204.2 339.8C215.1 350.7 232.9 350.7 243.8 339.8L371.8 211.8z\"><\/path><\/svg><\/div><div class=\"uagb-ifb-title-wrap\"><h3 class=\"uagb-ifb-title\"><strong>Les meilleurs cabinets d'avocats<\/strong><\/h3><\/div><p class=\"uagb-ifb-desc\">Des cabinets d'avocats sp\u00e9cialis\u00e9s et internationaux s'engagent \u00e0 d\u00e9fendre vos droits.<\/p><\/div><\/div>\n<\/div>\n\n\n\n<div class=\"wp-block-uagb-container uagb-block-7723ad00\">\n<div class=\"wp-block-uagb-info-box uagb-block-465d5f95 uagb-infobox__content-wrap  uagb-infobox-icon-above-title uagb-infobox-image-valign-top\"><div class=\"uagb-ifb-content\"><div class=\"uagb-ifb-icon-wrap\"><svg xmlns=\"https:\/\/www.w3.org\/2000\/svg\" viewbox=\"0 0 512 512\"><path d=\"M0 256C0 114.6 114.6 0 256 0C397.4 0 512 114.6 512 256C512 397.4 397.4 512 256 512C114.6 512 0 397.4 0 256zM371.8 211.8C382.7 200.9 382.7 183.1 371.8 172.2C360.9 161.3 343.1 161.3 332.2 172.2L224 280.4L179.8 236.2C168.9 225.3 151.1 225.3 140.2 236.2C129.3 247.1 129.3 264.9 140.2 275.8L204.2 339.8C215.1 350.7 232.9 350.7 243.8 339.8L371.8 211.8z\"><\/path><\/svg><\/div><div class=\"uagb-ifb-title-wrap\"><h3 class=\"uagb-ifb-title\"><strong><strong>Z\u00e9ro co\u00fbt en amont<\/strong><\/strong><\/h3><\/div><p class=\"uagb-ifb-desc\">Vous n'aurez pas \u00e0 payer de frais d'avocat, d'expertise ou de justice.<\/p><\/div><\/div>\n<\/div>\n\n\n\n<div class=\"wp-block-uagb-container uagb-block-ae9095b5\">\n<div class=\"wp-block-uagb-info-box uagb-block-0bfcd9b2 uagb-infobox__content-wrap  uagb-infobox-icon-above-title uagb-infobox-image-valign-top\"><div class=\"uagb-ifb-content\"><div class=\"uagb-ifb-icon-wrap\"><svg xmlns=\"https:\/\/www.w3.org\/2000\/svg\" viewbox=\"0 0 512 512\"><path d=\"M0 256C0 114.6 114.6 0 256 0C397.4 0 512 114.6 512 256C512 397.4 397.4 512 256 512C114.6 512 0 397.4 0 256zM371.8 211.8C382.7 200.9 382.7 183.1 371.8 172.2C360.9 161.3 343.1 161.3 332.2 172.2L224 280.4L179.8 236.2C168.9 225.3 151.1 225.3 140.2 236.2C129.3 247.1 129.3 264.9 140.2 275.8L204.2 339.8C215.1 350.7 232.9 350.7 243.8 339.8L371.8 211.8z\"><\/path><\/svg><\/div><div class=\"uagb-ifb-title-wrap\"><h3 class=\"uagb-ifb-title\"><strong><strong>Risque z\u00e9ro<\/strong><\/strong><\/h3><\/div><p class=\"uagb-ifb-desc\">M\u00eame si vous perdez la proc\u00e9dure, vous n'aurez pas de frais \u00e0 payer.<\/p><\/div><\/div>\n<\/div>\n<\/div><\/div>\n\n\n\n<div class=\"wp-block-uagb-container uagb-block-21aa3b04 alignfull uagb-is-root-container\"><div class=\"uagb-container-inner-blocks-wrap\">\n<div class=\"wp-block-uagb-container uagb-block-8856c737\">\n<div class=\"wp-block-uagb-info-box uagb-block-7c47717a uagb-infobox__content-wrap  uagb-infobox-icon-above-title uagb-infobox-image-valign-top\"><div class=\"uagb-ifb-content\"><div class=\"uagb-ifb-icon-wrap\"><svg xmlns=\"https:\/\/www.w3.org\/2000\/svg\" viewbox=\"0 0 512 512\"><path d=\"M0 256C0 114.6 114.6 0 256 0C397.4 0 512 114.6 512 256C512 397.4 397.4 512 256 512C114.6 512 0 397.4 0 256zM371.8 211.8C382.7 200.9 382.7 183.1 371.8 172.2C360.9 161.3 343.1 161.3 332.2 172.2L224 280.4L179.8 236.2C168.9 225.3 151.1 225.3 140.2 236.2C129.3 247.1 129.3 264.9 140.2 275.8L204.2 339.8C215.1 350.7 232.9 350.7 243.8 339.8L371.8 211.8z\"><\/path><\/svg><\/div><div class=\"uagb-ifb-title-wrap\"><h3 class=\"uagb-ifb-title\"><strong><strong>Z\u00e9ro taxe<\/strong><\/strong><\/h3><\/div><p class=\"uagb-ifb-desc\">Les dommages et int\u00e9r\u00eats sont en principe exon\u00e9r\u00e9s d'imp\u00f4t \u00e0 100 %.<\/p><\/div><\/div>\n<\/div>\n\n\n\n<div class=\"wp-block-uagb-container uagb-block-05de833a\">\n<div class=\"wp-block-uagb-info-box uagb-block-8803e211 uagb-infobox__content-wrap  uagb-infobox-icon-above-title uagb-infobox-image-valign-top\"><div class=\"uagb-ifb-content\"><div class=\"uagb-ifb-icon-wrap\"><svg xmlns=\"https:\/\/www.w3.org\/2000\/svg\" viewbox=\"0 0 512 512\"><path d=\"M0 256C0 114.6 114.6 0 256 0C397.4 0 512 114.6 512 256C512 397.4 397.4 512 256 512C114.6 512 0 397.4 0 256zM371.8 211.8C382.7 200.9 382.7 183.1 371.8 172.2C360.9 161.3 343.1 161.3 332.2 172.2L224 280.4L179.8 236.2C168.9 225.3 151.1 225.3 140.2 236.2C129.3 247.1 129.3 264.9 140.2 275.8L204.2 339.8C215.1 350.7 232.9 350.7 243.8 339.8L371.8 211.8z\"><\/path><\/svg><\/div><div class=\"uagb-ifb-title-wrap\"><h3 class=\"uagb-ifb-title\"><strong><strong><strong>Faible co\u00fbt<\/strong><\/strong><\/strong><\/h3><\/div><p class=\"uagb-ifb-desc\">Nous v\u00e9rifions vos documents et les pr\u00e9parons pour qu'ils soient pr\u00eats \u00e0 \u00eatre utilis\u00e9s devant un tribunal.<\/p><\/div><\/div>\n<\/div>\n\n\n\n<div class=\"wp-block-uagb-container uagb-block-2d6c4e7b\">\n<div class=\"wp-block-uagb-info-box uagb-block-59fdf74c uagb-infobox__content-wrap  uagb-infobox-icon-above-title uagb-infobox-image-valign-top\"><div class=\"uagb-ifb-content\"><div class=\"uagb-ifb-icon-wrap\"><svg xmlns=\"https:\/\/www.w3.org\/2000\/svg\" viewbox=\"0 0 512 512\"><path d=\"M0 256C0 114.6 114.6 0 256 0C397.4 0 512 114.6 512 256C512 397.4 397.4 512 256 512C114.6 512 0 397.4 0 256zM371.8 211.8C382.7 200.9 382.7 183.1 371.8 172.2C360.9 161.3 343.1 161.3 332.2 172.2L224 280.4L179.8 236.2C168.9 225.3 151.1 225.3 140.2 236.2C129.3 247.1 129.3 264.9 140.2 275.8L204.2 339.8C215.1 350.7 232.9 350.7 243.8 339.8L371.8 211.8z\"><\/path><\/svg><\/div><div class=\"uagb-ifb-title-wrap\"><h3 class=\"uagb-ifb-title\"><strong><strong><strong>R\u00e9mun\u00e9ration bas\u00e9e sur le succ\u00e8s<\/strong><\/strong><\/strong><\/h3><\/div><p class=\"uagb-ifb-desc\">Nous ne pr\u00e9levons des frais de dossier qu'en cas d'issue favorable du proc\u00e8s.<\/p><\/div><\/div>\n<\/div>\n<\/div><\/div>\n<\/div>\n<\/div><\/div>\n\n\n\n<div data-aos= \"fade-up\" data-aos-duration=\"400\" data-aos-delay=\"0\" data-aos-easing=\"ease\" data-aos-once=\"true\" class=\"wp-block-uagb-container uagb-block-70a9d085 alignfull uagb-is-root-container\">\n<div class=\"wp-block-uagb-container uagb-block-7510963e alignfull uagb-is-root-container\"><div class=\"uagb-container-inner-blocks-wrap\">\n<div data-aos= \"fade-right\" data-aos-duration=\"400\" data-aos-delay=\"0\" data-aos-easing=\"ease\" data-aos-once=\"true\" class=\"wp-block-uagb-container uagb-block-3c170e52\">\n<div class=\"wp-block-uagb-advanced-heading uagb-block-fdff8c48\"><h3 class=\"uagb-heading-text\"><strong>Dans ces cas-l\u00e0, nous nous mobilisons pour vous :<\/strong><\/h3><\/div>\n<\/div>\n<\/div><\/div>\n\n\n\n<div class=\"wp-block-uagb-container uagb-block-0c1ebed8 alignfull uagb-is-root-container\"><div class=\"uagb-container-inner-blocks-wrap\">\n<div data-aos= \"fade-right\" data-aos-duration=\"400\" data-aos-delay=\"0\" data-aos-easing=\"ease\" data-aos-once=\"true\" class=\"wp-block-uagb-container uagb-block-5a650293\">\n<div class=\"wp-block-uagb-advanced-heading uagb-block-12dff741\"><h3 class=\"uagb-heading-text\"><strong>Truck Angels<\/strong><\/h3><\/div>\n\n\n\n<div class=\"wp-block-uagb-advanced-heading uagb-block-9fc591be\"><p class=\"uagb-heading-text\"><strong>Cartel des poids lourds : votre droit \u00e0 l'indemnisation<\/strong><br>Vous avez achet\u00e9 ou pris en leasing un nouveau camion entre 1998 et 2013 ? Alors vous \u00eates concern\u00e9 par ce que l'on appelle le cartel des camions. Dans ce cas, vous avez droit \u00e0 une compensation financi\u00e8re - int\u00e9r\u00eats compris - \u00e0 hauteur de 10 \u00e0 15 % du prix d'achat net initial par v\u00e9hicule.<\/p><\/div>\n\n\n\n<div class=\"wp-block-uagb-buttons uagb-buttons__outer-wrap uagb-btn__default-btn uagb-btn-tablet__default-btn uagb-btn-mobile__default-btn uagb-block-7faab96d\"><div class=\"uagb-buttons__wrap uagb-buttons-layout-wrap\">\n<div class=\"wp-block-uagb-buttons-child uagb-buttons__outer-wrap uagb-block-063b5f64 wp-block-button\"><div class=\"uagb-button__wrapper\"><a class=\"uagb-buttons-repeater wp-block-button__link\" aria-label=\"\" href=\"\/fr\/truck-angels\/\" rel=\"follow noopener\" target=\"_self\" role=\"button\"><div class=\"uagb-button__link\">En savoir plus<\/div><\/a><\/div><\/div>\n<\/div><\/div>\n<\/div>\n\n\n\n<div class=\"wp-block-uagb-container uagb-block-b302a8d0\">\n<div data-aos= \"fade-left\" data-aos-duration=\"400\" data-aos-delay=\"0\" data-aos-easing=\"ease\" data-aos-once=\"true\" class=\"wp-block-uagb-container uagb-block-b684e8b3\"><\/div>\n<\/div>\n<\/div><\/div>\n\n\n\n<div class=\"wp-block-uagb-container uagb-block-d27f95db alignfull uagb-is-root-container\"><div class=\"uagb-container-inner-blocks-wrap\">\n<div class=\"wp-block-uagb-container uagb-block-0b9f06fe\">\n<div data-aos= \"fade-right\" data-aos-duration=\"400\" data-aos-delay=\"0\" data-aos-easing=\"ease\" data-aos-once=\"true\" class=\"wp-block-uagb-container uagb-block-337637c4\"><\/div>\n<\/div>\n\n\n\n<div data-aos= \"fade-left\" data-aos-duration=\"400\" data-aos-delay=\"0\" data-aos-easing=\"ease\" data-aos-once=\"true\" class=\"wp-block-uagb-container uagb-block-b11c8216\">\n<div class=\"wp-block-uagb-advanced-heading uagb-block-37b38446\"><h3 class=\"uagb-heading-text\"><strong><strong>R\u00e9servation Angels<\/strong><\/strong><\/h3><\/div>\n\n\n\n<div class=\"wp-block-uagb-advanced-heading uagb-block-16c200dd\"><p class=\"uagb-heading-text\"><strong>Clauses ill\u00e9gales de meilleur prix et r\u00e9servations sur Booking.com<\/strong><br>Votre h\u00f4tel a-t-il \u00e9t\u00e9 r\u00e9serv\u00e9 via Booking.com entre 2006 et 2022 ? Dans ce cas, vous avez des droits financiers ! Les clauses ill\u00e9gales de meilleur prix et les pratiques de r\u00e9servation non autoris\u00e9es ont touch\u00e9 de nombreux h\u00f4teliers. Nous vous aidons \u00e0 faire valoir vos droits - de mani\u00e8re professionnelle, compl\u00e8te et pr\u00e9par\u00e9e pour les tribunaux.&nbsp;<\/p><\/div>\n\n\n\n<div class=\"wp-block-uagb-buttons uagb-buttons__outer-wrap uagb-btn__default-btn uagb-btn-tablet__default-btn uagb-btn-mobile__default-btn uagb-block-8d242ef5\"><div class=\"uagb-buttons__wrap uagb-buttons-layout-wrap\">\n<div class=\"wp-block-uagb-buttons-child uagb-buttons__outer-wrap uagb-block-3896df69 wp-block-button\"><div class=\"uagb-button__wrapper\"><a class=\"uagb-buttons-repeater wp-block-button__link\" aria-label=\"\" href=\"\/fr\/booking-angels\/\" rel=\"follow noopener\" target=\"_self\" role=\"button\"><div class=\"uagb-button__link\">En savoir plus<\/div><\/a><\/div><\/div>\n<\/div><\/div>\n<\/div>\n<\/div><\/div>\n<\/div>\n\n\n\n<div class=\"wp-block-uagb-container uagb-block-983105a7 alignfull uagb-is-root-container\"><div class=\"uagb-container-inner-blocks-wrap\">\n<div class=\"wp-block-group alignfull has-global-padding is-layout-constrained wp-container-core-group-is-layout-4 wp-block-group-is-layout-constrained\" style=\"margin-top:0;margin-bottom:0;padding-right:0;padding-left:0\">\n<div class=\"wp-block-group alignwide is-layout-flow wp-container-core-group-is-layout-3 wp-block-group-is-layout-flow\" style=\"padding-top:var(--wp--preset--spacing--50);padding-bottom:var(--wp--preset--spacing--50)\">\n<div class=\"wp-block-uagb-advanced-heading uagb-block-e9f46c34\"><h2 class=\"uagb-heading-text\">Foire aux questions<\/h2><\/div>\n\n\n<section class=\"leistungenWrapper mti_font_element\">\r\n  \r\n    <div class=\"leistungen basicWidth mti_font_element\">\r\n      <h3 class=\"mti_font_element\"><\/h3>\r\n      \r\n      <div class=\"leistungenBox mti_font_element\">\r\n        <dl class=\"accordion mti_font_element\">\r\n\r\n\r\n\r\n\r\n\r\n          <dt class=\"mti_font_element\"><i class=\"fa fa-angle-down\"><\/i> Qui repr\u00e9sente mes int\u00e9r\u00eats au tribunal ?<\/dt>\r\n            <dd>           \r\n              Des cabinets d'avocats sp\u00e9cialis\u00e9s et internationaux s'engagent \u00e0 d\u00e9fendre vos droits.\r\n            <\/dd>\r\n\r\n\r\n          <dt class=\"mti_font_element\"><i class=\"fa fa-angle-down\"><\/i> Est-ce que je dois payer des frais \u00e0 l'avance ?<\/dt>\r\n            <dd>           \r\n              Non, il n'y a pas de frais \u00e0 payer \u00e0 l'avance. Vous ne payez ni frais d'avocat, ni frais d'expertise, ni frais de justice.\r\n            <\/dd>            \r\n\r\n\r\n          <dt class=\"mti_font_element\"><i class=\"fa fa-angle-down\"><\/i> Que se passe-t-il en cas de perte du proc\u00e8s ?<\/dt>\r\n            <dd>\r\n              Dans ce cas \u00e9galement, vous n'avez aucun frais \u00e0 payer. Le risque est pour 100% \u00e0 notre charge.\r\n            <\/dd>\r\n\r\n\r\n        <\/dl>\r\n      <\/div>\r\n\r\n\r\n      \r\n      <div class=\"leistungenBox leistungenBoxRight\">\r\n        <dl class=\"accordion\">\r\n\r\n\t\t      <dt class=\"mti_font_element\"><i class=\"fa fa-angle-down\"><\/i> Dois-je payer des imp\u00f4ts sur les dommages et int\u00e9r\u00eats ?<\/dt>\r\n            <dd>\r\n              Non, les dommages et int\u00e9r\u00eats sont en principe exon\u00e9r\u00e9s d'imp\u00f4t \u00e0 hauteur de 100 %.\r\n          <\/dd>\r\n\r\n          \r\n          <dt class=\"mti_font_element\"><i class=\"fa fa-angle-down\"><\/i> Quel est mon effort ?<\/dt>\r\n          <dd>\r\n            Minimal - nous v\u00e9rifions vos documents et les pr\u00e9parons enti\u00e8rement avec nos sp\u00e9cialistes pour qu'ils soient pr\u00eats \u00e0 \u00eatre utilis\u00e9s devant un tribunal.\r\n          <\/dd>\r\n\r\n\r\n          \r\n          <dt class=\"mti_font_element\"><i class=\"fa fa-angle-down\"><\/i> Quand dois-je payer ?<\/dt>\r\n          <dd>\r\n            Nous ne percevons une commission de r\u00e9ussite qu'en cas d'issue favorable du proc\u00e8s.\r\n          <\/dd>\r\n        <\/dl>\r\n\r\n      <\/div>\r\n      \r\n    <\/div>\r\n<\/section>\n<\/div>\n<\/div>\n<\/div><\/div>","protected":false},"excerpt":{"rendered":"<p>Claim Angels.pour votre droit \u00e0 l'indemnisation. Les ententes anticoncurrentielles sont omnipr\u00e9sentes dans toute l'Europe. Les victimes sont les consommateurs et les entreprises. Nous prenons fait et cause pour les acheteurs concern\u00e9s afin de les aider \u00e0 obtenir leur bon droit : Dommages et int\u00e9r\u00eats. Faites confiance au savoir-faire des Claim Angels et des experts juridiques de cabinets d'avocats internationaux renomm\u00e9s. Les avantages pour vous : Dans ces [...]<\/p>","protected":false},"author":11,"featured_media":0,"parent":0,"menu_order":0,"comment_status":"closed","ping_status":"closed","template":"","meta":{"_uag_custom_page_level_css":"","footnotes":""},"class_list":["post-7700","page","type-page","status-publish","hentry"],"uagb_featured_image_src":{"full":false,"thumbnail":false,"medium":false,"medium_large":false,"large":false,"1536x1536":false,"2048x2048":false,"trp-custom-language-flag":false},"uagb_author_info":{"display_name":"samuel","author_link":"https:\/\/claim-angels.com\/fr\/author\/samuel\/"},"uagb_comment_info":0,"uagb_excerpt":"Claim Angels.F\u00fcr Ihr Recht auf Entsch\u00e4digung. Wettbewerbswidrige Absprachen sind in ganz Europa allgegenw\u00e4rtig. Opfer sind die Konsumenten und Unternehmen. Wir machen uns f\u00fcr die betroffenen K\u00e4ufer stark, um ihnen zu ihrem guten Recht zu verhelfen: Schadensersatz. Vertrauen Sie auf das Know-how der Claim Angels und der Rechtsexperten in renommierten, internationalen Anwaltskanzleien. Ihre Vorteile: In diesen\u2026","_links":{"self":[{"href":"https:\/\/claim-angels.com\/fr\/wp-json\/wp\/v2\/pages\/7700","targetHints":{"allow":["GET"]}}],"collection":[{"href":"https:\/\/claim-angels.com\/fr\/wp-json\/wp\/v2\/pages"}],"about":[{"href":"https:\/\/claim-angels.com\/fr\/wp-json\/wp\/v2\/types\/page"}],"author":[{"embeddable":true,"href":"https:\/\/claim-angels.com\/fr\/wp-json\/wp\/v2\/users\/11"}],"replies":[{"embeddable":true,"href":"https:\/\/claim-angels.com\/fr\/wp-json\/wp\/v2\/comments?post=7700"}],"version-history":[{"count":10,"href":"https:\/\/claim-angels.com\/fr\/wp-json\/wp\/v2\/pages\/7700\/revisions"}],"predecessor-version":[{"id":8361,"href":"https:\/\/claim-angels.com\/fr\/wp-json\/wp\/v2\/pages\/7700\/revisions\/8361"}],"wp:attachment":[{"href":"https:\/\/claim-angels.com\/fr\/wp-json\/wp\/v2\/media?parent=7700"}],"curies":[{"name":"wp","href":"https:\/\/api.w.org\/{rel}","templated":true}]}}