{"id":8265,"date":"2025-03-06T17:04:48","date_gmt":"2025-03-06T16:04:48","guid":{"rendered":"https:\/\/claim-angels.com\/?page_id=8265"},"modified":"2025-03-12T15:34:11","modified_gmt":"2025-03-12T14:34:11","slug":"datenschutz","status":"publish","type":"page","link":"https:\/\/claim-angels.com\/es\/datenschutz\/","title":{"rendered":"Protecci\u00f3n de datos"},"content":{"rendered":"<div class=\"wp-block-cover alignfull slider-wrapper2 has-base-color has-text-color has-link-color wp-elements-b089a002d492178b3d87e88408594307\" style=\"margin-top:0;margin-bottom:0;padding-top:0;padding-right:var(--wp--preset--spacing--50);padding-bottom:0;padding-left:var(--wp--preset--spacing--50)\"><span aria-hidden=\"true\" class=\"wp-block-cover__background has-contrast-background-color has-background-dim\"><\/span><img loading=\"lazy\" decoding=\"async\" width=\"1920\" height=\"1285\" class=\"wp-block-cover__image-background wp-image-7680\" alt=\"\" src=\"https:\/\/claim-angels.com\/wp-content\/uploads\/2025\/02\/hammer.jpg\" style=\"object-position:88% 62%\" data-object-fit=\"cover\" data-object-position=\"88% 62%\" srcset=\"https:\/\/claim-angels.com\/wp-content\/uploads\/2025\/02\/hammer.jpg 1920w, https:\/\/claim-angels.com\/wp-content\/uploads\/2025\/02\/hammer-300x201.jpg 300w, https:\/\/claim-angels.com\/wp-content\/uploads\/2025\/02\/hammer-1024x685.jpg 1024w, https:\/\/claim-angels.com\/wp-content\/uploads\/2025\/02\/hammer-768x514.jpg 768w, https:\/\/claim-angels.com\/wp-content\/uploads\/2025\/02\/hammer-1536x1028.jpg 1536w\" sizes=\"auto, (max-width: 1920px) 100vw, 1920px\" \/><div class=\"wp-block-cover__inner-container has-global-padding is-layout-constrained wp-container-core-cover-is-layout-1 wp-block-cover-is-layout-constrained\">\n<div class=\"wp-block-group alignwide is-layout-flow wp-block-group-is-layout-flow\">\n<div class=\"wp-block-uagb-advanced-heading uagb-block-fcfca36b\"><h1 class=\"uagb-heading-text\"><strong><strong>Protecci\u00f3n de datos<\/strong><\/strong><\/h1><\/div>\n<\/div>\n<\/div><\/div>\n\n\n\n<div class=\"wp-block-uagb-container uagb-block-11807894 default uagb-is-root-container\">\n<div class=\"wp-block-uagb-container uagb-block-7288466e default uagb-is-root-container\"><\/div>\n<\/div>\n\n\n\n<div class=\"wp-block-uagb-container uagb-block-f9b32e52 alignfull uagb-is-root-container\"><div class=\"uagb-container-inner-blocks-wrap\">\n<div class=\"wp-block-uagb-container uagb-block-553897f8\">\n<div class=\"wp-block-uagb-advanced-heading uagb-block-0397d445\"><p class=\"uagb-heading-text\"><strong>1. informaci\u00f3n general<\/strong><br><br>La protecci\u00f3n de sus datos personales es importante para nosotros. En esta pol\u00edtica de privacidad, le informamos sobre qu\u00e9 datos personales recopilamos, c\u00f3mo los utilizamos y qu\u00e9 derechos tiene en relaci\u00f3n con sus datos.<br><br>Sus datos se procesan de conformidad con el Reglamento General de Protecci\u00f3n de Datos (RGPD) y otras normativas aplicables en materia de protecci\u00f3n de datos.<br><br><br><strong>2. responsable del tratamiento de datos<\/strong><br><strong>Responsable en el sentido de las leyes de protecci\u00f3n de datos es:<\/strong><br><br>truu investment gmbh<br>Westring 14<br>DE-75180 Pforzheim<br><br>dsgvo@claim-angels.com<br>Tel\u00e9fono: +49 7231 13335888<br><br>Para consultas sobre protecci\u00f3n de datos, puede ponerse en contacto con nosotros utilizando los datos indicados m\u00e1s arriba.<br><br><br><strong>3. recogida y tratamiento de datos personales<\/strong><br><br>Recogemos y tratamos datos personales cuando usted:<br>- visite nuestro sitio web,<br>- presentar una solicitud de examen de una reclamaci\u00f3n de da\u00f1os y perjuicios,<br>- utilizar o encargar nuestros servicios,<br>- ponerse en contacto con nosotros (por ejemplo, por correo electr\u00f3nico, formulario de contacto o tel\u00e9fono).<br><br><strong>\u00bfQu\u00e9 datos se recogen?<\/strong><br><br>Dependiendo del tipo de consulta y del caso, podr\u00e1n tratarse los siguientes datos:<br><br><strong>(a) Datos de la empresa<\/strong><br>- Nombre de la empresa<br>- Direcci\u00f3n de la empresa<br>- Datos de contacto (correo electr\u00f3nico, tel\u00e9fono)<br>- N\u00fameros de registro fiscal y mercantil<br><br><strong>(b) Datos relacionados con el veh\u00edculo (\u00e1ngeles de cami\u00f3n)<\/strong><br>- Fabricante, modelo, a\u00f1o de fabricaci\u00f3n<br>- N\u00famero de identificaci\u00f3n del veh\u00edculo (VIN)<br>- Contrato de compraventa, contrato de arrendamiento financiero<br>- Reclamaciones por da\u00f1os, reclamaciones de garant\u00eda<br><br><strong>(c) Datos relacionados con las reservas (\u00e1ngeles de la reserva)<\/strong><br>- Confirmaciones de reserva<br>- Facturas<br>- Historial de comunicaci\u00f3n con las plataformas de reserva<br><br><strong>(d) Datos generales sobre contratos y siniestros<\/strong><br>- Reclamaciones de da\u00f1os y perjuicios o de reembolso<br>- Correspondencia con fabricantes, plataformas de reservas, compa\u00f1\u00edas de seguros<br>- Documentos de abogados y peritos<br><br><br><strong>4. finalidad del tratamiento de datos<\/strong><br><br>Los datos mencionados se tratan con los siguientes fines:<br><br><strong>1. examen y ejecuci\u00f3n de las reclamaciones por da\u00f1os y perjuicios<\/strong> hacia fabricantes, plataformas de reservas u otras partes.<br><br><strong>2. preparaci\u00f3n e inicio de los tr\u00e1mites legales<\/strong>, <br>incluida la contrataci\u00f3n de bufetes de abogados y expertos.<br><br><strong>3. comunicaci\u00f3n con usted<\/strong>, <br>para informarnos de la situaci\u00f3n actual de su caso.<br><br><strong>4. financiaci\u00f3n de las costas judiciales<\/strong> <br>y liquidaci\u00f3n de las participaciones en beneficios.<br><br><strong>5. cumplimiento de las obligaciones legales<\/strong>, <br>en particular los periodos de conservaci\u00f3n en virtud de la legislaci\u00f3n fiscal y mercantil.<br><br>El tratamiento de sus datos se realiza exclusivamente sobre la base de <strong>Art\u00edculo 6, apartado 1, del RGPD<\/strong>en particular:<br><br><strong>- Art\u00edculo 6, apartado 1, letra b) del RGPD<\/strong> (cumplimiento del contrato),<br>\u00a0<strong>- Art\u00edculo 6, apartado 1, letra f del RGPD<\/strong> (inter\u00e9s leg\u00edtimo en la ejecuci\u00f3n de reclamaciones),<br><strong>- Art\u00edculo 6, apartado 1, letra c) del RGPD<\/strong> (obligaciones legales).<br><br><br><strong>5. divulgaci\u00f3n de datos a terceros<\/strong><br><br>Sus datos siempre estar\u00e1n <strong>no se transmite a terceros<\/strong>salvo que sea necesario para hacer valer sus derechos. En este caso, los datos podr\u00e1n remitirse a:<br><strong>- Despachos de abogados<\/strong>que presentan demandas en su nombre.<br><strong>- Tasadores y peritos<\/strong>que eval\u00faen el da\u00f1o o siniestro.<br><strong>- Tribunales y autoridades<\/strong>si se inicia el procedimiento.<br><strong>- Proveedor de servicios de pago<\/strong>si es necesario un pago o una asunci\u00f3n de costes.<br><br>Con todos los socios externos tenemos <strong>Contratos de tramitaci\u00f3n de pedidos (AVV)<\/strong> celebrado de conformidad con el art\u00edculo 28 del RGPD.<br><br><br><strong>6. periodo de conservaci\u00f3n de los datos<\/strong><br><br>S\u00f3lo almacenamos sus datos personales durante el tiempo necesario para tramitar su solicitud o durante los periodos legales de conservaci\u00f3n.<br><br>- Documentos comerciales: <strong>10 a\u00f1os<\/strong> (seg\u00fan HGB &amp; AO)<br>- Correspondencia y documentos contractuales: <strong>6 a\u00f1os<\/strong> (de conformidad con el art\u00edculo 257 del HGB)<br>- Documentos contables y facturas: <strong>10 a\u00f1os<\/strong> (seg\u00fan \u00a7 147 AO)<br><br>Una vez transcurrido el periodo de conservaci\u00f3n, los datos se eliminar\u00e1n.<br><br><br><strong>7 Sus derechos en virtud del GDPR<\/strong><br><br>Usted tiene los siguientes derechos en relaci\u00f3n con sus datos personales almacenados por nosotros:<br><br><strong>- Derecho a la informaci\u00f3n (Art. 15 GDPR)<\/strong><br>Puede solicitar una copia de sus datos almacenados.<br><br><strong>- Derecho de rectificaci\u00f3n (Art. 16 GDPR)<\/strong><br>Si sus datos son incorrectos, puede solicitar una rectificaci\u00f3n.<br><br><strong>- Derecho de supresi\u00f3n (Art. 17 GDPR)<\/strong><br>Puede solicitar la supresi\u00f3n de sus datos, siempre que no exista obligaci\u00f3n legal de conservarlos.<br><br><strong>- Derecho a la restricci\u00f3n del tratamiento (Art. 18 GDPR)<\/strong><br>Si es necesario aclarar el tratamiento de los datos, puede solicitar la limitaci\u00f3n de dicho tratamiento.<br><br><strong>- Derecho a la portabilidad de los datos (Art. 20 GDPR)<\/strong><br>Tiene derecho a recibir sus datos en un formato legible por m\u00e1quina.<br><br><strong>- Derecho de oposici\u00f3n (Art. 21 GDPR)<\/strong><br>Puede oponerse al tratamiento de sus datos en cualquier momento si se basa en un inter\u00e9s leg\u00edtimo.<br><br><br><strong>Contacto para consultas sobre protecci\u00f3n de datos:<\/strong><br><a href=\"mailto:datenschutz@claim-angels.com\">datenschutz@claim-angels.com<\/a><br><br>Si cree que sus datos est\u00e1n siendo tratados ilegalmente, tiene derecho a presentar una reclamaci\u00f3n ante una autoridad de protecci\u00f3n de datos.<br><br><br><strong>8. seguridad de los datos<\/strong><br><br>Utilizamos medidas t\u00e9cnicas y organizativas para proteger sus datos de p\u00e9rdidas, manipulaciones y accesos no autorizados. Estas medidas incluyen<br><br>- Encriptaci\u00f3n SSL del sitio web<br>- Restringir el acceso a sus datos<br>- Controles de seguridad peri\u00f3dicos<br><br><br><strong>9. cambios en esta pol\u00edtica de privacidad<\/strong><br><br>Esta pol\u00edtica de privacidad se actualiza peri\u00f3dicamente. Los cambios se publicar\u00e1n en esta p\u00e1gina.<br><br><strong>\u00daltima actualizaci\u00f3n:<\/strong> 10.03.2025<\/p><\/div>\n<\/div>\n\n\n\n<div class=\"wp-block-uagb-container uagb-block-ae8db127\">\n<div class=\"wp-block-uagb-advanced-heading uagb-block-40aceb3d\"><p class=\"uagb-heading-text\">truu investment gmbh<br>Westring 14<br>DE-75180 Pforzheim<br><br>Juzgado de primera instancia de Mannheim HRB 711057<br><br>Director general: Timo Krause<br><br><a href=\"mailto:hello@claim-angels.com\">hello@claim-angels.com<\/a><br><a href=\"tel:49723113335888\">+49 7231 13335888<\/a><\/p><div class=\"uagb-separator\"><\/div><\/div>\n<\/div>\n<\/div><\/div>","protected":false},"excerpt":{"rendered":"<p>1 Informaci\u00f3n general La protecci\u00f3n de sus datos personales es importante para nosotros. En esta pol\u00edtica de privacidad, le informamos sobre qu\u00e9 datos personales recopilamos, c\u00f3mo los utilizamos y qu\u00e9 derechos tiene en relaci\u00f3n con sus datos. Sus datos se procesan de conformidad con el Reglamento General de Protecci\u00f3n de Datos (RGPD) y otras normativas aplicables en materia de protecci\u00f3n de datos. 2. responsable de [...]<\/p>","protected":false},"author":11,"featured_media":0,"parent":0,"menu_order":0,"comment_status":"closed","ping_status":"closed","template":"","meta":{"_uag_custom_page_level_css":"","footnotes":""},"class_list":["post-8265","page","type-page","status-publish","hentry"],"uagb_featured_image_src":{"full":false,"thumbnail":false,"medium":false,"medium_large":false,"large":false,"1536x1536":false,"2048x2048":false,"trp-custom-language-flag":false},"uagb_author_info":{"display_name":"samuel","author_link":"https:\/\/claim-angels.com\/es\/author\/samuel\/"},"uagb_comment_info":0,"uagb_excerpt":"1. Allgemeine Hinweise Der Schutz Ihrer pers\u00f6nlichen Daten ist uns ein wichtiges Anliegen. In dieser Datenschutzerkl\u00e4rung informieren wir Sie dar\u00fcber, welche personenbezogenen Daten wir erheben, wie wir sie nutzen und welche Rechte Sie in Bezug auf Ihre Daten haben. Die Verarbeitung Ihrer Daten erfolgt gem\u00e4\u00df der Datenschutz-Grundverordnung (DSGVO) und anderen geltenden Datenschutzbestimmungen. 2. Verantwortlicher f\u00fcr&hellip;","_links":{"self":[{"href":"https:\/\/claim-angels.com\/es\/wp-json\/wp\/v2\/pages\/8265","targetHints":{"allow":["GET"]}}],"collection":[{"href":"https:\/\/claim-angels.com\/es\/wp-json\/wp\/v2\/pages"}],"about":[{"href":"https:\/\/claim-angels.com\/es\/wp-json\/wp\/v2\/types\/page"}],"author":[{"embeddable":true,"href":"https:\/\/claim-angels.com\/es\/wp-json\/wp\/v2\/users\/11"}],"replies":[{"embeddable":true,"href":"https:\/\/claim-angels.com\/es\/wp-json\/wp\/v2\/comments?post=8265"}],"version-history":[{"count":7,"href":"https:\/\/claim-angels.com\/es\/wp-json\/wp\/v2\/pages\/8265\/revisions"}],"predecessor-version":[{"id":8332,"href":"https:\/\/claim-angels.com\/es\/wp-json\/wp\/v2\/pages\/8265\/revisions\/8332"}],"wp:attachment":[{"href":"https:\/\/claim-angels.com\/es\/wp-json\/wp\/v2\/media?parent=8265"}],"curies":[{"name":"wp","href":"https:\/\/api.w.org\/{rel}","templated":true}]}}