{"id":8032,"date":"2025-02-28T22:43:06","date_gmt":"2025-02-28T21:43:06","guid":{"rendered":"https:\/\/claim-angels.com\/?page_id=8032"},"modified":"2025-03-12T15:29:28","modified_gmt":"2025-03-12T14:29:28","slug":"booking-angels","status":"publish","type":"page","link":"https:\/\/claim-angels.com\/es\/booking-angels\/","title":{"rendered":"Booking Angels"},"content":{"rendered":"<div class=\"wp-block-cover alignfull has-parallax slider-wrapper has-base-color has-text-color has-link-color wp-elements-d3c55098d954b813407827a419028e05\" style=\"margin-top:0;margin-bottom:0;padding-top:0;padding-right:var(--wp--preset--spacing--50);padding-bottom:0;padding-left:var(--wp--preset--spacing--50);min-height:100vh;aspect-ratio:unset;\"><span aria-hidden=\"true\" class=\"wp-block-cover__background has-contrast-background-color has-background-dim\"><\/span><div class=\"wp-block-cover__image-background wp-image-8320 has-parallax\" style=\"background-position:50% 50%;background-image:url(https:\/\/claim-angels.com\/wp-content\/uploads\/2025\/03\/booking-header.jpg)\"><\/div><div class=\"wp-block-cover__inner-container has-global-padding is-layout-constrained wp-container-core-cover-is-layout-1 wp-block-cover-is-layout-constrained\">\n<div class=\"wp-block-group alignwide hl-wrapper is-layout-flow wp-block-group-is-layout-flow\">\n<div class=\"wp-block-uagb-advanced-heading uagb-block-fcfca36b\"><h1 class=\"uagb-heading-text\"><strong><strong>BIENVENIDO A<\/strong><br>\u00c1ngeles de la reserva.<\/strong><\/h1><\/div>\n\n\n\n<div class=\"wp-block-uagb-advanced-heading uagb-block-baaac4d5\"><h1 class=\"uagb-heading-text\">Su socio para reclamaciones por da\u00f1os y perjuicios en el caso del c\u00e1rtel de Booking.com.<\/h1><\/div>\n\n\n\n<div class=\"stoerer\" style=\"color: #002a44;\">Indemnizaci\u00f3n por da\u00f1os y perjuicios<br>\u00a1est\u00e1 libre de impuestos!<\/div><style>.stoerer:after {background-color: #002a44!important;}<\/style>\n<\/div>\n<\/div><\/div>\n\n\n\n<div class=\"wp-block-uagb-container uagb-block-11807894 default uagb-is-root-container\">\n<div class=\"wp-block-uagb-container uagb-block-7288466e default uagb-is-root-container\"><\/div>\n<\/div>\n\n\n\n<div class=\"wp-block-group alignfull is-style-section-5 has-base-background-color has-background has-global-padding is-layout-constrained wp-block-group-is-layout-constrained is-style-section-5--1\" style=\"margin-top:0;margin-bottom:0;padding-top:var(--wp--preset--spacing--60);padding-bottom:var(--wp--preset--spacing--60)\">\n<div class=\"wp-block-columns alignwide are-vertically-aligned-center is-layout-flex wp-container-core-columns-is-layout-1 wp-block-columns-is-layout-flex\">\n<div class=\"wp-block-column is-vertically-aligned-center is-layout-flow wp-block-column-is-layout-flow\" style=\"flex-basis:100%\">\n<div style=\"height:20px\" aria-hidden=\"true\" class=\"wp-block-spacer\"><\/div>\n\n\n\n<div class=\"wp-block-uagb-advanced-heading uagb-block-a8a1d8e1\"><h1 class=\"uagb-heading-text\"><strong><strong>Reservas<\/strong> \u00c1ngeles.<\/strong><br><strong><strong>Por su derecho a una indemnizaci\u00f3n.<\/strong><\/strong><\/h1><\/div>\n\n\n\n<div class=\"wp-block-uagb-advanced-heading uagb-block-0397d445\"><p class=\"uagb-heading-text\">\u00bfTu negocio hotelero trabaj\u00f3 con Booking.com entre 2006 y 2022? Entonces est\u00e1s afectado por cl\u00e1usulas ilegales de mejor precio y\/o reservas online no conformes. En ambos casos, tienes derecho a una compensaci\u00f3n econ\u00f3mica. Te prestaremos todo nuestro apoyo y te prepararemos todos los documentos para que puedas acudir a los tribunales. Consigue que Booking.com te devuelva tu dinero Puedes encontrar los antecedentes exactos del caso de Booking.com en las preguntas frecuentes.<\/p><\/div>\n<\/div>\n<\/div>\n<\/div>\n\n\n\n<div class=\"wp-block-uagb-container uagb-block-dd8ab561 alignfull uagb-is-root-container\"><div class=\"uagb-container-inner-blocks-wrap\">\n<div class=\"wp-block-uagb-container uagb-block-a68d28ab\">\n<div class=\"wp-block-uagb-container uagb-block-3f996c4f alignfull uagb-is-root-container\"><div class=\"uagb-container-inner-blocks-wrap\">\n<div class=\"wp-block-uagb-advanced-heading uagb-block-e1e7348d\"><h2 class=\"uagb-heading-text\"><strong><strong><strong>Cuatro pasos hacia la compensaci\u00f3n<\/strong><\/strong><\/strong>.<br><strong>El proceso es as\u00ed de sencillo para ti en Booking Angels.<\/strong><\/h2><\/div>\n<\/div><\/div>\n\n\n\n<div class=\"wp-block-uagb-container uagb-block-2a27e93d alignfull uagb-is-root-container\"><div class=\"uagb-container-inner-blocks-wrap\">\n<div class=\"wp-block-uagb-container uagb-block-069f74fa\">\n<div class=\"wp-block-uagb-info-box uagb-block-3ce48758 uagb-infobox__content-wrap  uagb-infobox-icon-above-title uagb-infobox-image-valign-top\"><div class=\"uagb-ifb-content\"><div class=\"uagb-ifb-icon-wrap\"><svg xmlns=\"https:\/\/www.w3.org\/2000\/svg\" viewbox=\"0 0 512 512\"><path d=\"M0 256C0 114.6 114.6 0 256 0C397.4 0 512 114.6 512 256C512 397.4 397.4 512 256 512C114.6 512 0 397.4 0 256zM371.8 211.8C382.7 200.9 382.7 183.1 371.8 172.2C360.9 161.3 343.1 161.3 332.2 172.2L224 280.4L179.8 236.2C168.9 225.3 151.1 225.3 140.2 236.2C129.3 247.1 129.3 264.9 140.2 275.8L204.2 339.8C215.1 350.7 232.9 350.7 243.8 339.8L371.8 211.8z\"><\/path><\/svg><\/div><div class=\"uagb-ifb-title-wrap\"><h3 class=\"uagb-ifb-title\"><strong>Calcular siniestros:<\/strong><\/h3><\/div><p class=\"uagb-ifb-desc\">Utilice la calculadora de indemnizaciones para comprobar si tiene derecho a una indemnizaci\u00f3n y en qu\u00e9 medida.<\/p><\/div><\/div>\n<\/div>\n\n\n\n<div class=\"wp-block-uagb-container uagb-block-5766cf06\">\n<div class=\"wp-block-uagb-info-box uagb-block-5ac26897 uagb-infobox__content-wrap  uagb-infobox-icon-above-title uagb-infobox-image-valign-top\"><div class=\"uagb-ifb-content\"><div class=\"uagb-ifb-icon-wrap\"><svg xmlns=\"https:\/\/www.w3.org\/2000\/svg\" viewbox=\"0 0 512 512\"><path d=\"M0 256C0 114.6 114.6 0 256 0C397.4 0 512 114.6 512 256C512 397.4 397.4 512 256 512C114.6 512 0 397.4 0 256zM371.8 211.8C382.7 200.9 382.7 183.1 371.8 172.2C360.9 161.3 343.1 161.3 332.2 172.2L224 280.4L179.8 236.2C168.9 225.3 151.1 225.3 140.2 236.2C129.3 247.1 129.3 264.9 140.2 275.8L204.2 339.8C215.1 350.7 232.9 350.7 243.8 339.8L371.8 211.8z\"><\/path><\/svg><\/div><div class=\"uagb-ifb-title-wrap\"><h3 class=\"uagb-ifb-title\"><strong><strong>Cargar documentos:<\/strong><\/strong><\/h3><\/div><p class=\"uagb-ifb-desc\">En el \u00e1rea de inicio de sesi\u00f3n, cargue su <br>Documentos de Booking.com.<\/p><\/div><\/div>\n<\/div>\n<\/div><\/div>\n\n\n\n<div class=\"wp-block-uagb-container uagb-block-21aa3b04 alignfull uagb-is-root-container\"><div class=\"uagb-container-inner-blocks-wrap\">\n<div class=\"wp-block-uagb-container uagb-block-8856c737\">\n<div class=\"wp-block-uagb-info-box uagb-block-6ecee3a3 uagb-infobox__content-wrap  uagb-infobox-icon-above-title uagb-infobox-image-valign-top\"><div class=\"uagb-ifb-content\"><div class=\"uagb-ifb-icon-wrap\"><svg xmlns=\"https:\/\/www.w3.org\/2000\/svg\" viewbox=\"0 0 512 512\"><path d=\"M0 256C0 114.6 114.6 0 256 0C397.4 0 512 114.6 512 256C512 397.4 397.4 512 256 512C114.6 512 0 397.4 0 256zM371.8 211.8C382.7 200.9 382.7 183.1 371.8 172.2C360.9 161.3 343.1 161.3 332.2 172.2L224 280.4L179.8 236.2C168.9 225.3 151.1 225.3 140.2 236.2C129.3 247.1 129.3 264.9 140.2 275.8L204.2 339.8C215.1 350.7 232.9 350.7 243.8 339.8L371.8 211.8z\"><\/path><\/svg><\/div><div class=\"uagb-ifb-title-wrap\"><h3 class=\"uagb-ifb-title\"><strong><strong>Firmar contrato y poder notarial:<\/strong><\/strong><\/h3><\/div><p class=\"uagb-ifb-desc\">Env\u00edenos los documentos contractuales firmados y el formulario de autorizaci\u00f3n.<\/p><\/div><\/div>\n<\/div>\n\n\n\n<div class=\"wp-block-uagb-container uagb-block-05de833a\">\n<div class=\"wp-block-uagb-info-box uagb-block-102519ea uagb-infobox__content-wrap  uagb-infobox-icon-above-title uagb-infobox-image-valign-top\"><div class=\"uagb-ifb-content\"><div class=\"uagb-ifb-icon-wrap\"><svg xmlns=\"https:\/\/www.w3.org\/2000\/svg\" viewbox=\"0 0 512 512\"><path d=\"M0 256C0 114.6 114.6 0 256 0C397.4 0 512 114.6 512 256C512 397.4 397.4 512 256 512C114.6 512 0 397.4 0 256zM371.8 211.8C382.7 200.9 382.7 183.1 371.8 172.2C360.9 161.3 343.1 161.3 332.2 172.2L224 280.4L179.8 236.2C168.9 225.3 151.1 225.3 140.2 236.2C129.3 247.1 129.3 264.9 140.2 275.8L204.2 339.8C215.1 350.7 232.9 350.7 243.8 339.8L371.8 211.8z\"><\/path><\/svg><\/div><div class=\"uagb-ifb-title-wrap\"><h3 class=\"uagb-ifb-title\"><strong><strong><strong>Pago de indemnizaciones <\/strong><\/strong><\/strong><strong><strong><strong>en caso de \u00e9xito:<\/strong><\/strong><\/strong><\/h3><\/div><p class=\"uagb-ifb-desc\">Tras un periodo de litigio estimado de 5 a 7 a\u00f1os, recibir\u00e1 el pago de su indemnizaci\u00f3n.<\/p><\/div><\/div>\n<\/div>\n<\/div><\/div>\n<\/div>\n<\/div><\/div>\n\n\n\n<div data-aos= \"fade-up\" data-aos-duration=\"400\" data-aos-delay=\"0\" data-aos-easing=\"ease\" data-aos-once=\"true\" class=\"wp-block-uagb-container uagb-block-70a9d085 alignfull uagb-is-root-container\">\n<div class=\"wp-block-uagb-container uagb-block-7510963e alignfull uagb-is-root-container\"><div class=\"uagb-container-inner-blocks-wrap\">\n<div data-aos= \"fade-right\" data-aos-duration=\"400\" data-aos-delay=\"0\" data-aos-easing=\"ease\" data-aos-once=\"true\" class=\"wp-block-uagb-container uagb-block-3c170e52\">\n<div class=\"wp-block-uagb-advanced-heading uagb-block-fdff8c48\"><h3 class=\"uagb-heading-text\"><strong><strong><strong>Comprobaci\u00f3n gratuita. Carga gratuita. Beneficio si tiene \u00e9xito.<\/strong><\/strong><\/strong><\/h3><\/div>\n<\/div>\n<\/div><\/div>\n\n\n\n<div class=\"wp-block-uagb-container uagb-block-0c1ebed8 alignfull uagb-is-root-container\"><div class=\"uagb-container-inner-blocks-wrap\">\n<div data-aos= \"fade-right\" data-aos-duration=\"400\" data-aos-delay=\"0\" data-aos-easing=\"ease\" data-aos-once=\"true\" class=\"wp-block-uagb-container uagb-block-5a650293\">\n<div class=\"wp-block-uagb-advanced-heading uagb-block-12dff741\"><h3 class=\"uagb-heading-text\"><strong><strong><strong>Calcule el importe de la indemnizaci\u00f3n. Muy sencillo.<\/strong><\/strong><\/strong><\/h3><\/div>\n\n\n\n<div class=\"wp-block-uagb-advanced-heading uagb-block-9fc591be\"><p class=\"uagb-heading-text\">Nuestra pr\u00e1ctica <strong>Calculadora de da\u00f1os y perjuicios<\/strong> le indica r\u00e1pida y c\u00f3modamente si puede reclamar una indemnizaci\u00f3n y en qu\u00e9 medida. En caso afirmativo, lo \u00fanico que tiene que hacer es cargar sus documentos y nosotros nos encargaremos de todo lo dem\u00e1s. Tendr\u00e1 una persona de contacto a su lado hasta que finalice la reclamaci\u00f3n. Puede consultar el estado del proceso en cualquier momento en nuestra zona de acceso.<\/p><\/div>\n\n\n\n<div class=\"wp-block-uagb-buttons uagb-buttons__outer-wrap uagb-btn__default-btn uagb-btn-tablet__default-btn uagb-btn-mobile__default-btn uagb-block-7faab96d\"><div class=\"uagb-buttons__wrap uagb-buttons-layout-wrap\">\n<div class=\"wp-block-uagb-buttons-child uagb-buttons__outer-wrap uagb-block-063b5f64 wp-block-button\"><div class=\"uagb-button__wrapper\"><a class=\"uagb-buttons-repeater wp-block-button__link\" aria-label=\"\" href=\"#\" rel=\"follow noopener\" target=\"_self\" role=\"button\"><div class=\"uagb-button__link\">Comprobaci\u00f3n gratuita<\/div><\/a><\/div><\/div>\n<\/div><\/div>\n<\/div>\n\n\n\n<div class=\"wp-block-uagb-container uagb-block-b302a8d0\">\n<div data-aos= \"fade-left\" data-aos-duration=\"400\" data-aos-delay=\"0\" data-aos-easing=\"ease\" data-aos-once=\"true\" class=\"wp-block-uagb-container uagb-block-b684e8b3\"><\/div>\n<\/div>\n<\/div><\/div>\n\n\n\n<div class=\"wp-block-uagb-container uagb-block-d27f95db alignfull uagb-is-root-container\"><div class=\"uagb-container-inner-blocks-wrap\">\n<div class=\"wp-block-uagb-container uagb-block-0b9f06fe\">\n<div data-aos= \"fade-right\" data-aos-duration=\"400\" data-aos-delay=\"0\" data-aos-easing=\"ease\" data-aos-once=\"true\" class=\"wp-block-uagb-container uagb-block-337637c4\"><\/div>\n<\/div>\n\n\n\n<div data-aos= \"fade-left\" data-aos-duration=\"400\" data-aos-delay=\"0\" data-aos-easing=\"ease\" data-aos-once=\"true\" class=\"wp-block-uagb-container uagb-block-b11c8216\">\n<div class=\"wp-block-uagb-advanced-heading uagb-block-37b38446\"><h3 class=\"uagb-heading-text\"><strong><strong><strong>100% oportunidades. 100% libre de impuestos. Riesgo cero.<\/strong><\/strong><\/strong><\/h3><\/div>\n\n\n\n<div class=\"wp-block-uagb-advanced-heading uagb-block-16c200dd\"><p class=\"uagb-heading-text\">Garantizamos que todo seguir\u00e1 siendo 100 % libre de cargo por adelantado. Esto se debe a que Booking Angels trabaja exclusivamente sobre una base orientada al \u00e9xito. En caso de \u00e9xito, cobramos una tarifa fija por nuestros gastos de la suma final ganada. As\u00ed que no hay riesgo para usted, todo sigue siendo 100 % transparente y s\u00f3lo se puede ganar. Y lo mejor de todo: \u00a1la indemnizaci\u00f3n est\u00e1 exenta de impuestos!<\/p><\/div>\n\n\n\n<div class=\"wp-block-uagb-buttons uagb-buttons__outer-wrap uagb-btn__default-btn uagb-btn-tablet__default-btn uagb-btn-mobile__default-btn uagb-block-8d242ef5\"><div class=\"uagb-buttons__wrap uagb-buttons-layout-wrap\">\n<div class=\"wp-block-uagb-buttons-child uagb-buttons__outer-wrap uagb-block-3896df69 wp-block-button\"><div class=\"uagb-button__wrapper\"><a class=\"uagb-buttons-repeater wp-block-button__link\" aria-label=\"\" href=\"\/es\/kontakt\/\" rel=\"follow noopener\" target=\"_self\" role=\"button\"><div class=\"uagb-button__link\">P\u00f3ngase en contacto ahora<\/div><\/a><\/div><\/div>\n<\/div><\/div>\n<\/div>\n<\/div><\/div>\n<\/div>\n\n\n\n<div class=\"wp-block-uagb-container uagb-block-983105a7 alignfull uagb-is-root-container\"><div class=\"uagb-container-inner-blocks-wrap\">\n<div class=\"wp-block-group alignfull has-global-padding is-layout-constrained wp-container-core-group-is-layout-4 wp-block-group-is-layout-constrained\" style=\"margin-top:0;margin-bottom:0;padding-right:0;padding-left:0\">\n<div class=\"wp-block-group alignwide is-layout-flow wp-container-core-group-is-layout-3 wp-block-group-is-layout-flow\" style=\"padding-top:var(--wp--preset--spacing--50);padding-bottom:var(--wp--preset--spacing--50)\">\n<div class=\"wp-block-uagb-advanced-heading uagb-block-2bfcc967\"><h2 class=\"uagb-heading-text\">Preguntas m\u00e1s frecuentes<\/h2><\/div>\n\n\n<section class=\"leistungenWrapper mti_font_element\">\r\n  \r\n    <div class=\"leistungen basicWidth mti_font_element\">\r\n      <h3 class=\"mti_font_element\"><\/h3>\r\n      \r\n      <div class=\"leistungenBox mti_font_element\">\r\n        <dl class=\"accordion mti_font_element\">\r\n          <dt class=\"mti_font_element\"><i class=\"fa fa-angle-down\"><\/i> \u00bfCu\u00e1l es el trasfondo de las cl\u00e1usulas de mejor precio de Booking.com?<\/dt>\r\n          <dd>Muchos hoteles llevan a\u00f1os pagando comisiones excesivas a Booking.com. El motivo son unas cl\u00e1usulas de mejor precio incluidas en las condiciones generales de Booking.com desde 2006 y que infringen la legislaci\u00f3n antimonopolio. Estas cl\u00e1usulas prohib\u00edan a los hoteles ofrecer sus habitaciones de forma m\u00e1s favorable en otras plataformas o incluso en su propia web. La Oficina Federal de la Competencia alemana declar\u00f3 ilegal esta pr\u00e1ctica en 2015. El caso est\u00e1 actualmente ante el Tribunal Federal de Justicia.<\/dd>\r\n          \r\n          <dt class=\"mti_font_element\"><i class=\"fa fa-angle-down\"><\/i> \u00bfCu\u00e1l es el trasfondo del bot\u00f3n de reserva no conforme de Booking.com?<\/dt>\r\n          <dd>Entre junio de 2014 y diciembre de 2022, el bot\u00f3n de reserva del sitio web Booking.com ten\u00eda la etiqueta \"reserva completa\". Como no hab\u00eda ninguna indicaci\u00f3n de que la reserva estaba sujeta a un cargo, el bot\u00f3n era incorrecto y la reserva no era conforme a Derecho. El Tribunal de Justicia de las Comunidades Europeas dictamin\u00f3 que las reservas realizadas durante ese periodo no eran v\u00e1lidas. Los hoteles que pagaron comisiones a Booking.com durante este periodo pueden reclamar la devoluci\u00f3n de su dinero.<\/dd>\r\n\r\n          <dt class=\"mti_font_element\"><i class=\"fa fa-angle-down\"><\/i> \u00bfTengo que pagar impuestos sobre los ingresos de la demanda?<\/dt>\r\n          <dd>No. Se trata de una indemnizaci\u00f3n por da\u00f1os y perjuicios, es decir, una compensaci\u00f3n por una p\u00e9rdida sufrida. Se trata de 100 % libres de impuestos.<\/dd>\r\n\r\n          <dt class=\"mti_font_element\"><i class=\"fa fa-angle-down\"><\/i> \u00bfHay garant\u00eda de costes?<\/dt>\r\n          <dd>S\u00ed, garantizamos que nuestro trabajo por adelantado es 100 % gratuito. Trabajamos exclusivamente en funci\u00f3n del \u00e9xito y nos guiamos por la cantidad que se gana al final. Cobramos una tarifa de costes fija del 35% por el trabajo realizado. <\/dd>\r\n        <\/dl>\r\n      <\/div>\r\n\r\n\r\n\r\n      \r\n      <div class=\"leistungenBox leistungenBoxRight\">\r\n        <dl class=\"accordion\">\r\n\t\t\t\t<dt class=\"mti_font_element\"><i class=\"fa fa-angle-down\"><\/i> \u00bfCu\u00e1ntos contactos tengo?<\/dt>\r\n          <dd>Cada cliente tiene un contacto personal que se ocupa del caso de principio a fin y coordina todos los dem\u00e1s contactos en segundo plano. Es una parte integral de nuestro servicio.<\/dd>\r\n          \r\n          <dt class=\"mti_font_element\"><i class=\"fa fa-angle-down\"><\/i> \u00bfQu\u00e9 bufete se encarga de las demandas?<\/dt>\r\n          <dd>El bufete de abogados G\u00f6rg. El renombrado y experimentado especialista en derecho antimonopolio.<\/dd>\r\n\r\n          <dt class=\"mti_font_element\"><i class=\"fa fa-angle-down\"><\/i> \u00bfQu\u00e9 pasar\u00eda si el caso se perdiera en los tribunales?<\/dt>\r\n          <dd>Usted, como cliente, no incurre en ning\u00fan coste. En caso de pleito perdido, simplemente no tendr\u00eda derecho a indemnizaci\u00f3n por da\u00f1os y perjuicios o no recibir\u00eda compensaci\u00f3n alguna. El riesgo del 100% recae exclusivamente en el prefinanciador de las costas judiciales. En este caso, perder\u00edan su inversi\u00f3n.<\/dd>\r\n\r\n          <dt class=\"mti_font_element\"><i class=\"fa fa-angle-down\"><\/i> \u00bfPuede booking.com poner fin a la cooperaci\u00f3n si emprendemos acciones legales?<\/dt>\r\n          <dd>En principio, booking.com no puede rescindir un contrato debido a sus propias violaciones legales si la queja est\u00e1 justificada. No obstante, si esto ocurriera, podr\u00eda ser relevante en virtud de la legislaci\u00f3n antimonopolio. En tal caso, podr\u00edamos examinar otras medidas legales, incluyendo posibles reclamaciones por da\u00f1os y perjuicios. <\/dd>\r\n        <\/dl>\r\n\r\n      <\/div>\r\n      \r\n    <\/div>\r\n<\/section>\n<\/div>\n<\/div>\n<\/div><\/div>","protected":false},"excerpt":{"rendered":"<p>Booking Angels.por tu derecho a indemnizaci\u00f3n. \u00bfTu negocio hotelero trabaj\u00f3 con Booking.com entre 2006 y 2022? Entonces est\u00e1s afectado por cl\u00e1usulas ilegales de mejor precio y\/o reservas online no conformes. En ambos casos, tienes derecho a una compensaci\u00f3n econ\u00f3mica. Te prestaremos todo nuestro apoyo y te prepararemos todos los documentos para que est\u00e9s listo para el juicio. Obtenga [...]<\/p>","protected":false},"author":11,"featured_media":0,"parent":0,"menu_order":0,"comment_status":"closed","ping_status":"closed","template":"","meta":{"_uag_custom_page_level_css":"","footnotes":""},"class_list":["post-8032","page","type-page","status-publish","hentry"],"uagb_featured_image_src":{"full":false,"thumbnail":false,"medium":false,"medium_large":false,"large":false,"1536x1536":false,"2048x2048":false,"trp-custom-language-flag":false},"uagb_author_info":{"display_name":"samuel","author_link":"https:\/\/claim-angels.com\/es\/author\/samuel\/"},"uagb_comment_info":0,"uagb_excerpt":"Booking Angels.F\u00fcr Ihr Recht auf Schadensersatz. Hat Ihr Hotellerie Betrieb zwischen 2006 und 2022 mit Booking.com zusammengearbeitet? Dann sind Sie von illegalen Bestpreisklauseln und\/oder nicht rechtskonformen Online-Buchungen betroffen. In beiden F\u00e4llen steht Ihnen eine finanzielle Entsch\u00e4digung zu. Wir unterst\u00fctzen Sie dabei in vollem Umfang und bereiten alle Unterlagen gerichtsfertig f\u00fcr Sie auf. Holen Sie sich&hellip;","_links":{"self":[{"href":"https:\/\/claim-angels.com\/es\/wp-json\/wp\/v2\/pages\/8032","targetHints":{"allow":["GET"]}}],"collection":[{"href":"https:\/\/claim-angels.com\/es\/wp-json\/wp\/v2\/pages"}],"about":[{"href":"https:\/\/claim-angels.com\/es\/wp-json\/wp\/v2\/types\/page"}],"author":[{"embeddable":true,"href":"https:\/\/claim-angels.com\/es\/wp-json\/wp\/v2\/users\/11"}],"replies":[{"embeddable":true,"href":"https:\/\/claim-angels.com\/es\/wp-json\/wp\/v2\/comments?post=8032"}],"version-history":[{"count":10,"href":"https:\/\/claim-angels.com\/es\/wp-json\/wp\/v2\/pages\/8032\/revisions"}],"predecessor-version":[{"id":8327,"href":"https:\/\/claim-angels.com\/es\/wp-json\/wp\/v2\/pages\/8032\/revisions\/8327"}],"wp:attachment":[{"href":"https:\/\/claim-angels.com\/es\/wp-json\/wp\/v2\/media?parent=8032"}],"curies":[{"name":"wp","href":"https:\/\/api.w.org\/{rel}","templated":true}]}}