{"id":7700,"date":"2025-02-20T14:09:01","date_gmt":"2025-02-20T13:09:01","guid":{"rendered":"https:\/\/claim-angels.com\/?page_id=7700"},"modified":"2025-03-14T11:27:19","modified_gmt":"2025-03-14T10:27:19","slug":"home","status":"publish","type":"page","link":"https:\/\/claim-angels.com\/en\/","title":{"rendered":"Home"},"content":{"rendered":"<div class=\"wp-block-cover alignfull has-parallax slider-wrapper has-base-color has-text-color has-link-color wp-elements-be8c2fbce78a1654fb6b99ad9f98ef0e\" style=\"margin-top:0;margin-bottom:0;padding-top:0;padding-right:var(--wp--preset--spacing--50);padding-bottom:0;padding-left:var(--wp--preset--spacing--50);min-height:100vh;aspect-ratio:unset;\"><span aria-hidden=\"true\" class=\"wp-block-cover__background has-contrast-background-color has-background-dim\"><\/span><div class=\"wp-block-cover__image-background wp-image-7680 has-parallax\" style=\"background-position:50% 50%;background-image:url(https:\/\/claim-angels.com\/wp-content\/uploads\/2025\/02\/hammer.jpg)\"><\/div><div class=\"wp-block-cover__inner-container has-global-padding is-layout-constrained wp-container-core-cover-is-layout-1 wp-block-cover-is-layout-constrained\">\n<div class=\"wp-block-group alignwide hl-wrapper is-layout-flow wp-block-group-is-layout-flow\">\n<div class=\"wp-block-uagb-advanced-heading uagb-block-fcfca36b\"><h1 class=\"uagb-heading-text\"><strong><strong>WELCOME TO<\/strong><br>CLAIM angels.<\/strong><\/h1><\/div>\n\n\n\n<div class=\"wp-block-uagb-advanced-heading uagb-block-baaac4d5\"><h1 class=\"uagb-heading-text\">Your partner for claims for damages in cartel cases.<\/h1><\/div>\n\n\n\n<div class=\"stoerer\">Compensation for damages<br>is tax-free!<\/div>\n<\/div>\n<\/div><\/div>\n\n\n\n<div class=\"wp-block-uagb-container uagb-block-11807894 default uagb-is-root-container\">\n<div class=\"wp-block-uagb-container uagb-block-7288466e default uagb-is-root-container\"><\/div>\n<\/div>\n\n\n\n<div class=\"wp-block-group alignfull is-style-section-5 has-base-background-color has-background has-global-padding is-layout-constrained wp-block-group-is-layout-constrained is-style-section-5--1\" style=\"margin-top:0;margin-bottom:0;padding-top:var(--wp--preset--spacing--60);padding-bottom:var(--wp--preset--spacing--60)\">\n<div class=\"wp-block-columns alignwide are-vertically-aligned-center is-layout-flex wp-container-core-columns-is-layout-1 wp-block-columns-is-layout-flex\">\n<div class=\"wp-block-column is-vertically-aligned-center is-layout-flow wp-block-column-is-layout-flow\" style=\"flex-basis:100%\">\n<div style=\"height:20px\" aria-hidden=\"true\" class=\"wp-block-spacer\"><\/div>\n\n\n\n<div class=\"wp-block-uagb-advanced-heading uagb-block-a8a1d8e1\"><h1 class=\"uagb-heading-text\"><strong>Claim Angels.<\/strong><br><strong>For your right to compensation<\/strong>.<\/h1><\/div>\n\n\n\n<div class=\"wp-block-uagb-advanced-heading uagb-block-0397d445\"><p class=\"uagb-heading-text\">Anti-competitive agreements are omnipresent throughout Europe. The victims are consumers and companies. We stand up for the affected buyers to help them obtain their rights: Compensation. You can rely on the expertise of Claim Angels and the legal experts at renowned international law firms.<\/p><\/div>\n<\/div>\n<\/div>\n<\/div>\n\n\n\n<div class=\"wp-block-uagb-container uagb-block-dd8ab561 alignfull uagb-is-root-container\"><div class=\"uagb-container-inner-blocks-wrap\">\n<div class=\"wp-block-uagb-container uagb-block-a68d28ab\">\n<div class=\"wp-block-uagb-container uagb-block-3f996c4f alignfull uagb-is-root-container\"><div class=\"uagb-container-inner-blocks-wrap\">\n<div class=\"wp-block-uagb-advanced-heading uagb-block-e1e7348d\"><h2 class=\"uagb-heading-text\"><strong><strong>Your advantages:<\/strong><\/strong><\/h2><\/div>\n<\/div><\/div>\n\n\n\n<div class=\"wp-block-uagb-container uagb-block-fc0f32a3 alignfull uagb-is-root-container\"><div class=\"uagb-container-inner-blocks-wrap\">\n<div class=\"wp-block-uagb-container uagb-block-f89e3252\">\n<div class=\"wp-block-uagb-info-box uagb-block-ac4e0511 uagb-infobox__content-wrap  uagb-infobox-icon-above-title uagb-infobox-image-valign-top\"><div class=\"uagb-ifb-content\"><div class=\"uagb-ifb-icon-wrap\"><svg xmlns=\"https:\/\/www.w3.org\/2000\/svg\" viewbox=\"0 0 512 512\"><path d=\"M0 256C0 114.6 114.6 0 256 0C397.4 0 512 114.6 512 256C512 397.4 397.4 512 256 512C114.6 512 0 397.4 0 256zM371.8 211.8C382.7 200.9 382.7 183.1 371.8 172.2C360.9 161.3 343.1 161.3 332.2 172.2L224 280.4L179.8 236.2C168.9 225.3 151.1 225.3 140.2 236.2C129.3 247.1 129.3 264.9 140.2 275.8L204.2 339.8C215.1 350.7 232.9 350.7 243.8 339.8L371.8 211.8z\"><\/path><\/svg><\/div><div class=\"uagb-ifb-title-wrap\"><h3 class=\"uagb-ifb-title\"><strong>Top law firms<\/strong><\/h3><\/div><p class=\"uagb-ifb-desc\">Specialised, international law firms stand up for your rights.<\/p><\/div><\/div>\n<\/div>\n\n\n\n<div class=\"wp-block-uagb-container uagb-block-7723ad00\">\n<div class=\"wp-block-uagb-info-box uagb-block-465d5f95 uagb-infobox__content-wrap  uagb-infobox-icon-above-title uagb-infobox-image-valign-top\"><div class=\"uagb-ifb-content\"><div class=\"uagb-ifb-icon-wrap\"><svg xmlns=\"https:\/\/www.w3.org\/2000\/svg\" viewbox=\"0 0 512 512\"><path d=\"M0 256C0 114.6 114.6 0 256 0C397.4 0 512 114.6 512 256C512 397.4 397.4 512 256 512C114.6 512 0 397.4 0 256zM371.8 211.8C382.7 200.9 382.7 183.1 371.8 172.2C360.9 161.3 343.1 161.3 332.2 172.2L224 280.4L179.8 236.2C168.9 225.3 151.1 225.3 140.2 236.2C129.3 247.1 129.3 264.9 140.2 275.8L204.2 339.8C215.1 350.7 232.9 350.7 243.8 339.8L371.8 211.8z\"><\/path><\/svg><\/div><div class=\"uagb-ifb-title-wrap\"><h3 class=\"uagb-ifb-title\"><strong><strong>Zero up-front costs<\/strong><\/strong><\/h3><\/div><p class=\"uagb-ifb-desc\">You will not incur any legal, expert or court costs.<\/p><\/div><\/div>\n<\/div>\n\n\n\n<div class=\"wp-block-uagb-container uagb-block-ae9095b5\">\n<div class=\"wp-block-uagb-info-box uagb-block-0bfcd9b2 uagb-infobox__content-wrap  uagb-infobox-icon-above-title uagb-infobox-image-valign-top\"><div class=\"uagb-ifb-content\"><div class=\"uagb-ifb-icon-wrap\"><svg xmlns=\"https:\/\/www.w3.org\/2000\/svg\" viewbox=\"0 0 512 512\"><path d=\"M0 256C0 114.6 114.6 0 256 0C397.4 0 512 114.6 512 256C512 397.4 397.4 512 256 512C114.6 512 0 397.4 0 256zM371.8 211.8C382.7 200.9 382.7 183.1 371.8 172.2C360.9 161.3 343.1 161.3 332.2 172.2L224 280.4L179.8 236.2C168.9 225.3 151.1 225.3 140.2 236.2C129.3 247.1 129.3 264.9 140.2 275.8L204.2 339.8C215.1 350.7 232.9 350.7 243.8 339.8L371.8 211.8z\"><\/path><\/svg><\/div><div class=\"uagb-ifb-title-wrap\"><h3 class=\"uagb-ifb-title\"><strong><strong>Zero risk<\/strong><\/strong><\/h3><\/div><p class=\"uagb-ifb-desc\">Even if you lose the case, you will not incur any costs.<\/p><\/div><\/div>\n<\/div>\n<\/div><\/div>\n\n\n\n<div class=\"wp-block-uagb-container uagb-block-21aa3b04 alignfull uagb-is-root-container\"><div class=\"uagb-container-inner-blocks-wrap\">\n<div class=\"wp-block-uagb-container uagb-block-8856c737\">\n<div class=\"wp-block-uagb-info-box uagb-block-7c47717a uagb-infobox__content-wrap  uagb-infobox-icon-above-title uagb-infobox-image-valign-top\"><div class=\"uagb-ifb-content\"><div class=\"uagb-ifb-icon-wrap\"><svg xmlns=\"https:\/\/www.w3.org\/2000\/svg\" viewbox=\"0 0 512 512\"><path d=\"M0 256C0 114.6 114.6 0 256 0C397.4 0 512 114.6 512 256C512 397.4 397.4 512 256 512C114.6 512 0 397.4 0 256zM371.8 211.8C382.7 200.9 382.7 183.1 371.8 172.2C360.9 161.3 343.1 161.3 332.2 172.2L224 280.4L179.8 236.2C168.9 225.3 151.1 225.3 140.2 236.2C129.3 247.1 129.3 264.9 140.2 275.8L204.2 339.8C215.1 350.7 232.9 350.7 243.8 339.8L371.8 211.8z\"><\/path><\/svg><\/div><div class=\"uagb-ifb-title-wrap\"><h3 class=\"uagb-ifb-title\"><strong><strong>Zero taxes<\/strong><\/strong><\/h3><\/div><p class=\"uagb-ifb-desc\">Compensation is generally 100 per cent tax-free.<\/p><\/div><\/div>\n<\/div>\n\n\n\n<div class=\"wp-block-uagb-container uagb-block-05de833a\">\n<div class=\"wp-block-uagb-info-box uagb-block-8803e211 uagb-infobox__content-wrap  uagb-infobox-icon-above-title uagb-infobox-image-valign-top\"><div class=\"uagb-ifb-content\"><div class=\"uagb-ifb-icon-wrap\"><svg xmlns=\"https:\/\/www.w3.org\/2000\/svg\" viewbox=\"0 0 512 512\"><path d=\"M0 256C0 114.6 114.6 0 256 0C397.4 0 512 114.6 512 256C512 397.4 397.4 512 256 512C114.6 512 0 397.4 0 256zM371.8 211.8C382.7 200.9 382.7 183.1 371.8 172.2C360.9 161.3 343.1 161.3 332.2 172.2L224 280.4L179.8 236.2C168.9 225.3 151.1 225.3 140.2 236.2C129.3 247.1 129.3 264.9 140.2 275.8L204.2 339.8C215.1 350.7 232.9 350.7 243.8 339.8L371.8 211.8z\"><\/path><\/svg><\/div><div class=\"uagb-ifb-title-wrap\"><h3 class=\"uagb-ifb-title\"><strong><strong><strong>Little effort<\/strong><\/strong><\/strong><\/h3><\/div><p class=\"uagb-ifb-desc\">We check your documents and prepare them for court.<\/p><\/div><\/div>\n<\/div>\n\n\n\n<div class=\"wp-block-uagb-container uagb-block-2d6c4e7b\">\n<div class=\"wp-block-uagb-info-box uagb-block-59fdf74c uagb-infobox__content-wrap  uagb-infobox-icon-above-title uagb-infobox-image-valign-top\"><div class=\"uagb-ifb-content\"><div class=\"uagb-ifb-icon-wrap\"><svg xmlns=\"https:\/\/www.w3.org\/2000\/svg\" viewbox=\"0 0 512 512\"><path d=\"M0 256C0 114.6 114.6 0 256 0C397.4 0 512 114.6 512 256C512 397.4 397.4 512 256 512C114.6 512 0 397.4 0 256zM371.8 211.8C382.7 200.9 382.7 183.1 371.8 172.2C360.9 161.3 343.1 161.3 332.2 172.2L224 280.4L179.8 236.2C168.9 225.3 151.1 225.3 140.2 236.2C129.3 247.1 129.3 264.9 140.2 275.8L204.2 339.8C215.1 350.7 232.9 350.7 243.8 339.8L371.8 211.8z\"><\/path><\/svg><\/div><div class=\"uagb-ifb-title-wrap\"><h3 class=\"uagb-ifb-title\"><strong><strong><strong>Performance-related payment<\/strong><\/strong><\/strong><\/h3><\/div><p class=\"uagb-ifb-desc\">We only charge an expense fee if the process is successful.<\/p><\/div><\/div>\n<\/div>\n<\/div><\/div>\n<\/div>\n<\/div><\/div>\n\n\n\n<div data-aos= \"fade-up\" data-aos-duration=\"400\" data-aos-delay=\"0\" data-aos-easing=\"ease\" data-aos-once=\"true\" class=\"wp-block-uagb-container uagb-block-70a9d085 alignfull uagb-is-root-container\">\n<div class=\"wp-block-uagb-container uagb-block-7510963e alignfull uagb-is-root-container\"><div class=\"uagb-container-inner-blocks-wrap\">\n<div data-aos= \"fade-right\" data-aos-duration=\"400\" data-aos-delay=\"0\" data-aos-easing=\"ease\" data-aos-once=\"true\" class=\"wp-block-uagb-container uagb-block-3c170e52\">\n<div class=\"wp-block-uagb-advanced-heading uagb-block-fdff8c48\"><h3 class=\"uagb-heading-text\"><strong>In these cases, we will stand up for you:<\/strong><\/h3><\/div>\n<\/div>\n<\/div><\/div>\n\n\n\n<div class=\"wp-block-uagb-container uagb-block-0c1ebed8 alignfull uagb-is-root-container\"><div class=\"uagb-container-inner-blocks-wrap\">\n<div data-aos= \"fade-right\" data-aos-duration=\"400\" data-aos-delay=\"0\" data-aos-easing=\"ease\" data-aos-once=\"true\" class=\"wp-block-uagb-container uagb-block-5a650293\">\n<div class=\"wp-block-uagb-advanced-heading uagb-block-12dff741\"><h3 class=\"uagb-heading-text\"><strong>Truck Angels<\/strong><\/h3><\/div>\n\n\n\n<div class=\"wp-block-uagb-advanced-heading uagb-block-9fc591be\"><p class=\"uagb-heading-text\"><strong>Lorry cartel: your right to compensation<\/strong><br>Did you purchase or lease a new lorry between 1998 and 2013? Then you are affected by the so-called lorry cartel. In this case, you are entitled to financial compensation - including interest - amounting to 10 -15 % of the original net purchase price per vehicle.<\/p><\/div>\n\n\n\n<div class=\"wp-block-uagb-buttons uagb-buttons__outer-wrap uagb-btn__default-btn uagb-btn-tablet__default-btn uagb-btn-mobile__default-btn uagb-block-7faab96d\"><div class=\"uagb-buttons__wrap uagb-buttons-layout-wrap\">\n<div class=\"wp-block-uagb-buttons-child uagb-buttons__outer-wrap uagb-block-063b5f64 wp-block-button\"><div class=\"uagb-button__wrapper\"><a class=\"uagb-buttons-repeater wp-block-button__link\" aria-label=\"\" href=\"\/en\/truck-angels\/\" rel=\"follow noopener\" target=\"_self\" role=\"button\"><div class=\"uagb-button__link\">Learn more<\/div><\/a><\/div><\/div>\n<\/div><\/div>\n<\/div>\n\n\n\n<div class=\"wp-block-uagb-container uagb-block-b302a8d0\">\n<div data-aos= \"fade-left\" data-aos-duration=\"400\" data-aos-delay=\"0\" data-aos-easing=\"ease\" data-aos-once=\"true\" class=\"wp-block-uagb-container uagb-block-b684e8b3\"><\/div>\n<\/div>\n<\/div><\/div>\n\n\n\n<div class=\"wp-block-uagb-container uagb-block-d27f95db alignfull uagb-is-root-container\"><div class=\"uagb-container-inner-blocks-wrap\">\n<div class=\"wp-block-uagb-container uagb-block-0b9f06fe\">\n<div data-aos= \"fade-right\" data-aos-duration=\"400\" data-aos-delay=\"0\" data-aos-easing=\"ease\" data-aos-once=\"true\" class=\"wp-block-uagb-container uagb-block-337637c4\"><\/div>\n<\/div>\n\n\n\n<div data-aos= \"fade-left\" data-aos-duration=\"400\" data-aos-delay=\"0\" data-aos-easing=\"ease\" data-aos-once=\"true\" class=\"wp-block-uagb-container uagb-block-b11c8216\">\n<div class=\"wp-block-uagb-advanced-heading uagb-block-37b38446\"><h3 class=\"uagb-heading-text\"><strong><strong>Booking Angels<\/strong><\/strong><\/h3><\/div>\n\n\n\n<div class=\"wp-block-uagb-advanced-heading uagb-block-16c200dd\"><p class=\"uagb-heading-text\"><strong>Illegal best price clauses and bookings with Booking.com<\/strong><br>Was your hotel booked via Booking.com between 2006 and 2022? Then you are entitled to financial claims! Illegal best price clauses and unauthorised booking practices have affected many hoteliers. We help you to enforce your rights - professionally, comprehensively and prepared for court.&nbsp;<\/p><\/div>\n\n\n\n<div class=\"wp-block-uagb-buttons uagb-buttons__outer-wrap uagb-btn__default-btn uagb-btn-tablet__default-btn uagb-btn-mobile__default-btn uagb-block-8d242ef5\"><div class=\"uagb-buttons__wrap uagb-buttons-layout-wrap\">\n<div class=\"wp-block-uagb-buttons-child uagb-buttons__outer-wrap uagb-block-3896df69 wp-block-button\"><div class=\"uagb-button__wrapper\"><a class=\"uagb-buttons-repeater wp-block-button__link\" aria-label=\"\" href=\"\/en\/booking-angels\/\" rel=\"follow noopener\" target=\"_self\" role=\"button\"><div class=\"uagb-button__link\">Learn more<\/div><\/a><\/div><\/div>\n<\/div><\/div>\n<\/div>\n<\/div><\/div>\n<\/div>\n\n\n\n<div class=\"wp-block-uagb-container uagb-block-983105a7 alignfull uagb-is-root-container\"><div class=\"uagb-container-inner-blocks-wrap\">\n<div class=\"wp-block-group alignfull has-global-padding is-layout-constrained wp-container-core-group-is-layout-4 wp-block-group-is-layout-constrained\" style=\"margin-top:0;margin-bottom:0;padding-right:0;padding-left:0\">\n<div class=\"wp-block-group alignwide is-layout-flow wp-container-core-group-is-layout-3 wp-block-group-is-layout-flow\" style=\"padding-top:var(--wp--preset--spacing--50);padding-bottom:var(--wp--preset--spacing--50)\">\n<div class=\"wp-block-uagb-advanced-heading uagb-block-e9f46c34\"><h2 class=\"uagb-heading-text\">Frequently asked questions<\/h2><\/div>\n\n\n<section class=\"leistungenWrapper mti_font_element\">\r\n  \r\n    <div class=\"leistungen basicWidth mti_font_element\">\r\n      <h3 class=\"mti_font_element\"><\/h3>\r\n      \r\n      <div class=\"leistungenBox mti_font_element\">\r\n        <dl class=\"accordion mti_font_element\">\r\n\r\n\r\n\r\n\r\n\r\n          <dt class=\"mti_font_element\"><i class=\"fa fa-angle-down\"><\/i> Who will represent my interests in court?<\/dt>\r\n            <dd>           \r\n              Specialised, international law firms stand up for your rights.\r\n            <\/dd>\r\n\r\n\r\n          <dt class=\"mti_font_element\"><i class=\"fa fa-angle-down\"><\/i> Are there any costs for me in advance?<\/dt>\r\n            <dd>           \r\n              No. There are no costs for you in advance. You will not have to pay any lawyer's fees, expert witness fees or court costs.\r\n            <\/dd>            \r\n\r\n\r\n          <dt class=\"mti_font_element\"><i class=\"fa fa-angle-down\"><\/i> What happens if the case is lost?<\/dt>\r\n            <dd>\r\n              You will not incur any costs in this case either. The risk is 100% with us.\r\n            <\/dd>\r\n\r\n\r\n        <\/dl>\r\n      <\/div>\r\n\r\n\r\n      \r\n      <div class=\"leistungenBox leistungenBoxRight\">\r\n        <dl class=\"accordion\">\r\n\r\n\t\t      <dt class=\"mti_font_element\"><i class=\"fa fa-angle-down\"><\/i> Do I have to pay tax on the compensation?<\/dt>\r\n            <dd>\r\n              No, compensation is generally 100 % tax-free.\r\n          <\/dd>\r\n\r\n          \r\n          <dt class=\"mti_font_element\"><i class=\"fa fa-angle-down\"><\/i> How high is my expenditure?<\/dt>\r\n          <dd>\r\n            Minimal - we check your documents and prepare them completely ready for court with our experts.\r\n          <\/dd>\r\n\r\n\r\n          \r\n          <dt class=\"mti_font_element\"><i class=\"fa fa-angle-down\"><\/i> When do I have to pay?<\/dt>\r\n          <dd>\r\n            We only charge a success fee if the outcome of the case is successful.\r\n          <\/dd>\r\n        <\/dl>\r\n\r\n      <\/div>\r\n      \r\n    <\/div>\r\n<\/section>\n<\/div>\n<\/div>\n<\/div><\/div>","protected":false},"excerpt":{"rendered":"<p>Claim Angels.for your right to compensation. Anti-competitive agreements are omnipresent throughout Europe. The victims are consumers and companies. We stand up for the affected buyers to help them obtain their rights: Compensation. You can rely on the expertise of Claim Angels and the legal experts at renowned international law firms. Your advantages: In these [...]<\/p>","protected":false},"author":11,"featured_media":0,"parent":0,"menu_order":0,"comment_status":"closed","ping_status":"closed","template":"","meta":{"_uag_custom_page_level_css":"","footnotes":""},"class_list":["post-7700","page","type-page","status-publish","hentry"],"uagb_featured_image_src":{"full":false,"thumbnail":false,"medium":false,"medium_large":false,"large":false,"1536x1536":false,"2048x2048":false,"trp-custom-language-flag":false},"uagb_author_info":{"display_name":"samuel","author_link":"https:\/\/claim-angels.com\/en\/author\/samuel\/"},"uagb_comment_info":0,"uagb_excerpt":"Claim Angels.F\u00fcr Ihr Recht auf Entsch\u00e4digung. Wettbewerbswidrige Absprachen sind in ganz Europa allgegenw\u00e4rtig. Opfer sind die Konsumenten und Unternehmen. Wir machen uns f\u00fcr die betroffenen K\u00e4ufer stark, um ihnen zu ihrem guten Recht zu verhelfen: Schadensersatz. Vertrauen Sie auf das Know-how der Claim Angels und der Rechtsexperten in renommierten, internationalen Anwaltskanzleien. Ihre Vorteile: In diesen&hellip;","_links":{"self":[{"href":"https:\/\/claim-angels.com\/en\/wp-json\/wp\/v2\/pages\/7700","targetHints":{"allow":["GET"]}}],"collection":[{"href":"https:\/\/claim-angels.com\/en\/wp-json\/wp\/v2\/pages"}],"about":[{"href":"https:\/\/claim-angels.com\/en\/wp-json\/wp\/v2\/types\/page"}],"author":[{"embeddable":true,"href":"https:\/\/claim-angels.com\/en\/wp-json\/wp\/v2\/users\/11"}],"replies":[{"embeddable":true,"href":"https:\/\/claim-angels.com\/en\/wp-json\/wp\/v2\/comments?post=7700"}],"version-history":[{"count":10,"href":"https:\/\/claim-angels.com\/en\/wp-json\/wp\/v2\/pages\/7700\/revisions"}],"predecessor-version":[{"id":8361,"href":"https:\/\/claim-angels.com\/en\/wp-json\/wp\/v2\/pages\/7700\/revisions\/8361"}],"wp:attachment":[{"href":"https:\/\/claim-angels.com\/en\/wp-json\/wp\/v2\/media?parent=7700"}],"curies":[{"name":"wp","href":"https:\/\/api.w.org\/{rel}","templated":true}]}}